{"id":5893,"date":"2025-10-15T15:39:33","date_gmt":"2025-10-15T15:39:33","guid":{"rendered":"https:\/\/fex.net.br\/produto\/barra-de-acero-redonda\/"},"modified":"2025-10-15T15:39:33","modified_gmt":"2025-10-15T15:39:33","slug":"barra-de-acero-redonda","status":"publish","type":"product","link":"https:\/\/fex.net.br\/es\/produto\/barra-de-acero-redonda\/","title":{"rendered":"Barra de acero redonda"},"content":{"rendered":"<p><b>Caracter\u00edsticas t\u00e9cnicas y ventajas<\/b><\/p>\n<table>\n<tbody>\n<tr>\n<td>Caracter\u00edstica esencial<\/td>\n<td>Detalles t\u00e9cnicos y ventajas en el campo<\/td>\n<\/tr>\n<tr>\n<td>Alta resistencia mec\u00e1nica<\/td>\n<td>Excelente resistencia a la fluencia y a la tracci\u00f3n, ideal para soportar altas cargas est\u00e1ticas y din\u00e1micas (compresi\u00f3n, flexi\u00f3n y torsi\u00f3n).<\/td>\n<\/tr>\n<tr>\n<td>Aptitud para el Procesamiento<\/td>\n<td>Acero con una composici\u00f3n qu\u00edmica adecuada para tratamientos t\u00e9rmicos (temple y revenido), logrando la dureza y tenacidad necesarias.<\/td>\n<\/tr>\n<tr>\n<td>Buena maquinabilidad<\/td>\n<td>Permite procesos de mecanizado complejos, como torneado y fresado, esenciales para crear ejes y cig\u00fce\u00f1ales con tolerancias ajustadas.<\/td>\n<\/tr>\n<tr>\n<td>Durabilidad comprobada<\/td>\n<td>Garantiza la longevidad de los componentes cr\u00edticos, reduciendo la necesidad de mantenimiento frecuente en m\u00e1quinas y veh\u00edculos.<\/td>\n<\/tr>\n<\/tbody>\n<\/table>\n<p><b>Aplicaciones t\u00edpicas por industria<\/b><\/p>\n<table>\n<tbody>\n<tr>\n<td>Sector Industrial<\/td>\n<td>Componentes Manufacturados<\/td>\n<\/tr>\n<tr>\n<td>Sector Industrial<\/td>\n<td>Componentes Manufacturados<\/td>\n<\/tr>\n<tr>\n<td>Maquinaria agr\u00edcola y pesada<\/td>\n<td>Ejes de implementos, pi\u00f1ones, rodillos, tirantes y componentes de alta fricci\u00f3n.<\/td>\n<\/tr>\n<tr>\n<td>Industria general<\/td>\n<td>Barras de acoplamiento, husillos de m\u00e1quinas, ejes de bombas y piezas estructurales mecanizadas.<\/td>\n<\/tr>\n<\/tbody>\n<\/table>\n","protected":false},"excerpt":{"rendered":"<p>Barras de acero para alta tensi\u00f3n mec\u00e1nica<br \/>Las barras de acero son materias primas esenciales para la industria de maquinaria y equipos, y se utilizan en la fabricaci\u00f3n de componentes cr\u00edticos sometidos a alta tensi\u00f3n mec\u00e1nica, fatiga y torsi\u00f3n.<br \/>Este material, generalmente acero al carbono o acero aleado para procesamiento (como SAE 1045 o 4140), se suministra en perfiles s\u00f3lidos (redondos, cuadrados, etc.) para su mecanizado en piezas de precisi\u00f3n.<\/p>\n","protected":false},"featured_media":5885,"comment_status":"closed","ping_status":"closed","template":"","meta":[],"product_brand":[],"product_cat":[283],"product_tag":[],"class_list":{"0":"post-5893","1":"product","2":"type-product","3":"status-publish","4":"has-post-thumbnail","6":"product_cat-industria","7":"ts_product_brand-indu-fex","9":"first","10":"instock","11":"shipping-taxable","12":"product-type-simple"},"yoast_head":"<!-- This site is optimized with the Yoast SEO plugin v27.3 - https:\/\/yoast.com\/product\/yoast-seo-wordpress\/ -->\n<title>Barra de acero redonda - Fex<\/title>\n<meta name=\"robots\" content=\"index, follow, max-snippet:-1, max-image-preview:large, max-video-preview:-1\" \/>\n<link rel=\"canonical\" href=\"https:\/\/fex.net.br\/es\/produto\/barra-de-acero-redonda\/\" \/>\n<meta property=\"og:locale\" content=\"es_ES\" \/>\n<meta property=\"og:type\" content=\"article\" \/>\n<meta property=\"og:title\" content=\"Barra de acero redonda - Fex\" \/>\n<meta property=\"og:description\" content=\"Barras de acero para alta tensi\u00f3n mec\u00e1nicaLas barras de acero son materias primas esenciales para la industria de maquinaria y equipos, y se utilizan en la fabricaci\u00f3n de componentes cr\u00edticos sometidos a alta tensi\u00f3n mec\u00e1nica, fatiga y torsi\u00f3n.Este material, generalmente acero al carbono o acero aleado para procesamiento (como SAE 1045 o 4140), se suministra en perfiles s\u00f3lidos (redondos, cuadrados, etc.) para su mecanizado en piezas de precisi\u00f3n.\" \/>\n<meta property=\"og:url\" content=\"https:\/\/fex.net.br\/es\/produto\/barra-de-acero-redonda\/\" \/>\n<meta property=\"og:site_name\" content=\"Fex\" \/>\n<meta property=\"og:image\" content=\"https:\/\/fex.net.br\/wp-content\/uploads\/2025\/10\/barra-sextavada.jpg\" \/>\n\t<meta property=\"og:image:width\" content=\"1080\" \/>\n\t<meta property=\"og:image:height\" content=\"1080\" \/>\n\t<meta property=\"og:image:type\" content=\"image\/jpeg\" \/>\n<meta name=\"twitter:card\" content=\"summary_large_image\" \/>\n<meta name=\"twitter:label1\" content=\"Tiempo de lectura\" \/>\n\t<meta name=\"twitter:data1\" content=\"1 minuto\" \/>\n<script type=\"application\/ld+json\" class=\"yoast-schema-graph\">{\"@context\":\"https:\\\/\\\/schema.org\",\"@graph\":[{\"@type\":\"WebPage\",\"@id\":\"https:\\\/\\\/fex.net.br\\\/es\\\/produto\\\/barra-de-acero-redonda\\\/\",\"url\":\"https:\\\/\\\/fex.net.br\\\/es\\\/produto\\\/barra-de-acero-redonda\\\/\",\"name\":\"Barra de acero redonda - Fex\",\"isPartOf\":{\"@id\":\"https:\\\/\\\/fex.net.br\\\/#website\"},\"primaryImageOfPage\":{\"@id\":\"https:\\\/\\\/fex.net.br\\\/es\\\/produto\\\/barra-de-acero-redonda\\\/#primaryimage\"},\"image\":{\"@id\":\"https:\\\/\\\/fex.net.br\\\/es\\\/produto\\\/barra-de-acero-redonda\\\/#primaryimage\"},\"thumbnailUrl\":\"https:\\\/\\\/fex.net.br\\\/wp-content\\\/uploads\\\/2025\\\/10\\\/barra-sextavada.jpg\",\"datePublished\":\"2025-10-15T15:39:33+00:00\",\"breadcrumb\":{\"@id\":\"https:\\\/\\\/fex.net.br\\\/es\\\/produto\\\/barra-de-acero-redonda\\\/#breadcrumb\"},\"inLanguage\":\"es\",\"potentialAction\":[{\"@type\":\"ReadAction\",\"target\":[\"https:\\\/\\\/fex.net.br\\\/es\\\/produto\\\/barra-de-acero-redonda\\\/\"]}]},{\"@type\":\"ImageObject\",\"inLanguage\":\"es\",\"@id\":\"https:\\\/\\\/fex.net.br\\\/es\\\/produto\\\/barra-de-acero-redonda\\\/#primaryimage\",\"url\":\"https:\\\/\\\/fex.net.br\\\/wp-content\\\/uploads\\\/2025\\\/10\\\/barra-sextavada.jpg\",\"contentUrl\":\"https:\\\/\\\/fex.net.br\\\/wp-content\\\/uploads\\\/2025\\\/10\\\/barra-sextavada.jpg\",\"width\":1080,\"height\":1080},{\"@type\":\"BreadcrumbList\",\"@id\":\"https:\\\/\\\/fex.net.br\\\/es\\\/produto\\\/barra-de-acero-redonda\\\/#breadcrumb\",\"itemListElement\":[{\"@type\":\"ListItem\",\"position\":1,\"name\":\"In\u00edcio\",\"item\":\"https:\\\/\\\/fex.net.br\\\/es\\\/\"},{\"@type\":\"ListItem\",\"position\":2,\"name\":\"Tienda\",\"item\":\"https:\\\/\\\/fex.net.br\\\/es\\\/tienda\\\/\"},{\"@type\":\"ListItem\",\"position\":3,\"name\":\"Barra de acero redonda\"}]},{\"@type\":\"WebSite\",\"@id\":\"https:\\\/\\\/fex.net.br\\\/#website\",\"url\":\"https:\\\/\\\/fex.net.br\\\/\",\"name\":\"Fex\",\"description\":\"Ferro e A\u00e7o\",\"potentialAction\":[{\"@type\":\"SearchAction\",\"target\":{\"@type\":\"EntryPoint\",\"urlTemplate\":\"https:\\\/\\\/fex.net.br\\\/?s={search_term_string}\"},\"query-input\":{\"@type\":\"PropertyValueSpecification\",\"valueRequired\":true,\"valueName\":\"search_term_string\"}}],\"inLanguage\":\"es\"}]}<\/script>\n<!-- \/ Yoast SEO plugin. -->","yoast_head_json":{"title":"Barra de acero redonda - Fex","robots":{"index":"index","follow":"follow","max-snippet":"max-snippet:-1","max-image-preview":"max-image-preview:large","max-video-preview":"max-video-preview:-1"},"canonical":"https:\/\/fex.net.br\/es\/produto\/barra-de-acero-redonda\/","og_locale":"es_ES","og_type":"article","og_title":"Barra de acero redonda - Fex","og_description":"Barras de acero para alta tensi\u00f3n mec\u00e1nicaLas barras de acero son materias primas esenciales para la industria de maquinaria y equipos, y se utilizan en la fabricaci\u00f3n de componentes cr\u00edticos sometidos a alta tensi\u00f3n mec\u00e1nica, fatiga y torsi\u00f3n.Este material, generalmente acero al carbono o acero aleado para procesamiento (como SAE 1045 o 4140), se suministra en perfiles s\u00f3lidos (redondos, cuadrados, etc.) para su mecanizado en piezas de precisi\u00f3n.","og_url":"https:\/\/fex.net.br\/es\/produto\/barra-de-acero-redonda\/","og_site_name":"Fex","og_image":[{"width":1080,"height":1080,"url":"https:\/\/fex.net.br\/wp-content\/uploads\/2025\/10\/barra-sextavada.jpg","type":"image\/jpeg"}],"twitter_card":"summary_large_image","twitter_misc":{"Tiempo de lectura":"1 minuto"},"schema":{"@context":"https:\/\/schema.org","@graph":[{"@type":"WebPage","@id":"https:\/\/fex.net.br\/es\/produto\/barra-de-acero-redonda\/","url":"https:\/\/fex.net.br\/es\/produto\/barra-de-acero-redonda\/","name":"Barra de acero redonda - Fex","isPartOf":{"@id":"https:\/\/fex.net.br\/#website"},"primaryImageOfPage":{"@id":"https:\/\/fex.net.br\/es\/produto\/barra-de-acero-redonda\/#primaryimage"},"image":{"@id":"https:\/\/fex.net.br\/es\/produto\/barra-de-acero-redonda\/#primaryimage"},"thumbnailUrl":"https:\/\/fex.net.br\/wp-content\/uploads\/2025\/10\/barra-sextavada.jpg","datePublished":"2025-10-15T15:39:33+00:00","breadcrumb":{"@id":"https:\/\/fex.net.br\/es\/produto\/barra-de-acero-redonda\/#breadcrumb"},"inLanguage":"es","potentialAction":[{"@type":"ReadAction","target":["https:\/\/fex.net.br\/es\/produto\/barra-de-acero-redonda\/"]}]},{"@type":"ImageObject","inLanguage":"es","@id":"https:\/\/fex.net.br\/es\/produto\/barra-de-acero-redonda\/#primaryimage","url":"https:\/\/fex.net.br\/wp-content\/uploads\/2025\/10\/barra-sextavada.jpg","contentUrl":"https:\/\/fex.net.br\/wp-content\/uploads\/2025\/10\/barra-sextavada.jpg","width":1080,"height":1080},{"@type":"BreadcrumbList","@id":"https:\/\/fex.net.br\/es\/produto\/barra-de-acero-redonda\/#breadcrumb","itemListElement":[{"@type":"ListItem","position":1,"name":"In\u00edcio","item":"https:\/\/fex.net.br\/es\/"},{"@type":"ListItem","position":2,"name":"Tienda","item":"https:\/\/fex.net.br\/es\/tienda\/"},{"@type":"ListItem","position":3,"name":"Barra de acero redonda"}]},{"@type":"WebSite","@id":"https:\/\/fex.net.br\/#website","url":"https:\/\/fex.net.br\/","name":"Fex","description":"Ferro e A\u00e7o","potentialAction":[{"@type":"SearchAction","target":{"@type":"EntryPoint","urlTemplate":"https:\/\/fex.net.br\/?s={search_term_string}"},"query-input":{"@type":"PropertyValueSpecification","valueRequired":true,"valueName":"search_term_string"}}],"inLanguage":"es"}]}},"_links":{"self":[{"href":"https:\/\/fex.net.br\/es\/wp-json\/wp\/v2\/product\/5893","targetHints":{"allow":["GET"]}}],"collection":[{"href":"https:\/\/fex.net.br\/es\/wp-json\/wp\/v2\/product"}],"about":[{"href":"https:\/\/fex.net.br\/es\/wp-json\/wp\/v2\/types\/product"}],"replies":[{"embeddable":true,"href":"https:\/\/fex.net.br\/es\/wp-json\/wp\/v2\/comments?post=5893"}],"wp:featuredmedia":[{"embeddable":true,"href":"https:\/\/fex.net.br\/es\/wp-json\/wp\/v2\/media\/5885"}],"wp:attachment":[{"href":"https:\/\/fex.net.br\/es\/wp-json\/wp\/v2\/media?parent=5893"}],"wp:term":[{"taxonomy":"product_brand","embeddable":true,"href":"https:\/\/fex.net.br\/es\/wp-json\/wp\/v2\/product_brand?post=5893"},{"taxonomy":"product_cat","embeddable":true,"href":"https:\/\/fex.net.br\/es\/wp-json\/wp\/v2\/product_cat?post=5893"},{"taxonomy":"product_tag","embeddable":true,"href":"https:\/\/fex.net.br\/es\/wp-json\/wp\/v2\/product_tag?post=5893"}],"curies":[{"name":"wp","href":"https:\/\/api.w.org\/{rel}","templated":true}]}}