{"id":5886,"date":"2025-10-15T15:22:55","date_gmt":"2025-10-15T15:22:55","guid":{"rendered":"https:\/\/fex.net.br\/produto\/barra-de-acero-cuadrada\/"},"modified":"2025-10-15T15:22:55","modified_gmt":"2025-10-15T15:22:55","slug":"barra-de-acero-cuadrada","status":"publish","type":"product","link":"https:\/\/fex.net.br\/es\/produto\/barra-de-acero-cuadrada\/","title":{"rendered":"Barra de acero cuadrada"},"content":{"rendered":"<p><b>Solicitudes y requisitos t\u00e9cnicos<\/b><\/p>\n<p><span style=\"font-weight: 400;\">Este material est\u00e1 compuesto por aceros de alta calidad, dise\u00f1ados para soportar altos esfuerzos mec\u00e1nicos, torsi\u00f3n y fatiga.<\/span><\/p>\n<ul>\n<li style=\"font-weight: 400;\" aria-level=\"1\">Objetivo principal: Fabricaci\u00f3n de piezas con altos requerimientos de esfuerzo mec\u00e1nico y precisi\u00f3n dimensional.<\/li>\n<li style=\"font-weight: 400;\" aria-level=\"1\">Componentes cr\u00edticos: Materia prima esencial para la producci\u00f3n de:\n<ul>\n<li style=\"font-weight: 400;\" aria-level=\"2\"><b>Ejes<\/b><\/li>\n<li style=\"font-weight: 400;\" aria-level=\"2\"><b>Bielas<\/b><\/li>\n<li style=\"font-weight: 400;\" aria-level=\"2\"><b>Virabrequins<\/b><\/li>\n<li style=\"font-weight: 400;\" aria-level=\"2\"><span style=\"font-weight: 400;\">Herramientas y componentes de fijaci\u00f3n que requieren perfiles no circulares.<\/span><\/li>\n<\/ul>\n<\/li>\n<\/ul>\n<p><b>Sectores de uso<\/b><\/p>\n<p><span style=\"font-weight: 400;\">Su robustez y fiabilidad lo hacen indispensable en los siguientes segmentos:<\/span><\/p>\n<table>\n<tbody>\n<tr>\n<td>Industria<\/td>\n<td>Funci\u00f3n en el componente<\/td>\n<\/tr>\n<tr>\n<td>Automotriz<\/td>\n<td>Piezas internas de motores y sistemas de transmisi\u00f3n.<\/td>\n<\/tr>\n<tr>\n<td>Agr\u00edcola<\/td>\n<td>Ejes de transmisi\u00f3n y componentes resistentes al desgaste para tractores e implementos.<\/td>\n<\/tr>\n<tr>\n<td>Maquinaria y Equipo<\/td>\n<td>Fabricaci\u00f3n de gu\u00edas, herramientas y piezas estructurales para maquinaria pesada e industrial.<\/td>\n<\/tr>\n<\/tbody>\n<\/table>\n<p><span style=\"font-weight: 400;\">La geometr\u00eda cuadrada proporciona una excelente \u00e1rea de contacto para soldar y unir, garantizando la integridad y durabilidad del producto final.<\/span><\/p>\n","protected":false},"excerpt":{"rendered":"<p>Barra de acero cuadrada: Especificaciones y aplicaciones<br \/>La barra de acero cuadrada es un perfil s\u00f3lido ampliamente utilizado en la industria por su alta resistencia estructural y facilidad de montaje, lo que la hace ideal para aplicaciones que requieren fijaci\u00f3n o transmisi\u00f3n de par.<\/p>\n","protected":false},"featured_media":5885,"comment_status":"closed","ping_status":"closed","template":"","meta":[],"product_brand":[],"product_cat":[283],"product_tag":[],"class_list":{"0":"post-5886","1":"product","2":"type-product","3":"status-publish","4":"has-post-thumbnail","6":"product_cat-industria","7":"ts_product_brand-indu-fex","9":"first","10":"instock","11":"shipping-taxable","12":"product-type-simple"},"yoast_head":"<!-- This site is optimized with the Yoast SEO plugin v27.3 - https:\/\/yoast.com\/product\/yoast-seo-wordpress\/ -->\n<title>Barra de acero cuadrada - Fex<\/title>\n<meta name=\"robots\" content=\"index, follow, max-snippet:-1, max-image-preview:large, max-video-preview:-1\" \/>\n<link rel=\"canonical\" href=\"https:\/\/fex.net.br\/produto\/barra-de-aco-quadrada\/\" \/>\n<meta property=\"og:locale\" content=\"es_ES\" \/>\n<meta property=\"og:type\" content=\"article\" \/>\n<meta property=\"og:title\" content=\"Barra de acero cuadrada - Fex\" \/>\n<meta property=\"og:description\" content=\"Barra de acero cuadrada: Especificaciones y aplicacionesLa barra de acero cuadrada es un perfil s\u00f3lido ampliamente utilizado en la industria por su alta resistencia estructural y facilidad de montaje, lo que la hace ideal para aplicaciones que requieren fijaci\u00f3n o transmisi\u00f3n de par.\" \/>\n<meta property=\"og:url\" content=\"https:\/\/fex.net.br\/produto\/barra-de-aco-quadrada\/\" \/>\n<meta property=\"og:site_name\" content=\"Fex\" \/>\n<meta property=\"og:image\" content=\"https:\/\/fex.net.br\/wp-content\/uploads\/2025\/10\/barra-sextavada.jpg\" \/>\n\t<meta property=\"og:image:width\" content=\"1080\" \/>\n\t<meta property=\"og:image:height\" content=\"1080\" \/>\n\t<meta property=\"og:image:type\" content=\"image\/jpeg\" \/>\n<meta name=\"twitter:card\" content=\"summary_large_image\" \/>\n<meta name=\"twitter:label1\" content=\"Tiempo de lectura\" \/>\n\t<meta name=\"twitter:data1\" content=\"1 minuto\" \/>\n<script type=\"application\/ld+json\" class=\"yoast-schema-graph\">{\"@context\":\"https:\\\/\\\/schema.org\",\"@graph\":[{\"@type\":\"WebPage\",\"@id\":\"https:\\\/\\\/fex.net.br\\\/produto\\\/barra-de-aco-quadrada\\\/\",\"url\":\"https:\\\/\\\/fex.net.br\\\/produto\\\/barra-de-aco-quadrada\\\/\",\"name\":\"Barra de acero cuadrada - Fex\",\"isPartOf\":{\"@id\":\"https:\\\/\\\/fex.net.br\\\/#website\"},\"primaryImageOfPage\":{\"@id\":\"https:\\\/\\\/fex.net.br\\\/produto\\\/barra-de-aco-quadrada\\\/#primaryimage\"},\"image\":{\"@id\":\"https:\\\/\\\/fex.net.br\\\/produto\\\/barra-de-aco-quadrada\\\/#primaryimage\"},\"thumbnailUrl\":\"https:\\\/\\\/fex.net.br\\\/wp-content\\\/uploads\\\/2025\\\/10\\\/barra-sextavada.jpg\",\"datePublished\":\"2025-10-15T15:22:55+00:00\",\"breadcrumb\":{\"@id\":\"https:\\\/\\\/fex.net.br\\\/produto\\\/barra-de-aco-quadrada\\\/#breadcrumb\"},\"inLanguage\":\"es\",\"potentialAction\":[{\"@type\":\"ReadAction\",\"target\":[\"https:\\\/\\\/fex.net.br\\\/produto\\\/barra-de-aco-quadrada\\\/\"]}]},{\"@type\":\"ImageObject\",\"inLanguage\":\"es\",\"@id\":\"https:\\\/\\\/fex.net.br\\\/produto\\\/barra-de-aco-quadrada\\\/#primaryimage\",\"url\":\"https:\\\/\\\/fex.net.br\\\/wp-content\\\/uploads\\\/2025\\\/10\\\/barra-sextavada.jpg\",\"contentUrl\":\"https:\\\/\\\/fex.net.br\\\/wp-content\\\/uploads\\\/2025\\\/10\\\/barra-sextavada.jpg\",\"width\":1080,\"height\":1080},{\"@type\":\"BreadcrumbList\",\"@id\":\"https:\\\/\\\/fex.net.br\\\/produto\\\/barra-de-aco-quadrada\\\/#breadcrumb\",\"itemListElement\":[{\"@type\":\"ListItem\",\"position\":1,\"name\":\"In\u00edcio\",\"item\":\"https:\\\/\\\/fex.net.br\\\/es\\\/\"},{\"@type\":\"ListItem\",\"position\":2,\"name\":\"Tienda\",\"item\":\"https:\\\/\\\/fex.net.br\\\/es\\\/tienda\\\/\"},{\"@type\":\"ListItem\",\"position\":3,\"name\":\"Barra de acero cuadrada\"}]},{\"@type\":\"WebSite\",\"@id\":\"https:\\\/\\\/fex.net.br\\\/#website\",\"url\":\"https:\\\/\\\/fex.net.br\\\/\",\"name\":\"Fex\",\"description\":\"Ferro e A\u00e7o\",\"potentialAction\":[{\"@type\":\"SearchAction\",\"target\":{\"@type\":\"EntryPoint\",\"urlTemplate\":\"https:\\\/\\\/fex.net.br\\\/?s={search_term_string}\"},\"query-input\":{\"@type\":\"PropertyValueSpecification\",\"valueRequired\":true,\"valueName\":\"search_term_string\"}}],\"inLanguage\":\"es\"}]}<\/script>\n<!-- \/ Yoast SEO plugin. -->","yoast_head_json":{"title":"Barra de acero cuadrada - Fex","robots":{"index":"index","follow":"follow","max-snippet":"max-snippet:-1","max-image-preview":"max-image-preview:large","max-video-preview":"max-video-preview:-1"},"canonical":"https:\/\/fex.net.br\/produto\/barra-de-aco-quadrada\/","og_locale":"es_ES","og_type":"article","og_title":"Barra de acero cuadrada - Fex","og_description":"Barra de acero cuadrada: Especificaciones y aplicacionesLa barra de acero cuadrada es un perfil s\u00f3lido ampliamente utilizado en la industria por su alta resistencia estructural y facilidad de montaje, lo que la hace ideal para aplicaciones que requieren fijaci\u00f3n o transmisi\u00f3n de par.","og_url":"https:\/\/fex.net.br\/produto\/barra-de-aco-quadrada\/","og_site_name":"Fex","og_image":[{"width":1080,"height":1080,"url":"https:\/\/fex.net.br\/wp-content\/uploads\/2025\/10\/barra-sextavada.jpg","type":"image\/jpeg"}],"twitter_card":"summary_large_image","twitter_misc":{"Tiempo de lectura":"1 minuto"},"schema":{"@context":"https:\/\/schema.org","@graph":[{"@type":"WebPage","@id":"https:\/\/fex.net.br\/produto\/barra-de-aco-quadrada\/","url":"https:\/\/fex.net.br\/produto\/barra-de-aco-quadrada\/","name":"Barra de acero cuadrada - Fex","isPartOf":{"@id":"https:\/\/fex.net.br\/#website"},"primaryImageOfPage":{"@id":"https:\/\/fex.net.br\/produto\/barra-de-aco-quadrada\/#primaryimage"},"image":{"@id":"https:\/\/fex.net.br\/produto\/barra-de-aco-quadrada\/#primaryimage"},"thumbnailUrl":"https:\/\/fex.net.br\/wp-content\/uploads\/2025\/10\/barra-sextavada.jpg","datePublished":"2025-10-15T15:22:55+00:00","breadcrumb":{"@id":"https:\/\/fex.net.br\/produto\/barra-de-aco-quadrada\/#breadcrumb"},"inLanguage":"es","potentialAction":[{"@type":"ReadAction","target":["https:\/\/fex.net.br\/produto\/barra-de-aco-quadrada\/"]}]},{"@type":"ImageObject","inLanguage":"es","@id":"https:\/\/fex.net.br\/produto\/barra-de-aco-quadrada\/#primaryimage","url":"https:\/\/fex.net.br\/wp-content\/uploads\/2025\/10\/barra-sextavada.jpg","contentUrl":"https:\/\/fex.net.br\/wp-content\/uploads\/2025\/10\/barra-sextavada.jpg","width":1080,"height":1080},{"@type":"BreadcrumbList","@id":"https:\/\/fex.net.br\/produto\/barra-de-aco-quadrada\/#breadcrumb","itemListElement":[{"@type":"ListItem","position":1,"name":"In\u00edcio","item":"https:\/\/fex.net.br\/es\/"},{"@type":"ListItem","position":2,"name":"Tienda","item":"https:\/\/fex.net.br\/es\/tienda\/"},{"@type":"ListItem","position":3,"name":"Barra de acero cuadrada"}]},{"@type":"WebSite","@id":"https:\/\/fex.net.br\/#website","url":"https:\/\/fex.net.br\/","name":"Fex","description":"Ferro e A\u00e7o","potentialAction":[{"@type":"SearchAction","target":{"@type":"EntryPoint","urlTemplate":"https:\/\/fex.net.br\/?s={search_term_string}"},"query-input":{"@type":"PropertyValueSpecification","valueRequired":true,"valueName":"search_term_string"}}],"inLanguage":"es"}]}},"_links":{"self":[{"href":"https:\/\/fex.net.br\/es\/wp-json\/wp\/v2\/product\/5886","targetHints":{"allow":["GET"]}}],"collection":[{"href":"https:\/\/fex.net.br\/es\/wp-json\/wp\/v2\/product"}],"about":[{"href":"https:\/\/fex.net.br\/es\/wp-json\/wp\/v2\/types\/product"}],"replies":[{"embeddable":true,"href":"https:\/\/fex.net.br\/es\/wp-json\/wp\/v2\/comments?post=5886"}],"wp:featuredmedia":[{"embeddable":true,"href":"https:\/\/fex.net.br\/es\/wp-json\/wp\/v2\/media\/5885"}],"wp:attachment":[{"href":"https:\/\/fex.net.br\/es\/wp-json\/wp\/v2\/media?parent=5886"}],"wp:term":[{"taxonomy":"product_brand","embeddable":true,"href":"https:\/\/fex.net.br\/es\/wp-json\/wp\/v2\/product_brand?post=5886"},{"taxonomy":"product_cat","embeddable":true,"href":"https:\/\/fex.net.br\/es\/wp-json\/wp\/v2\/product_cat?post=5886"},{"taxonomy":"product_tag","embeddable":true,"href":"https:\/\/fex.net.br\/es\/wp-json\/wp\/v2\/product_tag?post=5886"}],"curies":[{"name":"wp","href":"https:\/\/api.w.org\/{rel}","templated":true}]}}