{"id":5878,"date":"2025-10-13T05:20:04","date_gmt":"2025-10-13T05:20:04","guid":{"rendered":"https:\/\/fex.net.br\/produto\/revestimiento-de-cangilones-de-acero-hardox\/"},"modified":"2025-10-13T05:20:04","modified_gmt":"2025-10-13T05:20:04","slug":"revestimiento-de-cangilones-de-acero-hardox","status":"publish","type":"product","link":"https:\/\/fex.net.br\/es\/produto\/revestimiento-de-cangilones-de-acero-hardox\/","title":{"rendered":"Revestimiento de cangilones de acero Hardox"},"content":{"rendered":"<p><b>\u00bfQu\u00e9 hace que Hardox sea especial?<\/b><\/p>\n<p>La caracter\u00edstica principal de Hardox es su combinaci\u00f3n de alta dureza y alta tenacidad.<\/p>\n<ol>\n<li style=\"font-weight: 400;\" aria-level=\"1\">Alta dureza: La dureza se mide en la escala Brinell (HB) y suele oscilar entre 400 HB y 600 HB. Esto significa que la superficie del acero es extremadamente resistente a la penetraci\u00f3n, el raspado y la abrasi\u00f3n de materiales como mineral de hierro, roca, arena y chatarra.<\/li>\n<li style=\"font-weight: 400;\" aria-level=\"1\">Alta tenacidad: A pesar de su dureza, Hardox ofrece una excelente resistencia al impacto y no se quiebra ni agrieta f\u00e1cilmente. Esta propiedad es crucial en contenedores sujetos a fuertes ca\u00eddas de material y vibraciones constantes.<\/li>\n<\/ol>\n<p><b>Beneficios del revestimiento de cangilones Hardox<\/b><\/p>\n<p><span style=\"font-weight: 400;\">La sustituci\u00f3n de aceros al carbono comunes o de baja aleaci\u00f3n por Hardox aporta importantes ventajas operativas y financieras:<\/span><\/p>\n<ol>\n<li><b> Vida \u00fatil extendida<\/b><\/li>\n<\/ol>\n<p>El principal beneficio es el dr\u00e1stico aumento de la vida \u00fatil del cangil\u00f3n. En entornos abrasivos, un revestimiento Hardox puede durar de dos a cinco veces m\u00e1s que el acero estructural est\u00e1ndar, lo que reduce la frecuencia de reemplazo del equipo.<\/p>\n<ol start=\"2\">\n<li><b> Redu\u00e7\u00e3o de Peso (Payload AumentadaReducci\u00f3n de peso (mayor carga \u00fatil)<\/b><\/li>\n<\/ol>\n<p><span style=\"font-weight: 400;\">Dado que Hardox es mucho m\u00e1s resistente, se pueden utilizar placas m\u00e1s delgadas para lograr una resistencia al desgaste igual o incluso mayor que las placas m\u00e1s gruesas de acero convencional. Un cangil\u00f3n m\u00e1s ligero permite: <\/span><\/p>\n<ul>\n<li style=\"font-weight: 400;\" aria-level=\"1\">Mayor carga \u00fatil: el cami\u00f3n puede transportar m\u00e1s material por viaje.<\/li>\n<li style=\"font-weight: 400;\" aria-level=\"1\">Menor consumo de combustible: con menos peso muerto, la eficiencia energ\u00e9tica mejora.<\/li>\n<\/ul>\n<ol start=\"3\">\n<li><b> Menos mantenimiento y tiempo de inactividad<\/b><\/li>\n<\/ol>\n<p>El recubrimiento es m\u00e1s resistente a abolladuras y perforaciones, lo que reduce la necesidad de reparaciones frecuentes. Un menor tiempo de mantenimiento se traduce en un mayor tiempo de funcionamiento del equipo y, en consecuencia, una mayor productividad.<\/p>\n<ol start=\"4\">\n<li><b> Mejor flujo de materiales<\/b><\/li>\n<\/ol>\n<p><span style=\"font-weight: 400;\">Algunas placas Hardox, como la l\u00ednea \u201cTuf\u201d, tienen una superficie que puede ser menos adherente a materiales h\u00famedos o arcillosos, facilitando el flujo del material durante la inclinaci\u00f3n (el llamado \u201cefecto Hardox\u201d).<\/span><\/p>\n<p><b>Tipos y aplicaciones comunes<\/b><\/p>\n<p><span style=\"font-weight: 400;\">Hardox se ofrece en varias clases de dureza para adaptarse a diferentes necesidades:<\/span><\/p>\n<table>\n<tbody>\n<tr>\n<td>Grau Hardox<\/td>\n<td>Dureza Brinell (HBW)<\/td>\n<td>Aplica\u00e7\u00f5es T\u00edpicas<\/td>\n<\/tr>\n<tr>\n<td>Hardox 400<\/td>\n<td>370\u2013430<\/td>\n<td>Carrocer\u00edas de camiones, hormigoneras, contenedores ligeros.<\/td>\n<\/tr>\n<tr>\n<td>Hardox 450<\/td>\n<td>425\u2013475<\/td>\n<td>El grado m\u00e1s com\u00fan y vers\u00e1til. Camiones, cucharones de excavadoras y cargadoras de ruedas.<\/td>\n<\/tr>\n<tr>\n<td>Hardox 500<\/td>\n<td>470\u2013530<\/td>\n<td>Revestimientos de cangilones sujetos a desgaste extremo, piezas de dragado.<\/td>\n<\/tr>\n<tr>\n<td>Hardox 550 \/ 600<\/td>\n<td>525\u2013600+<\/td>\n<td>Aplicaciones donde el desgaste por deslizamiento es el factor principal, aplastando piezas.<\/td>\n<\/tr>\n<\/tbody>\n<\/table>\n<p><b>Aplicaciones de revestimiento de cangilones:<\/b><\/p>\n<ul>\n<li style=\"font-weight: 400;\" aria-level=\"1\">Miner\u00eda: Transporte de minerales de alta densidad y rocas explosivas.<\/li>\n<li style=\"font-weight: 400;\" aria-level=\"1\">Construcci\u00f3n Pesada: Carga y transporte de \u00e1ridos y demolici\u00f3n.<\/li>\n<li style=\"font-weight: 400;\" aria-level=\"1\"><b>Reciclagem e Sucata:<\/b><span style=\"font-weight: 400;\"> Ca\u00e7ambas que manuseiam metais, vidro e outros res\u00edduos altamente abrasivos.<\/span><\/li>\n<\/ul>\n<p><b>Consideraciones de instalaci\u00f3n<\/b><\/p>\n<p><span style=\"font-weight: 400;\">La instalaci\u00f3n de un recubrimiento Hardox debe ser realizada por profesionales, ya que requiere t\u00e9cnicas de mecanizado y soldadura espec\u00edficas debido a la alta dureza del material:<\/span><\/p>\n<ul>\n<li style=\"font-weight: 400;\" aria-level=\"1\">Soldadura: Requiere precalentamiento y el uso de consumibles espec\u00edficos (generalmente de bajo contenido de hidr\u00f3geno) para mantener la integridad del material.<\/li>\n<li style=\"font-weight: 400;\" aria-level=\"1\">Fijaci\u00f3n mec\u00e1nica: En algunos casos, el revestimiento se atornilla al cuerpo principal del cuchar\u00f3n para permitir un reemplazo m\u00e1s r\u00e1pido en el futuro.<\/li>\n<li style=\"font-weight: 400;\" aria-level=\"1\">Espesor: La elecci\u00f3n del espesor ideal (calibre) depende del tipo de material a transportar, la altura de ca\u00edda y el volumen del cuchar\u00f3n. El objetivo es utilizar el espesor m\u00ednimo que garantice la resistencia al desgaste necesaria para reducir el peso.<\/li>\n<\/ul>\n<p>&nbsp;<\/p>\n","protected":false},"excerpt":{"rendered":"<p>Revestimiento de cangilones de acero Hardox: Alto rendimiento antidesgaste<br \/>El acero Hardox es una marca registrada de SSAB (Svenska St\u00e5l AB) y representa una l\u00ednea de aceros resistentes al desgaste y la abrasi\u00f3n con una tenacidad y dureza extremadamente altas. El uso de Hardox como revestimiento en cangilones de camiones y equipos es esencial en industrias donde el material transportado causa fricci\u00f3n e impactos severos.<\/p>\n","protected":false},"featured_media":5205,"comment_status":"closed","ping_status":"closed","template":"","meta":[],"product_brand":[],"product_cat":[282],"product_tag":[],"class_list":{"0":"post-5878","1":"product","2":"type-product","3":"status-publish","4":"has-post-thumbnail","6":"product_cat-mineria","7":"ts_product_brand-mineria-fex","9":"first","10":"instock","11":"shipping-taxable","12":"product-type-simple"},"yoast_head":"<!-- This site is optimized with the Yoast SEO plugin v27.3 - https:\/\/yoast.com\/product\/yoast-seo-wordpress\/ -->\n<title>Revestimiento de cangilones de acero Hardox - Fex<\/title>\n<meta name=\"robots\" content=\"index, follow, max-snippet:-1, max-image-preview:large, max-video-preview:-1\" \/>\n<link rel=\"canonical\" href=\"https:\/\/fex.net.br\/produto\/revestimento-de-cacamba\/\" \/>\n<meta property=\"og:locale\" content=\"es_ES\" \/>\n<meta property=\"og:type\" content=\"article\" \/>\n<meta property=\"og:title\" content=\"Revestimiento de cangilones de acero Hardox - Fex\" \/>\n<meta property=\"og:description\" content=\"Revestimiento de cangilones de acero Hardox: Alto rendimiento antidesgasteEl acero Hardox es una marca registrada de SSAB (Svenska St\u00e5l AB) y representa una l\u00ednea de aceros resistentes al desgaste y la abrasi\u00f3n con una tenacidad y dureza extremadamente altas. El uso de Hardox como revestimiento en cangilones de camiones y equipos es esencial en industrias donde el material transportado causa fricci\u00f3n e impactos severos.\" \/>\n<meta property=\"og:url\" content=\"https:\/\/fex.net.br\/produto\/revestimento-de-cacamba\/\" \/>\n<meta property=\"og:site_name\" content=\"Fex\" \/>\n<meta property=\"og:image\" content=\"https:\/\/fex.net.br\/wp-content\/uploads\/2025\/10\/REVESTIMENTO-CACAMBA-1.png\" \/>\n\t<meta property=\"og:image:width\" content=\"1080\" \/>\n\t<meta property=\"og:image:height\" content=\"1080\" \/>\n\t<meta property=\"og:image:type\" content=\"image\/png\" \/>\n<meta name=\"twitter:card\" content=\"summary_large_image\" \/>\n<meta name=\"twitter:label1\" content=\"Tiempo de lectura\" \/>\n\t<meta name=\"twitter:data1\" content=\"3 minutos\" \/>\n<script type=\"application\/ld+json\" class=\"yoast-schema-graph\">{\"@context\":\"https:\\\/\\\/schema.org\",\"@graph\":[{\"@type\":\"WebPage\",\"@id\":\"https:\\\/\\\/fex.net.br\\\/produto\\\/revestimento-de-cacamba\\\/\",\"url\":\"https:\\\/\\\/fex.net.br\\\/produto\\\/revestimento-de-cacamba\\\/\",\"name\":\"Revestimiento de cangilones de acero Hardox - Fex\",\"isPartOf\":{\"@id\":\"https:\\\/\\\/fex.net.br\\\/#website\"},\"primaryImageOfPage\":{\"@id\":\"https:\\\/\\\/fex.net.br\\\/produto\\\/revestimento-de-cacamba\\\/#primaryimage\"},\"image\":{\"@id\":\"https:\\\/\\\/fex.net.br\\\/produto\\\/revestimento-de-cacamba\\\/#primaryimage\"},\"thumbnailUrl\":\"https:\\\/\\\/fex.net.br\\\/wp-content\\\/uploads\\\/2025\\\/10\\\/REVESTIMENTO-CACAMBA-1.png\",\"datePublished\":\"2025-10-13T05:20:04+00:00\",\"breadcrumb\":{\"@id\":\"https:\\\/\\\/fex.net.br\\\/produto\\\/revestimento-de-cacamba\\\/#breadcrumb\"},\"inLanguage\":\"es\",\"potentialAction\":[{\"@type\":\"ReadAction\",\"target\":[\"https:\\\/\\\/fex.net.br\\\/produto\\\/revestimento-de-cacamba\\\/\"]}]},{\"@type\":\"ImageObject\",\"inLanguage\":\"es\",\"@id\":\"https:\\\/\\\/fex.net.br\\\/produto\\\/revestimento-de-cacamba\\\/#primaryimage\",\"url\":\"https:\\\/\\\/fex.net.br\\\/wp-content\\\/uploads\\\/2025\\\/10\\\/REVESTIMENTO-CACAMBA-1.png\",\"contentUrl\":\"https:\\\/\\\/fex.net.br\\\/wp-content\\\/uploads\\\/2025\\\/10\\\/REVESTIMENTO-CACAMBA-1.png\",\"width\":1080,\"height\":1080},{\"@type\":\"BreadcrumbList\",\"@id\":\"https:\\\/\\\/fex.net.br\\\/produto\\\/revestimento-de-cacamba\\\/#breadcrumb\",\"itemListElement\":[{\"@type\":\"ListItem\",\"position\":1,\"name\":\"In\u00edcio\",\"item\":\"https:\\\/\\\/fex.net.br\\\/es\\\/\"},{\"@type\":\"ListItem\",\"position\":2,\"name\":\"Tienda\",\"item\":\"https:\\\/\\\/fex.net.br\\\/es\\\/tienda\\\/\"},{\"@type\":\"ListItem\",\"position\":3,\"name\":\"Revestimiento de cangilones de acero Hardox\"}]},{\"@type\":\"WebSite\",\"@id\":\"https:\\\/\\\/fex.net.br\\\/#website\",\"url\":\"https:\\\/\\\/fex.net.br\\\/\",\"name\":\"Fex\",\"description\":\"Ferro e A\u00e7o\",\"potentialAction\":[{\"@type\":\"SearchAction\",\"target\":{\"@type\":\"EntryPoint\",\"urlTemplate\":\"https:\\\/\\\/fex.net.br\\\/?s={search_term_string}\"},\"query-input\":{\"@type\":\"PropertyValueSpecification\",\"valueRequired\":true,\"valueName\":\"search_term_string\"}}],\"inLanguage\":\"es\"}]}<\/script>\n<!-- \/ Yoast SEO plugin. -->","yoast_head_json":{"title":"Revestimiento de cangilones de acero Hardox - Fex","robots":{"index":"index","follow":"follow","max-snippet":"max-snippet:-1","max-image-preview":"max-image-preview:large","max-video-preview":"max-video-preview:-1"},"canonical":"https:\/\/fex.net.br\/produto\/revestimento-de-cacamba\/","og_locale":"es_ES","og_type":"article","og_title":"Revestimiento de cangilones de acero Hardox - Fex","og_description":"Revestimiento de cangilones de acero Hardox: Alto rendimiento antidesgasteEl acero Hardox es una marca registrada de SSAB (Svenska St\u00e5l AB) y representa una l\u00ednea de aceros resistentes al desgaste y la abrasi\u00f3n con una tenacidad y dureza extremadamente altas. El uso de Hardox como revestimiento en cangilones de camiones y equipos es esencial en industrias donde el material transportado causa fricci\u00f3n e impactos severos.","og_url":"https:\/\/fex.net.br\/produto\/revestimento-de-cacamba\/","og_site_name":"Fex","og_image":[{"width":1080,"height":1080,"url":"https:\/\/fex.net.br\/wp-content\/uploads\/2025\/10\/REVESTIMENTO-CACAMBA-1.png","type":"image\/png"}],"twitter_card":"summary_large_image","twitter_misc":{"Tiempo de lectura":"3 minutos"},"schema":{"@context":"https:\/\/schema.org","@graph":[{"@type":"WebPage","@id":"https:\/\/fex.net.br\/produto\/revestimento-de-cacamba\/","url":"https:\/\/fex.net.br\/produto\/revestimento-de-cacamba\/","name":"Revestimiento de cangilones de acero Hardox - Fex","isPartOf":{"@id":"https:\/\/fex.net.br\/#website"},"primaryImageOfPage":{"@id":"https:\/\/fex.net.br\/produto\/revestimento-de-cacamba\/#primaryimage"},"image":{"@id":"https:\/\/fex.net.br\/produto\/revestimento-de-cacamba\/#primaryimage"},"thumbnailUrl":"https:\/\/fex.net.br\/wp-content\/uploads\/2025\/10\/REVESTIMENTO-CACAMBA-1.png","datePublished":"2025-10-13T05:20:04+00:00","breadcrumb":{"@id":"https:\/\/fex.net.br\/produto\/revestimento-de-cacamba\/#breadcrumb"},"inLanguage":"es","potentialAction":[{"@type":"ReadAction","target":["https:\/\/fex.net.br\/produto\/revestimento-de-cacamba\/"]}]},{"@type":"ImageObject","inLanguage":"es","@id":"https:\/\/fex.net.br\/produto\/revestimento-de-cacamba\/#primaryimage","url":"https:\/\/fex.net.br\/wp-content\/uploads\/2025\/10\/REVESTIMENTO-CACAMBA-1.png","contentUrl":"https:\/\/fex.net.br\/wp-content\/uploads\/2025\/10\/REVESTIMENTO-CACAMBA-1.png","width":1080,"height":1080},{"@type":"BreadcrumbList","@id":"https:\/\/fex.net.br\/produto\/revestimento-de-cacamba\/#breadcrumb","itemListElement":[{"@type":"ListItem","position":1,"name":"In\u00edcio","item":"https:\/\/fex.net.br\/es\/"},{"@type":"ListItem","position":2,"name":"Tienda","item":"https:\/\/fex.net.br\/es\/tienda\/"},{"@type":"ListItem","position":3,"name":"Revestimiento de cangilones de acero Hardox"}]},{"@type":"WebSite","@id":"https:\/\/fex.net.br\/#website","url":"https:\/\/fex.net.br\/","name":"Fex","description":"Ferro e A\u00e7o","potentialAction":[{"@type":"SearchAction","target":{"@type":"EntryPoint","urlTemplate":"https:\/\/fex.net.br\/?s={search_term_string}"},"query-input":{"@type":"PropertyValueSpecification","valueRequired":true,"valueName":"search_term_string"}}],"inLanguage":"es"}]}},"_links":{"self":[{"href":"https:\/\/fex.net.br\/es\/wp-json\/wp\/v2\/product\/5878","targetHints":{"allow":["GET"]}}],"collection":[{"href":"https:\/\/fex.net.br\/es\/wp-json\/wp\/v2\/product"}],"about":[{"href":"https:\/\/fex.net.br\/es\/wp-json\/wp\/v2\/types\/product"}],"replies":[{"embeddable":true,"href":"https:\/\/fex.net.br\/es\/wp-json\/wp\/v2\/comments?post=5878"}],"wp:featuredmedia":[{"embeddable":true,"href":"https:\/\/fex.net.br\/es\/wp-json\/wp\/v2\/media\/5205"}],"wp:attachment":[{"href":"https:\/\/fex.net.br\/es\/wp-json\/wp\/v2\/media?parent=5878"}],"wp:term":[{"taxonomy":"product_brand","embeddable":true,"href":"https:\/\/fex.net.br\/es\/wp-json\/wp\/v2\/product_brand?post=5878"},{"taxonomy":"product_cat","embeddable":true,"href":"https:\/\/fex.net.br\/es\/wp-json\/wp\/v2\/product_cat?post=5878"},{"taxonomy":"product_tag","embeddable":true,"href":"https:\/\/fex.net.br\/es\/wp-json\/wp\/v2\/product_tag?post=5878"}],"curies":[{"name":"wp","href":"https:\/\/api.w.org\/{rel}","templated":true}]}}