{"id":5869,"date":"2025-10-13T05:16:11","date_gmt":"2025-10-13T05:16:11","guid":{"rendered":"https:\/\/fex.net.br\/produto\/hormigonera-hardox\/"},"modified":"2025-10-13T05:16:11","modified_gmt":"2025-10-13T05:16:11","slug":"hormigonera-hardox","status":"publish","type":"product","link":"https:\/\/fex.net.br\/es\/produto\/hormigonera-hardox\/","title":{"rendered":"Hormigonera Hardox"},"content":{"rendered":"<p><b>Fabricaci\u00f3n personalizada seg\u00fan sus necesidades<\/b><\/p>\n<p>Entendemos que cada operaci\u00f3n y m\u00e1quina tiene especificaciones \u00fanicas. Por lo tanto, ofrecemos un servicio de fabricaci\u00f3n a medida, adaptado con precisi\u00f3n a las necesidades de nuestros clientes y a las caracter\u00edsticas t\u00e9cnicas del equipo donde se instalar\u00e1 la mezcladora.<\/p>\n<p><span style=\"font-weight: 400;\">Nuestro equipo t\u00e9cnico trabaja en estrecha colaboraci\u00f3n con usted para definir las dimensiones, los espesores y la geometr\u00eda ideales, garantizando un ajuste perfecto y la m\u00e1xima eficiencia de mezcla. Este enfoque personalizado garantiza: <\/span><\/p>\n<ol>\n<li style=\"font-weight: 400;\" aria-level=\"1\">Ajuste perfecto: elimina errores de ajuste y tensiones innecesarias en la estructura.<\/li>\n<li style=\"font-weight: 400;\" aria-level=\"1\">Rendimiento optimizado: Geometr\u00eda adaptada para el mejor rendimiento de mezcla y descarga.<\/li>\n<li style=\"font-weight: 400;\" aria-level=\"1\">Retorno de la inversi\u00f3n: Un mezclador que dura m\u00e1s, hecho a medida de su realidad operativa.<\/li>\n<\/ol>\n<p><span style=\"font-weight: 400;\">Invierta en la resistencia y precisi\u00f3n de la HORMIGONADORA fabricada con Acero HARDOX y eleve el est\u00e1ndar de confiabilidad y durabilidad de su flota.<\/span><\/p>\n<p>&nbsp;<\/p>\n<p><b>CURVAS Y TRANSICIONES: Durabilidad y precisi\u00f3n a medida<\/b><\/p>\n<p><span style=\"font-weight: 400;\">Al operar equipos pesados \u200b\u200by manipular materiales abrasivos, la falla de componentes cr\u00edticos como curvas y transiciones puede paralizar toda la l\u00ednea de producci\u00f3n.<\/span><\/p>\n<p><span style=\"font-weight: 400;\">\u00c9 por isso que a <\/span><b>qualidade e a resist\u00eancia<\/b><span style=\"font-weight: 400;\"> do material s\u00e3o inegoci\u00e1veis.<\/span><\/p>\n<p><b>La resistencia imbatible del acero HARDOX<\/b><\/p>\n<p>Nuestras curvas y transiciones est\u00e1n fabricadas exclusivamente con Acero HARDOX, referencia mundial en placas resistentes al desgaste.<\/p>\n<p>HARDOX no es solo un acero; es la garant\u00eda de que sus piezas tendr\u00e1n una vida \u00fatil significativamente m\u00e1s larga, resistiendo la fricci\u00f3n, el impacto y la abrasi\u00f3n en los entornos m\u00e1s hostiles. Esto se traduce en:<\/p>\n<ul>\n<li style=\"font-weight: 400;\" aria-level=\"1\">Reducci\u00f3n de costos: Menos reemplazos de piezas y menos costos de mantenimiento.<\/li>\n<li style=\"font-weight: 400;\" aria-level=\"1\">Mayor productividad: menor tiempo de inactividad del equipo.<\/li>\n<li style=\"font-weight: 400;\" aria-level=\"1\">Confiabilidad: Componentes que soportan la presi\u00f3n diaria de su operaci\u00f3n.<\/li>\n<\/ul>\n<p><b>Soluciones a medida, ajuste perfecto<\/b><\/p>\n<p>Entendemos que cada m\u00e1quina y proyecto tiene requisitos \u00fanicos. Por eso, ofrecemos un proceso de fabricaci\u00f3n totalmente personalizado.<\/p>\n<p><span style=\"font-weight: 400;\">Trabajamos en estrecha colaboraci\u00f3n con nuestros clientes para desarrollar piezas que se adapten perfectamente a sus necesidades, garantizando la m\u00e1xima eficiencia y rendimiento.<\/span><\/p>\n<p><b>Nuestros productos est\u00e1n elaborados seg\u00fan:<\/b><\/p>\n<ol>\n<li style=\"font-weight: 400;\" aria-level=\"1\">Sus especificaciones t\u00e9cnicas: curvatura exacta, espesor y \u00e1ngulo requeridos.<\/li>\n<li style=\"font-weight: 400;\" aria-level=\"1\">Tu Dise\u00f1o Exclusivo: Adapt\u00e1ndonos a las dimensiones y distribuciones de tus equipos.<\/li>\n<\/ol>\n<p><b>Garantice el mejor rendimiento<\/b><\/p>\n<p><span style=\"font-weight: 400;\">Invierta en la durabilidad y precisi\u00f3n que su negocio exige. Cont\u00e1ctenos sobre su proyecto de curvas y transiciones de acero HARDOX. <\/span><\/p>\n<p><b>Ponte en contacto con nosotros y solicita un presupuesto detallado<\/b><\/p>\n","protected":false},"excerpt":{"rendered":"<p><b>MEZCLADORA DE HORMIG\u00d3N HARDOX: Durabilidad extrema y rendimiento personalizado<\/b><\/p>\n<p>La Hormigonera es m\u00e1s que un componente: es una soluci\u00f3n de ingenier\u00eda dise\u00f1ada para soportar los entornos m\u00e1s hostiles. Sabemos que la manipulaci\u00f3n de hormig\u00f3n, \u00e1ridos y materiales abrasivos requiere la m\u00e1xima resistencia, por lo que nuestro producto se fabrica \u00edntegramente en acero HARDOX.<\/p>\n<p><span style=\"font-weight: 400;\">Este material de primera clase es reconocido por su excepcional dureza y resistencia, lo que garantiza que su mezcladora resista el desgaste constante y los fuertes impactos t\u00edpicos de las operaciones de mezclado de alto rendimiento. Al elegir el acero HARDOX, invierte en una vida \u00fatil significativamente m\u00e1s larga para su equipo, reduciendo la frecuencia de las paradas por mantenimiento y optimizando su costo operativo total. <\/span><\/p>\n","protected":false},"featured_media":5863,"comment_status":"closed","ping_status":"closed","template":"","meta":[],"product_brand":[],"product_cat":[282],"product_tag":[],"class_list":{"0":"post-5869","1":"product","2":"type-product","3":"status-publish","4":"has-post-thumbnail","6":"product_cat-mineria","8":"first","9":"instock","10":"shipping-taxable","11":"product-type-simple"},"yoast_head":"<!-- This site is optimized with the Yoast SEO plugin v27.3 - https:\/\/yoast.com\/product\/yoast-seo-wordpress\/ -->\n<title>Hormigonera Hardox - Fex<\/title>\n<meta name=\"robots\" content=\"index, follow, max-snippet:-1, max-image-preview:large, max-video-preview:-1\" \/>\n<link rel=\"canonical\" href=\"https:\/\/fex.net.br\/produto\/concreto-mixer-hardox\/\" \/>\n<meta property=\"og:locale\" content=\"es_ES\" \/>\n<meta property=\"og:type\" content=\"article\" \/>\n<meta property=\"og:title\" content=\"Hormigonera Hardox - Fex\" \/>\n<meta property=\"og:description\" content=\"MEZCLADORA DE HORMIG\u00d3N HARDOX: Durabilidad extrema y rendimiento personalizado La Hormigonera es m\u00e1s que un componente: es una soluci\u00f3n de ingenier\u00eda dise\u00f1ada para soportar los entornos m\u00e1s hostiles. Sabemos que la manipulaci\u00f3n de hormig\u00f3n, \u00e1ridos y materiales abrasivos requiere la m\u00e1xima resistencia, por lo que nuestro producto se fabrica \u00edntegramente en acero HARDOX. Este material de primera clase es reconocido por su excepcional dureza y resistencia, lo que garantiza que su mezcladora resista el desgaste constante y los fuertes impactos t\u00edpicos de las operaciones de mezclado de alto rendimiento. Al elegir el acero HARDOX, invierte en una vida \u00fatil significativamente m\u00e1s larga para su equipo, reduciendo la frecuencia de las paradas por mantenimiento y optimizando su costo operativo total.\" \/>\n<meta property=\"og:url\" content=\"https:\/\/fex.net.br\/produto\/concreto-mixer-hardox\/\" \/>\n<meta property=\"og:site_name\" content=\"Fex\" \/>\n<meta property=\"og:image\" content=\"https:\/\/fex.net.br\/wp-content\/uploads\/2025\/10\/CONCRETO-MIXER-1.png\" \/>\n\t<meta property=\"og:image:width\" content=\"1080\" \/>\n\t<meta property=\"og:image:height\" content=\"1080\" \/>\n\t<meta property=\"og:image:type\" content=\"image\/png\" \/>\n<meta name=\"twitter:card\" content=\"summary_large_image\" \/>\n<meta name=\"twitter:label1\" content=\"Tiempo de lectura\" \/>\n\t<meta name=\"twitter:data1\" content=\"2 minutos\" \/>\n<script type=\"application\/ld+json\" class=\"yoast-schema-graph\">{\"@context\":\"https:\\\/\\\/schema.org\",\"@graph\":[{\"@type\":\"WebPage\",\"@id\":\"https:\\\/\\\/fex.net.br\\\/produto\\\/concreto-mixer-hardox\\\/\",\"url\":\"https:\\\/\\\/fex.net.br\\\/produto\\\/concreto-mixer-hardox\\\/\",\"name\":\"Hormigonera Hardox - Fex\",\"isPartOf\":{\"@id\":\"https:\\\/\\\/fex.net.br\\\/#website\"},\"primaryImageOfPage\":{\"@id\":\"https:\\\/\\\/fex.net.br\\\/produto\\\/concreto-mixer-hardox\\\/#primaryimage\"},\"image\":{\"@id\":\"https:\\\/\\\/fex.net.br\\\/produto\\\/concreto-mixer-hardox\\\/#primaryimage\"},\"thumbnailUrl\":\"https:\\\/\\\/fex.net.br\\\/wp-content\\\/uploads\\\/2025\\\/10\\\/CONCRETO-MIXER-1.png\",\"datePublished\":\"2025-10-13T05:16:11+00:00\",\"breadcrumb\":{\"@id\":\"https:\\\/\\\/fex.net.br\\\/produto\\\/concreto-mixer-hardox\\\/#breadcrumb\"},\"inLanguage\":\"es\",\"potentialAction\":[{\"@type\":\"ReadAction\",\"target\":[\"https:\\\/\\\/fex.net.br\\\/produto\\\/concreto-mixer-hardox\\\/\"]}]},{\"@type\":\"ImageObject\",\"inLanguage\":\"es\",\"@id\":\"https:\\\/\\\/fex.net.br\\\/produto\\\/concreto-mixer-hardox\\\/#primaryimage\",\"url\":\"https:\\\/\\\/fex.net.br\\\/wp-content\\\/uploads\\\/2025\\\/10\\\/CONCRETO-MIXER-1.png\",\"contentUrl\":\"https:\\\/\\\/fex.net.br\\\/wp-content\\\/uploads\\\/2025\\\/10\\\/CONCRETO-MIXER-1.png\",\"width\":1080,\"height\":1080},{\"@type\":\"BreadcrumbList\",\"@id\":\"https:\\\/\\\/fex.net.br\\\/produto\\\/concreto-mixer-hardox\\\/#breadcrumb\",\"itemListElement\":[{\"@type\":\"ListItem\",\"position\":1,\"name\":\"In\u00edcio\",\"item\":\"https:\\\/\\\/fex.net.br\\\/es\\\/\"},{\"@type\":\"ListItem\",\"position\":2,\"name\":\"Tienda\",\"item\":\"https:\\\/\\\/fex.net.br\\\/es\\\/tienda\\\/\"},{\"@type\":\"ListItem\",\"position\":3,\"name\":\"Hormigonera Hardox\"}]},{\"@type\":\"WebSite\",\"@id\":\"https:\\\/\\\/fex.net.br\\\/#website\",\"url\":\"https:\\\/\\\/fex.net.br\\\/\",\"name\":\"Fex\",\"description\":\"Ferro e A\u00e7o\",\"potentialAction\":[{\"@type\":\"SearchAction\",\"target\":{\"@type\":\"EntryPoint\",\"urlTemplate\":\"https:\\\/\\\/fex.net.br\\\/?s={search_term_string}\"},\"query-input\":{\"@type\":\"PropertyValueSpecification\",\"valueRequired\":true,\"valueName\":\"search_term_string\"}}],\"inLanguage\":\"es\"}]}<\/script>\n<!-- \/ Yoast SEO plugin. -->","yoast_head_json":{"title":"Hormigonera Hardox - Fex","robots":{"index":"index","follow":"follow","max-snippet":"max-snippet:-1","max-image-preview":"max-image-preview:large","max-video-preview":"max-video-preview:-1"},"canonical":"https:\/\/fex.net.br\/produto\/concreto-mixer-hardox\/","og_locale":"es_ES","og_type":"article","og_title":"Hormigonera Hardox - Fex","og_description":"MEZCLADORA DE HORMIG\u00d3N HARDOX: Durabilidad extrema y rendimiento personalizado La Hormigonera es m\u00e1s que un componente: es una soluci\u00f3n de ingenier\u00eda dise\u00f1ada para soportar los entornos m\u00e1s hostiles. Sabemos que la manipulaci\u00f3n de hormig\u00f3n, \u00e1ridos y materiales abrasivos requiere la m\u00e1xima resistencia, por lo que nuestro producto se fabrica \u00edntegramente en acero HARDOX. Este material de primera clase es reconocido por su excepcional dureza y resistencia, lo que garantiza que su mezcladora resista el desgaste constante y los fuertes impactos t\u00edpicos de las operaciones de mezclado de alto rendimiento. Al elegir el acero HARDOX, invierte en una vida \u00fatil significativamente m\u00e1s larga para su equipo, reduciendo la frecuencia de las paradas por mantenimiento y optimizando su costo operativo total.","og_url":"https:\/\/fex.net.br\/produto\/concreto-mixer-hardox\/","og_site_name":"Fex","og_image":[{"width":1080,"height":1080,"url":"https:\/\/fex.net.br\/wp-content\/uploads\/2025\/10\/CONCRETO-MIXER-1.png","type":"image\/png"}],"twitter_card":"summary_large_image","twitter_misc":{"Tiempo de lectura":"2 minutos"},"schema":{"@context":"https:\/\/schema.org","@graph":[{"@type":"WebPage","@id":"https:\/\/fex.net.br\/produto\/concreto-mixer-hardox\/","url":"https:\/\/fex.net.br\/produto\/concreto-mixer-hardox\/","name":"Hormigonera Hardox - Fex","isPartOf":{"@id":"https:\/\/fex.net.br\/#website"},"primaryImageOfPage":{"@id":"https:\/\/fex.net.br\/produto\/concreto-mixer-hardox\/#primaryimage"},"image":{"@id":"https:\/\/fex.net.br\/produto\/concreto-mixer-hardox\/#primaryimage"},"thumbnailUrl":"https:\/\/fex.net.br\/wp-content\/uploads\/2025\/10\/CONCRETO-MIXER-1.png","datePublished":"2025-10-13T05:16:11+00:00","breadcrumb":{"@id":"https:\/\/fex.net.br\/produto\/concreto-mixer-hardox\/#breadcrumb"},"inLanguage":"es","potentialAction":[{"@type":"ReadAction","target":["https:\/\/fex.net.br\/produto\/concreto-mixer-hardox\/"]}]},{"@type":"ImageObject","inLanguage":"es","@id":"https:\/\/fex.net.br\/produto\/concreto-mixer-hardox\/#primaryimage","url":"https:\/\/fex.net.br\/wp-content\/uploads\/2025\/10\/CONCRETO-MIXER-1.png","contentUrl":"https:\/\/fex.net.br\/wp-content\/uploads\/2025\/10\/CONCRETO-MIXER-1.png","width":1080,"height":1080},{"@type":"BreadcrumbList","@id":"https:\/\/fex.net.br\/produto\/concreto-mixer-hardox\/#breadcrumb","itemListElement":[{"@type":"ListItem","position":1,"name":"In\u00edcio","item":"https:\/\/fex.net.br\/es\/"},{"@type":"ListItem","position":2,"name":"Tienda","item":"https:\/\/fex.net.br\/es\/tienda\/"},{"@type":"ListItem","position":3,"name":"Hormigonera Hardox"}]},{"@type":"WebSite","@id":"https:\/\/fex.net.br\/#website","url":"https:\/\/fex.net.br\/","name":"Fex","description":"Ferro e A\u00e7o","potentialAction":[{"@type":"SearchAction","target":{"@type":"EntryPoint","urlTemplate":"https:\/\/fex.net.br\/?s={search_term_string}"},"query-input":{"@type":"PropertyValueSpecification","valueRequired":true,"valueName":"search_term_string"}}],"inLanguage":"es"}]}},"_links":{"self":[{"href":"https:\/\/fex.net.br\/es\/wp-json\/wp\/v2\/product\/5869","targetHints":{"allow":["GET"]}}],"collection":[{"href":"https:\/\/fex.net.br\/es\/wp-json\/wp\/v2\/product"}],"about":[{"href":"https:\/\/fex.net.br\/es\/wp-json\/wp\/v2\/types\/product"}],"replies":[{"embeddable":true,"href":"https:\/\/fex.net.br\/es\/wp-json\/wp\/v2\/comments?post=5869"}],"wp:featuredmedia":[{"embeddable":true,"href":"https:\/\/fex.net.br\/es\/wp-json\/wp\/v2\/media\/5863"}],"wp:attachment":[{"href":"https:\/\/fex.net.br\/es\/wp-json\/wp\/v2\/media?parent=5869"}],"wp:term":[{"taxonomy":"product_brand","embeddable":true,"href":"https:\/\/fex.net.br\/es\/wp-json\/wp\/v2\/product_brand?post=5869"},{"taxonomy":"product_cat","embeddable":true,"href":"https:\/\/fex.net.br\/es\/wp-json\/wp\/v2\/product_cat?post=5869"},{"taxonomy":"product_tag","embeddable":true,"href":"https:\/\/fex.net.br\/es\/wp-json\/wp\/v2\/product_tag?post=5869"}],"curies":[{"name":"wp","href":"https:\/\/api.w.org\/{rel}","templated":true}]}}