{"id":5862,"date":"2025-10-13T05:11:16","date_gmt":"2025-10-13T05:11:16","guid":{"rendered":"https:\/\/fex.net.br\/produto\/concha-minera\/"},"modified":"2025-10-13T05:11:16","modified_gmt":"2025-10-13T05:11:16","slug":"concha-minera","status":"publish","type":"product","link":"https:\/\/fex.net.br\/es\/produto\/concha-minera\/","title":{"rendered":"Concha Minera"},"content":{"rendered":"<ol>\n<li><b> \u00bfQu\u00e9 hace que Hardox sea ideal para la miner\u00eda?<\/b><\/li>\n<\/ol>\n<p>La principal diferencia entre el acero Hardox radica en el equilibrio entre dureza y tenacidad, que a menudo son caracter\u00edsticas opuestas en los metales tradicionales.<\/p>\n<table>\n<tbody>\n<tr>\n<td>Caracter\u00edstica<\/td>\n<td>Definici\u00f3n en el contexto de Hardox<\/td>\n<td>Beneficio en la miner\u00eda<\/td>\n<\/tr>\n<tr>\n<td>Dureza<\/td>\n<td>Medida en Brinell (HBW), garantiza que el material resista la penetraci\u00f3n y el desgaste por deslizamiento y abrasi\u00f3n.<\/td>\n<td>M\u00e1xima resistencia a la abrasi\u00f3n: El material no se desgasta r\u00e1pidamente al rozar con rocas y minerales.<\/td>\n<\/tr>\n<tr>\n<td>Tenacidad<\/td>\n<td>Capacidad de absorber energ\u00eda y experimentar deformaci\u00f3n pl\u00e1stica antes de fracturarse.<\/td>\n<td>Resistencia al impacto: Evita que la carcasa se agriete o rompa ante fuertes impactos de grandes bloques de roca o durante la carga.<\/td>\n<\/tr>\n<\/tbody>\n<\/table>\n<p>Los grados m\u00e1s comunes utilizados en miner\u00eda son Hardox 450 y Hardox 500, donde el n\u00famero se refiere a la dureza Brinell promedio.<\/p>\n<ol start=\"2\">\n<li><b> Ventajas operativas y econ\u00f3micas<\/b><\/li>\n<\/ol>\n<p><span style=\"font-weight: 400;\">Reemplazar aceros al carbono o de baja aleaci\u00f3n por Hardox en las carcasas mineras ofrece beneficios directos que impactan en el costo total de propiedad (TCO).<\/span><\/p>\n<ol>\n<li><b> Mayor vida \u00fatil<\/b><\/li>\n<\/ol>\n<p><span style=\"font-weight: 400;\">La resistencia superior a la abrasi\u00f3n de Hardox da como resultado una vida \u00fatil de la carcasa significativamente m\u00e1s larga, con una durabilidad hasta tres o cuatro veces mayor que la de los aceros est\u00e1ndar.<\/span><\/p>\n<ol>\n<li><b> Ganancia de carga \u00fatil<\/b><\/li>\n<\/ol>\n<p><span style=\"font-weight: 400;\">Gracias a la alta resistencia y dureza de Hardox, es posible utilizar l\u00e1minas m\u00e1s delgadas (de menor espesor) en la construcci\u00f3n de la carcasa, manteniendo o incluso superando la resistencia estructural. Esto se traduce en: <\/span><\/p>\n<ol>\n<li style=\"font-weight: 400;\" aria-level=\"1\">Carcasa m\u00e1s ligera: se reduce el peso muerto del equipo.<\/li>\n<li style=\"font-weight: 400;\" aria-level=\"1\">Mayor carga \u00fatil: el equipo puede transportar m\u00e1s material por ciclo, aumentando la productividad.<\/li>\n<li style=\"font-weight: 400;\" aria-level=\"1\"><b>Melhor Efici\u00eancia de Combust\u00edvel:<\/b><span style=\"font-weight: 400;\"> O motor tem menos massa para mover, reduzindo o consumo de combust\u00edvel.<\/span><\/li>\n<\/ol>\n<ol>\n<li><b> Menos tiempo de inactividad<\/b><\/li>\n<\/ol>\n<p>Una carcasa m\u00e1s duradera requiere menos reemplazos y reparaciones de soldadura. Esto minimiza el tiempo de inactividad de la m\u00e1quina, crucial en operaciones mineras 24\/7.<\/p>\n<ol>\n<li><b> Mejor flujo de materiales<\/b><\/li>\n<\/ol>\n<p><span style=\"font-weight: 400;\">La superficie lisa y la alta dureza de Hardox ayudan a reducir la fricci\u00f3n y la adhesi\u00f3n de materiales pegajosos (como arcilla o mineral h\u00famedo), mejorando el \u00e1ngulo de vertido y la velocidad de descarga.<\/span><\/p>\n<ol start=\"3\">\n<li><b> Aplicaci\u00f3n estrat\u00e9gica en conchas<\/b><\/li>\n<\/ol>\n<p><span style=\"font-weight: 400;\">El acero Hardox se utiliza normalmente en las zonas de la carcasa que experimentan mayor desgaste:<\/span><\/p>\n<ul>\n<li style=\"font-weight: 400;\" aria-level=\"1\">Filo de corte: Parte frontal que entra en contacto directo con el material a excavar.<\/li>\n<li style=\"font-weight: 400;\" aria-level=\"1\">Placas de desgaste: se utilizan en la parte interior del fondo y los costados del cuchar\u00f3n para proteger el acero estructural principal.<\/li>\n<li style=\"font-weight: 400;\" aria-level=\"1\">Refuerzos laterales (cortadores laterales): protegen los lados de la carcasa y ayudan en la penetraci\u00f3n del material.<\/li>\n<li style=\"font-weight: 400;\" aria-level=\"1\">Protectores de tal\u00f3n: Protegen la zona lumbar, que sufre una abrasi\u00f3n constante al girar y arrastrarse por el suelo.<\/li>\n<\/ul>\n<p><span style=\"font-weight: 400;\">La combinaci\u00f3n de aceros estructurales (para el esqueleto de la carcasa) y placas Hardox (para las superficies de contacto) da como resultado un componente optimizado para un m\u00e1ximo rendimiento y durabilidad.<\/span><\/p>\n","protected":false},"excerpt":{"rendered":"<p>Cuchar\u00f3n de Miner\u00eda de Acero Hardox<br \/>El acero Hardox es una marca registrada de SSAB, reconocida mundialmente como la placa de acero l\u00edder en resistencia al desgaste y a la abrasi\u00f3n (AR). Su uso en cucharones de miner\u00eda es esencial debido a los entornos extremadamente hostiles (rocas duras, minerales abrasivos) en los que operan estos equipos.<\/p>\n","protected":false},"featured_media":5199,"comment_status":"closed","ping_status":"closed","template":"","meta":[],"product_brand":[],"product_cat":[315,282],"product_tag":[],"class_list":{"0":"post-5862","1":"product","2":"type-product","3":"status-publish","4":"has-post-thumbnail","6":"product_cat-concha-mineral","7":"product_cat-mineria","8":"ts_product_brand-mineria-fex","10":"first","11":"instock","12":"shipping-taxable","13":"product-type-simple"},"yoast_head":"<!-- This site is optimized with the Yoast SEO plugin v27.3 - https:\/\/yoast.com\/product\/yoast-seo-wordpress\/ -->\n<title>Concha Minera - Fex<\/title>\n<meta name=\"robots\" content=\"index, follow, max-snippet:-1, max-image-preview:large, max-video-preview:-1\" \/>\n<link rel=\"canonical\" href=\"https:\/\/fex.net.br\/produto\/concha-de-mineracao\/\" \/>\n<meta property=\"og:locale\" content=\"es_ES\" \/>\n<meta property=\"og:type\" content=\"article\" \/>\n<meta property=\"og:title\" content=\"Concha Minera - Fex\" \/>\n<meta property=\"og:description\" content=\"Cuchar\u00f3n de Miner\u00eda de Acero HardoxEl acero Hardox es una marca registrada de SSAB, reconocida mundialmente como la placa de acero l\u00edder en resistencia al desgaste y a la abrasi\u00f3n (AR). Su uso en cucharones de miner\u00eda es esencial debido a los entornos extremadamente hostiles (rocas duras, minerales abrasivos) en los que operan estos equipos.\" \/>\n<meta property=\"og:url\" content=\"https:\/\/fex.net.br\/produto\/concha-de-mineracao\/\" \/>\n<meta property=\"og:site_name\" content=\"Fex\" \/>\n<meta property=\"og:image\" content=\"https:\/\/fex.net.br\/wp-content\/uploads\/2025\/10\/CONCHA-2-1.png\" \/>\n\t<meta property=\"og:image:width\" content=\"1080\" \/>\n\t<meta property=\"og:image:height\" content=\"1080\" \/>\n\t<meta property=\"og:image:type\" content=\"image\/png\" \/>\n<meta name=\"twitter:card\" content=\"summary_large_image\" \/>\n<meta name=\"twitter:label1\" content=\"Tiempo de lectura\" \/>\n\t<meta name=\"twitter:data1\" content=\"3 minutos\" \/>\n<script type=\"application\/ld+json\" class=\"yoast-schema-graph\">{\"@context\":\"https:\\\/\\\/schema.org\",\"@graph\":[{\"@type\":\"WebPage\",\"@id\":\"https:\\\/\\\/fex.net.br\\\/produto\\\/concha-de-mineracao\\\/\",\"url\":\"https:\\\/\\\/fex.net.br\\\/produto\\\/concha-de-mineracao\\\/\",\"name\":\"Concha Minera - Fex\",\"isPartOf\":{\"@id\":\"https:\\\/\\\/fex.net.br\\\/#website\"},\"primaryImageOfPage\":{\"@id\":\"https:\\\/\\\/fex.net.br\\\/produto\\\/concha-de-mineracao\\\/#primaryimage\"},\"image\":{\"@id\":\"https:\\\/\\\/fex.net.br\\\/produto\\\/concha-de-mineracao\\\/#primaryimage\"},\"thumbnailUrl\":\"https:\\\/\\\/fex.net.br\\\/wp-content\\\/uploads\\\/2025\\\/10\\\/CONCHA-2-1.png\",\"datePublished\":\"2025-10-13T05:11:16+00:00\",\"breadcrumb\":{\"@id\":\"https:\\\/\\\/fex.net.br\\\/produto\\\/concha-de-mineracao\\\/#breadcrumb\"},\"inLanguage\":\"es\",\"potentialAction\":[{\"@type\":\"ReadAction\",\"target\":[\"https:\\\/\\\/fex.net.br\\\/produto\\\/concha-de-mineracao\\\/\"]}]},{\"@type\":\"ImageObject\",\"inLanguage\":\"es\",\"@id\":\"https:\\\/\\\/fex.net.br\\\/produto\\\/concha-de-mineracao\\\/#primaryimage\",\"url\":\"https:\\\/\\\/fex.net.br\\\/wp-content\\\/uploads\\\/2025\\\/10\\\/CONCHA-2-1.png\",\"contentUrl\":\"https:\\\/\\\/fex.net.br\\\/wp-content\\\/uploads\\\/2025\\\/10\\\/CONCHA-2-1.png\",\"width\":1080,\"height\":1080},{\"@type\":\"BreadcrumbList\",\"@id\":\"https:\\\/\\\/fex.net.br\\\/produto\\\/concha-de-mineracao\\\/#breadcrumb\",\"itemListElement\":[{\"@type\":\"ListItem\",\"position\":1,\"name\":\"In\u00edcio\",\"item\":\"https:\\\/\\\/fex.net.br\\\/es\\\/\"},{\"@type\":\"ListItem\",\"position\":2,\"name\":\"Tienda\",\"item\":\"https:\\\/\\\/fex.net.br\\\/es\\\/tienda\\\/\"},{\"@type\":\"ListItem\",\"position\":3,\"name\":\"Concha Minera\"}]},{\"@type\":\"WebSite\",\"@id\":\"https:\\\/\\\/fex.net.br\\\/#website\",\"url\":\"https:\\\/\\\/fex.net.br\\\/\",\"name\":\"Fex\",\"description\":\"Ferro e A\u00e7o\",\"potentialAction\":[{\"@type\":\"SearchAction\",\"target\":{\"@type\":\"EntryPoint\",\"urlTemplate\":\"https:\\\/\\\/fex.net.br\\\/?s={search_term_string}\"},\"query-input\":{\"@type\":\"PropertyValueSpecification\",\"valueRequired\":true,\"valueName\":\"search_term_string\"}}],\"inLanguage\":\"es\"}]}<\/script>\n<!-- \/ Yoast SEO plugin. -->","yoast_head_json":{"title":"Concha Minera - Fex","robots":{"index":"index","follow":"follow","max-snippet":"max-snippet:-1","max-image-preview":"max-image-preview:large","max-video-preview":"max-video-preview:-1"},"canonical":"https:\/\/fex.net.br\/produto\/concha-de-mineracao\/","og_locale":"es_ES","og_type":"article","og_title":"Concha Minera - Fex","og_description":"Cuchar\u00f3n de Miner\u00eda de Acero HardoxEl acero Hardox es una marca registrada de SSAB, reconocida mundialmente como la placa de acero l\u00edder en resistencia al desgaste y a la abrasi\u00f3n (AR). Su uso en cucharones de miner\u00eda es esencial debido a los entornos extremadamente hostiles (rocas duras, minerales abrasivos) en los que operan estos equipos.","og_url":"https:\/\/fex.net.br\/produto\/concha-de-mineracao\/","og_site_name":"Fex","og_image":[{"width":1080,"height":1080,"url":"https:\/\/fex.net.br\/wp-content\/uploads\/2025\/10\/CONCHA-2-1.png","type":"image\/png"}],"twitter_card":"summary_large_image","twitter_misc":{"Tiempo de lectura":"3 minutos"},"schema":{"@context":"https:\/\/schema.org","@graph":[{"@type":"WebPage","@id":"https:\/\/fex.net.br\/produto\/concha-de-mineracao\/","url":"https:\/\/fex.net.br\/produto\/concha-de-mineracao\/","name":"Concha Minera - Fex","isPartOf":{"@id":"https:\/\/fex.net.br\/#website"},"primaryImageOfPage":{"@id":"https:\/\/fex.net.br\/produto\/concha-de-mineracao\/#primaryimage"},"image":{"@id":"https:\/\/fex.net.br\/produto\/concha-de-mineracao\/#primaryimage"},"thumbnailUrl":"https:\/\/fex.net.br\/wp-content\/uploads\/2025\/10\/CONCHA-2-1.png","datePublished":"2025-10-13T05:11:16+00:00","breadcrumb":{"@id":"https:\/\/fex.net.br\/produto\/concha-de-mineracao\/#breadcrumb"},"inLanguage":"es","potentialAction":[{"@type":"ReadAction","target":["https:\/\/fex.net.br\/produto\/concha-de-mineracao\/"]}]},{"@type":"ImageObject","inLanguage":"es","@id":"https:\/\/fex.net.br\/produto\/concha-de-mineracao\/#primaryimage","url":"https:\/\/fex.net.br\/wp-content\/uploads\/2025\/10\/CONCHA-2-1.png","contentUrl":"https:\/\/fex.net.br\/wp-content\/uploads\/2025\/10\/CONCHA-2-1.png","width":1080,"height":1080},{"@type":"BreadcrumbList","@id":"https:\/\/fex.net.br\/produto\/concha-de-mineracao\/#breadcrumb","itemListElement":[{"@type":"ListItem","position":1,"name":"In\u00edcio","item":"https:\/\/fex.net.br\/es\/"},{"@type":"ListItem","position":2,"name":"Tienda","item":"https:\/\/fex.net.br\/es\/tienda\/"},{"@type":"ListItem","position":3,"name":"Concha Minera"}]},{"@type":"WebSite","@id":"https:\/\/fex.net.br\/#website","url":"https:\/\/fex.net.br\/","name":"Fex","description":"Ferro e A\u00e7o","potentialAction":[{"@type":"SearchAction","target":{"@type":"EntryPoint","urlTemplate":"https:\/\/fex.net.br\/?s={search_term_string}"},"query-input":{"@type":"PropertyValueSpecification","valueRequired":true,"valueName":"search_term_string"}}],"inLanguage":"es"}]}},"_links":{"self":[{"href":"https:\/\/fex.net.br\/es\/wp-json\/wp\/v2\/product\/5862","targetHints":{"allow":["GET"]}}],"collection":[{"href":"https:\/\/fex.net.br\/es\/wp-json\/wp\/v2\/product"}],"about":[{"href":"https:\/\/fex.net.br\/es\/wp-json\/wp\/v2\/types\/product"}],"replies":[{"embeddable":true,"href":"https:\/\/fex.net.br\/es\/wp-json\/wp\/v2\/comments?post=5862"}],"wp:featuredmedia":[{"embeddable":true,"href":"https:\/\/fex.net.br\/es\/wp-json\/wp\/v2\/media\/5199"}],"wp:attachment":[{"href":"https:\/\/fex.net.br\/es\/wp-json\/wp\/v2\/media?parent=5862"}],"wp:term":[{"taxonomy":"product_brand","embeddable":true,"href":"https:\/\/fex.net.br\/es\/wp-json\/wp\/v2\/product_brand?post=5862"},{"taxonomy":"product_cat","embeddable":true,"href":"https:\/\/fex.net.br\/es\/wp-json\/wp\/v2\/product_cat?post=5862"},{"taxonomy":"product_tag","embeddable":true,"href":"https:\/\/fex.net.br\/es\/wp-json\/wp\/v2\/product_tag?post=5862"}],"curies":[{"name":"wp","href":"https:\/\/api.w.org\/{rel}","templated":true}]}}