{"id":5858,"date":"2025-10-13T05:07:35","date_gmt":"2025-10-13T05:07:35","guid":{"rendered":"https:\/\/fex.net.br\/produto\/rodillo-de-traccion-mm-fex\/"},"modified":"2025-10-13T05:07:35","modified_gmt":"2025-10-13T05:07:35","slug":"rodillo-de-traccion-mm-fex","status":"publish","type":"product","link":"https:\/\/fex.net.br\/es\/produto\/rodillo-de-traccion-mm-fex\/","title":{"rendered":"Rodillo de tracci\u00f3n MM Fex"},"content":{"rendered":"","protected":false},"excerpt":{"rendered":"<p><span style=\"font-weight: 400;\"> Compatible con todos los modelos de Harvester Reducci\u00f3n significativa de marcas en troncos Tracci\u00f3n eficiente incluso en condiciones adversas Mayor durabilidad y menor desgaste Producci\u00f3n 100% nacional con ingenier\u00eda FEX M\u00e1s tracci\u00f3n. Menos da\u00f1o. M\u00e1xima compatibilidad. Imagen del material solo con fines ilustrativos. El rodillo de tracci\u00f3n FEX Less Marks fue desarrollado para brindar un alto rendimiento con un impacto m\u00ednimo en la superficie del tronco. Ideal para operaciones que requieren una mayor preservaci\u00f3n de la madera, su geometr\u00eda \u00fanica asegura una tracci\u00f3n eficiente sin comprometer la integridad del tronco. Hecho de acero de alta resistencia, tratado t\u00e9rmicamente y mecanizado de precisi\u00f3n, es un producto robusto, duradero y con excelente rendimiento en campo. Adem\u00e1s, su dise\u00f1o vers\u00e1til le permite adaptarse a todos los modelos de cabezal Harvester, facilitando el reemplazo y estandarizando la operaci\u00f3n.      <\/span><\/p>\n","protected":false},"featured_media":5192,"comment_status":"closed","ping_status":"closed","template":"","meta":[],"product_brand":[],"product_cat":[284,314,262],"product_tag":[],"class_list":{"0":"post-5858","1":"product","2":"type-product","3":"status-publish","4":"has-post-thumbnail","6":"product_cat-agro","7":"product_cat-rodillo-de-traccion-para-desrame","8":"product_cat-silvi","9":"ts_product_brand-silvicultura-fex","11":"first","12":"instock","13":"shipping-taxable","14":"product-type-simple"},"yoast_head":"<!-- This site is optimized with the Yoast SEO plugin v27.3 - https:\/\/yoast.com\/product\/yoast-seo-wordpress\/ -->\n<title>Rodillo de tracci\u00f3n MM Fex - Fex<\/title>\n<meta name=\"robots\" content=\"index, follow, max-snippet:-1, max-image-preview:large, max-video-preview:-1\" \/>\n<link rel=\"canonical\" href=\"https:\/\/fex.net.br\/produto\/rolo-de-tracao-mm\/\" \/>\n<meta property=\"og:locale\" content=\"es_ES\" \/>\n<meta property=\"og:type\" content=\"article\" \/>\n<meta property=\"og:title\" content=\"Rodillo de tracci\u00f3n MM Fex - Fex\" \/>\n<meta property=\"og:description\" content=\"Compatible con todos los modelos de Harvester Reducci\u00f3n significativa de marcas en troncos Tracci\u00f3n eficiente incluso en condiciones adversas Mayor durabilidad y menor desgaste Producci\u00f3n 100% nacional con ingenier\u00eda FEX M\u00e1s tracci\u00f3n. Menos da\u00f1o. M\u00e1xima compatibilidad. Imagen del material solo con fines ilustrativos. El rodillo de tracci\u00f3n FEX Less Marks fue desarrollado para brindar un alto rendimiento con un impacto m\u00ednimo en la superficie del tronco. Ideal para operaciones que requieren una mayor preservaci\u00f3n de la madera, su geometr\u00eda \u00fanica asegura una tracci\u00f3n eficiente sin comprometer la integridad del tronco. Hecho de acero de alta resistencia, tratado t\u00e9rmicamente y mecanizado de precisi\u00f3n, es un producto robusto, duradero y con excelente rendimiento en campo. Adem\u00e1s, su dise\u00f1o vers\u00e1til le permite adaptarse a todos los modelos de cabezal Harvester, facilitando el reemplazo y estandarizando la operaci\u00f3n.\" \/>\n<meta property=\"og:url\" content=\"https:\/\/fex.net.br\/produto\/rolo-de-tracao-mm\/\" \/>\n<meta property=\"og:site_name\" content=\"Fex\" \/>\n<meta property=\"og:image\" content=\"https:\/\/fex.net.br\/wp-content\/uploads\/2025\/10\/ROLO-DE-TRACAO-MM-1.png\" \/>\n\t<meta property=\"og:image:width\" content=\"1080\" \/>\n\t<meta property=\"og:image:height\" content=\"1080\" \/>\n\t<meta property=\"og:image:type\" content=\"image\/png\" \/>\n<meta name=\"twitter:card\" content=\"summary_large_image\" \/>\n<script type=\"application\/ld+json\" class=\"yoast-schema-graph\">{\"@context\":\"https:\\\/\\\/schema.org\",\"@graph\":[{\"@type\":\"WebPage\",\"@id\":\"https:\\\/\\\/fex.net.br\\\/produto\\\/rolo-de-tracao-mm\\\/\",\"url\":\"https:\\\/\\\/fex.net.br\\\/produto\\\/rolo-de-tracao-mm\\\/\",\"name\":\"Rodillo de tracci\u00f3n MM Fex - Fex\",\"isPartOf\":{\"@id\":\"https:\\\/\\\/fex.net.br\\\/#website\"},\"primaryImageOfPage\":{\"@id\":\"https:\\\/\\\/fex.net.br\\\/produto\\\/rolo-de-tracao-mm\\\/#primaryimage\"},\"image\":{\"@id\":\"https:\\\/\\\/fex.net.br\\\/produto\\\/rolo-de-tracao-mm\\\/#primaryimage\"},\"thumbnailUrl\":\"https:\\\/\\\/fex.net.br\\\/wp-content\\\/uploads\\\/2025\\\/10\\\/ROLO-DE-TRACAO-MM-1.png\",\"datePublished\":\"2025-10-13T05:07:35+00:00\",\"breadcrumb\":{\"@id\":\"https:\\\/\\\/fex.net.br\\\/produto\\\/rolo-de-tracao-mm\\\/#breadcrumb\"},\"inLanguage\":\"es\",\"potentialAction\":[{\"@type\":\"ReadAction\",\"target\":[\"https:\\\/\\\/fex.net.br\\\/produto\\\/rolo-de-tracao-mm\\\/\"]}]},{\"@type\":\"ImageObject\",\"inLanguage\":\"es\",\"@id\":\"https:\\\/\\\/fex.net.br\\\/produto\\\/rolo-de-tracao-mm\\\/#primaryimage\",\"url\":\"https:\\\/\\\/fex.net.br\\\/wp-content\\\/uploads\\\/2025\\\/10\\\/ROLO-DE-TRACAO-MM-1.png\",\"contentUrl\":\"https:\\\/\\\/fex.net.br\\\/wp-content\\\/uploads\\\/2025\\\/10\\\/ROLO-DE-TRACAO-MM-1.png\",\"width\":1080,\"height\":1080},{\"@type\":\"BreadcrumbList\",\"@id\":\"https:\\\/\\\/fex.net.br\\\/produto\\\/rolo-de-tracao-mm\\\/#breadcrumb\",\"itemListElement\":[{\"@type\":\"ListItem\",\"position\":1,\"name\":\"In\u00edcio\",\"item\":\"https:\\\/\\\/fex.net.br\\\/es\\\/\"},{\"@type\":\"ListItem\",\"position\":2,\"name\":\"Tienda\",\"item\":\"https:\\\/\\\/fex.net.br\\\/es\\\/tienda\\\/\"},{\"@type\":\"ListItem\",\"position\":3,\"name\":\"Rodillo de tracci\u00f3n MM Fex\"}]},{\"@type\":\"WebSite\",\"@id\":\"https:\\\/\\\/fex.net.br\\\/#website\",\"url\":\"https:\\\/\\\/fex.net.br\\\/\",\"name\":\"Fex\",\"description\":\"Ferro e A\u00e7o\",\"potentialAction\":[{\"@type\":\"SearchAction\",\"target\":{\"@type\":\"EntryPoint\",\"urlTemplate\":\"https:\\\/\\\/fex.net.br\\\/?s={search_term_string}\"},\"query-input\":{\"@type\":\"PropertyValueSpecification\",\"valueRequired\":true,\"valueName\":\"search_term_string\"}}],\"inLanguage\":\"es\"}]}<\/script>\n<!-- \/ Yoast SEO plugin. -->","yoast_head_json":{"title":"Rodillo de tracci\u00f3n MM Fex - Fex","robots":{"index":"index","follow":"follow","max-snippet":"max-snippet:-1","max-image-preview":"max-image-preview:large","max-video-preview":"max-video-preview:-1"},"canonical":"https:\/\/fex.net.br\/produto\/rolo-de-tracao-mm\/","og_locale":"es_ES","og_type":"article","og_title":"Rodillo de tracci\u00f3n MM Fex - Fex","og_description":"Compatible con todos los modelos de Harvester Reducci\u00f3n significativa de marcas en troncos Tracci\u00f3n eficiente incluso en condiciones adversas Mayor durabilidad y menor desgaste Producci\u00f3n 100% nacional con ingenier\u00eda FEX M\u00e1s tracci\u00f3n. Menos da\u00f1o. M\u00e1xima compatibilidad. Imagen del material solo con fines ilustrativos. El rodillo de tracci\u00f3n FEX Less Marks fue desarrollado para brindar un alto rendimiento con un impacto m\u00ednimo en la superficie del tronco. Ideal para operaciones que requieren una mayor preservaci\u00f3n de la madera, su geometr\u00eda \u00fanica asegura una tracci\u00f3n eficiente sin comprometer la integridad del tronco. Hecho de acero de alta resistencia, tratado t\u00e9rmicamente y mecanizado de precisi\u00f3n, es un producto robusto, duradero y con excelente rendimiento en campo. Adem\u00e1s, su dise\u00f1o vers\u00e1til le permite adaptarse a todos los modelos de cabezal Harvester, facilitando el reemplazo y estandarizando la operaci\u00f3n.","og_url":"https:\/\/fex.net.br\/produto\/rolo-de-tracao-mm\/","og_site_name":"Fex","og_image":[{"width":1080,"height":1080,"url":"https:\/\/fex.net.br\/wp-content\/uploads\/2025\/10\/ROLO-DE-TRACAO-MM-1.png","type":"image\/png"}],"twitter_card":"summary_large_image","schema":{"@context":"https:\/\/schema.org","@graph":[{"@type":"WebPage","@id":"https:\/\/fex.net.br\/produto\/rolo-de-tracao-mm\/","url":"https:\/\/fex.net.br\/produto\/rolo-de-tracao-mm\/","name":"Rodillo de tracci\u00f3n MM Fex - Fex","isPartOf":{"@id":"https:\/\/fex.net.br\/#website"},"primaryImageOfPage":{"@id":"https:\/\/fex.net.br\/produto\/rolo-de-tracao-mm\/#primaryimage"},"image":{"@id":"https:\/\/fex.net.br\/produto\/rolo-de-tracao-mm\/#primaryimage"},"thumbnailUrl":"https:\/\/fex.net.br\/wp-content\/uploads\/2025\/10\/ROLO-DE-TRACAO-MM-1.png","datePublished":"2025-10-13T05:07:35+00:00","breadcrumb":{"@id":"https:\/\/fex.net.br\/produto\/rolo-de-tracao-mm\/#breadcrumb"},"inLanguage":"es","potentialAction":[{"@type":"ReadAction","target":["https:\/\/fex.net.br\/produto\/rolo-de-tracao-mm\/"]}]},{"@type":"ImageObject","inLanguage":"es","@id":"https:\/\/fex.net.br\/produto\/rolo-de-tracao-mm\/#primaryimage","url":"https:\/\/fex.net.br\/wp-content\/uploads\/2025\/10\/ROLO-DE-TRACAO-MM-1.png","contentUrl":"https:\/\/fex.net.br\/wp-content\/uploads\/2025\/10\/ROLO-DE-TRACAO-MM-1.png","width":1080,"height":1080},{"@type":"BreadcrumbList","@id":"https:\/\/fex.net.br\/produto\/rolo-de-tracao-mm\/#breadcrumb","itemListElement":[{"@type":"ListItem","position":1,"name":"In\u00edcio","item":"https:\/\/fex.net.br\/es\/"},{"@type":"ListItem","position":2,"name":"Tienda","item":"https:\/\/fex.net.br\/es\/tienda\/"},{"@type":"ListItem","position":3,"name":"Rodillo de tracci\u00f3n MM Fex"}]},{"@type":"WebSite","@id":"https:\/\/fex.net.br\/#website","url":"https:\/\/fex.net.br\/","name":"Fex","description":"Ferro e A\u00e7o","potentialAction":[{"@type":"SearchAction","target":{"@type":"EntryPoint","urlTemplate":"https:\/\/fex.net.br\/?s={search_term_string}"},"query-input":{"@type":"PropertyValueSpecification","valueRequired":true,"valueName":"search_term_string"}}],"inLanguage":"es"}]}},"_links":{"self":[{"href":"https:\/\/fex.net.br\/es\/wp-json\/wp\/v2\/product\/5858","targetHints":{"allow":["GET"]}}],"collection":[{"href":"https:\/\/fex.net.br\/es\/wp-json\/wp\/v2\/product"}],"about":[{"href":"https:\/\/fex.net.br\/es\/wp-json\/wp\/v2\/types\/product"}],"replies":[{"embeddable":true,"href":"https:\/\/fex.net.br\/es\/wp-json\/wp\/v2\/comments?post=5858"}],"wp:featuredmedia":[{"embeddable":true,"href":"https:\/\/fex.net.br\/es\/wp-json\/wp\/v2\/media\/5192"}],"wp:attachment":[{"href":"https:\/\/fex.net.br\/es\/wp-json\/wp\/v2\/media?parent=5858"}],"wp:term":[{"taxonomy":"product_brand","embeddable":true,"href":"https:\/\/fex.net.br\/es\/wp-json\/wp\/v2\/product_brand?post=5858"},{"taxonomy":"product_cat","embeddable":true,"href":"https:\/\/fex.net.br\/es\/wp-json\/wp\/v2\/product_cat?post=5858"},{"taxonomy":"product_tag","embeddable":true,"href":"https:\/\/fex.net.br\/es\/wp-json\/wp\/v2\/product_tag?post=5858"}],"curies":[{"name":"wp","href":"https:\/\/api.w.org\/{rel}","templated":true}]}}