{"id":5857,"date":"2025-10-13T05:02:25","date_gmt":"2025-10-13T05:02:25","guid":{"rendered":"https:\/\/fex.net.br\/produto\/rodillo-de-traccion-para-desrame-fex\/"},"modified":"2025-10-13T05:02:25","modified_gmt":"2025-10-13T05:02:25","slug":"rodillo-de-traccion-para-desrame-fex","status":"publish","type":"product","link":"https:\/\/fex.net.br\/es\/produto\/rodillo-de-traccion-para-desrame-fex\/","title":{"rendered":"Rodillo de tracci\u00f3n para desrame Fex"},"content":{"rendered":"<p><iframe src=\"https:\/\/unntech.com.br\/factory\/fex\/ROLO_DE_TRA%C3%87%C3%83O_A.html\" width=\"600px\" height=\"600px\"><span data-mce-type=\"bookmark\" style=\"display: inline-block; width: 0px; overflow: hidden; line-height: 0;\" class=\"mce_SELRES_start\"><\/span><span data-mce-type=\"bookmark\" style=\"display: inline-block; width: 0px; overflow: hidden; line-height: 0;\" class=\"mce_SELRES_start\"><\/span><\/iframe><\/p>\n","protected":false},"excerpt":{"rendered":"<p>Rodillo de Tracci\u00f3n para Desrame: M\u00e1ximo Agarre y Eficiencia<br \/>El Rodillo de Tracci\u00f3n es un componente esencial dise\u00f1ado espec\u00edficamente para cabezales procesadores, con el objetivo principal de maximizar la fuerza de agarre y la alimentaci\u00f3n del tronco durante la fase cr\u00edtica de desrame y tala. Su geometr\u00eda de ingenier\u00eda avanzada garantiza un procesamiento r\u00e1pido y con m\u00ednimo deslizamiento del tronco.<\/p>\n","protected":false},"featured_media":5189,"comment_status":"closed","ping_status":"closed","template":"","meta":[],"product_brand":[],"product_cat":[314,262],"product_tag":[],"class_list":{"0":"post-5857","1":"product","2":"type-product","3":"status-publish","4":"has-post-thumbnail","6":"product_cat-rodillo-de-traccion-para-desrame","7":"product_cat-silvi","8":"ts_product_brand-silvicultura-fex","10":"first","11":"instock","12":"shipping-taxable","13":"product-type-simple"},"yoast_head":"<!-- This site is optimized with the Yoast SEO plugin v27.3 - https:\/\/yoast.com\/product\/yoast-seo-wordpress\/ -->\n<title>Rodillo de tracci\u00f3n para desrame Fex - Fex<\/title>\n<meta name=\"robots\" content=\"index, follow, max-snippet:-1, max-image-preview:large, max-video-preview:-1\" \/>\n<link rel=\"canonical\" href=\"https:\/\/fex.net.br\/produto\/rolo-de-tracao-para-desgalhamento\/\" \/>\n<meta property=\"og:locale\" content=\"es_ES\" \/>\n<meta property=\"og:type\" content=\"article\" \/>\n<meta property=\"og:title\" content=\"Rodillo de tracci\u00f3n para desrame Fex - Fex\" \/>\n<meta property=\"og:description\" content=\"Rodillo de Tracci\u00f3n para Desrame: M\u00e1ximo Agarre y EficienciaEl Rodillo de Tracci\u00f3n es un componente esencial dise\u00f1ado espec\u00edficamente para cabezales procesadores, con el objetivo principal de maximizar la fuerza de agarre y la alimentaci\u00f3n del tronco durante la fase cr\u00edtica de desrame y tala. Su geometr\u00eda de ingenier\u00eda avanzada garantiza un procesamiento r\u00e1pido y con m\u00ednimo deslizamiento del tronco.\" \/>\n<meta property=\"og:url\" content=\"https:\/\/fex.net.br\/produto\/rolo-de-tracao-para-desgalhamento\/\" \/>\n<meta property=\"og:site_name\" content=\"Fex\" \/>\n<meta property=\"og:image\" content=\"https:\/\/fex.net.br\/wp-content\/uploads\/2025\/10\/Rolo-de-Tracao-1.png\" \/>\n\t<meta property=\"og:image:width\" content=\"1080\" \/>\n\t<meta property=\"og:image:height\" content=\"1080\" \/>\n\t<meta property=\"og:image:type\" content=\"image\/png\" \/>\n<meta name=\"twitter:card\" content=\"summary_large_image\" \/>\n<script type=\"application\/ld+json\" class=\"yoast-schema-graph\">{\"@context\":\"https:\\\/\\\/schema.org\",\"@graph\":[{\"@type\":\"WebPage\",\"@id\":\"https:\\\/\\\/fex.net.br\\\/produto\\\/rolo-de-tracao-para-desgalhamento\\\/\",\"url\":\"https:\\\/\\\/fex.net.br\\\/produto\\\/rolo-de-tracao-para-desgalhamento\\\/\",\"name\":\"Rodillo de tracci\u00f3n para desrame Fex - Fex\",\"isPartOf\":{\"@id\":\"https:\\\/\\\/fex.net.br\\\/#website\"},\"primaryImageOfPage\":{\"@id\":\"https:\\\/\\\/fex.net.br\\\/produto\\\/rolo-de-tracao-para-desgalhamento\\\/#primaryimage\"},\"image\":{\"@id\":\"https:\\\/\\\/fex.net.br\\\/produto\\\/rolo-de-tracao-para-desgalhamento\\\/#primaryimage\"},\"thumbnailUrl\":\"https:\\\/\\\/fex.net.br\\\/wp-content\\\/uploads\\\/2025\\\/10\\\/Rolo-de-Tracao-1.png\",\"datePublished\":\"2025-10-13T05:02:25+00:00\",\"breadcrumb\":{\"@id\":\"https:\\\/\\\/fex.net.br\\\/produto\\\/rolo-de-tracao-para-desgalhamento\\\/#breadcrumb\"},\"inLanguage\":\"es\",\"potentialAction\":[{\"@type\":\"ReadAction\",\"target\":[\"https:\\\/\\\/fex.net.br\\\/produto\\\/rolo-de-tracao-para-desgalhamento\\\/\"]}]},{\"@type\":\"ImageObject\",\"inLanguage\":\"es\",\"@id\":\"https:\\\/\\\/fex.net.br\\\/produto\\\/rolo-de-tracao-para-desgalhamento\\\/#primaryimage\",\"url\":\"https:\\\/\\\/fex.net.br\\\/wp-content\\\/uploads\\\/2025\\\/10\\\/Rolo-de-Tracao-1.png\",\"contentUrl\":\"https:\\\/\\\/fex.net.br\\\/wp-content\\\/uploads\\\/2025\\\/10\\\/Rolo-de-Tracao-1.png\",\"width\":1080,\"height\":1080},{\"@type\":\"BreadcrumbList\",\"@id\":\"https:\\\/\\\/fex.net.br\\\/produto\\\/rolo-de-tracao-para-desgalhamento\\\/#breadcrumb\",\"itemListElement\":[{\"@type\":\"ListItem\",\"position\":1,\"name\":\"In\u00edcio\",\"item\":\"https:\\\/\\\/fex.net.br\\\/es\\\/\"},{\"@type\":\"ListItem\",\"position\":2,\"name\":\"Tienda\",\"item\":\"https:\\\/\\\/fex.net.br\\\/es\\\/tienda\\\/\"},{\"@type\":\"ListItem\",\"position\":3,\"name\":\"Rodillo de tracci\u00f3n para desrame Fex\"}]},{\"@type\":\"WebSite\",\"@id\":\"https:\\\/\\\/fex.net.br\\\/#website\",\"url\":\"https:\\\/\\\/fex.net.br\\\/\",\"name\":\"Fex\",\"description\":\"Ferro e A\u00e7o\",\"potentialAction\":[{\"@type\":\"SearchAction\",\"target\":{\"@type\":\"EntryPoint\",\"urlTemplate\":\"https:\\\/\\\/fex.net.br\\\/?s={search_term_string}\"},\"query-input\":{\"@type\":\"PropertyValueSpecification\",\"valueRequired\":true,\"valueName\":\"search_term_string\"}}],\"inLanguage\":\"es\"}]}<\/script>\n<!-- \/ Yoast SEO plugin. -->","yoast_head_json":{"title":"Rodillo de tracci\u00f3n para desrame Fex - Fex","robots":{"index":"index","follow":"follow","max-snippet":"max-snippet:-1","max-image-preview":"max-image-preview:large","max-video-preview":"max-video-preview:-1"},"canonical":"https:\/\/fex.net.br\/produto\/rolo-de-tracao-para-desgalhamento\/","og_locale":"es_ES","og_type":"article","og_title":"Rodillo de tracci\u00f3n para desrame Fex - Fex","og_description":"Rodillo de Tracci\u00f3n para Desrame: M\u00e1ximo Agarre y EficienciaEl Rodillo de Tracci\u00f3n es un componente esencial dise\u00f1ado espec\u00edficamente para cabezales procesadores, con el objetivo principal de maximizar la fuerza de agarre y la alimentaci\u00f3n del tronco durante la fase cr\u00edtica de desrame y tala. Su geometr\u00eda de ingenier\u00eda avanzada garantiza un procesamiento r\u00e1pido y con m\u00ednimo deslizamiento del tronco.","og_url":"https:\/\/fex.net.br\/produto\/rolo-de-tracao-para-desgalhamento\/","og_site_name":"Fex","og_image":[{"width":1080,"height":1080,"url":"https:\/\/fex.net.br\/wp-content\/uploads\/2025\/10\/Rolo-de-Tracao-1.png","type":"image\/png"}],"twitter_card":"summary_large_image","schema":{"@context":"https:\/\/schema.org","@graph":[{"@type":"WebPage","@id":"https:\/\/fex.net.br\/produto\/rolo-de-tracao-para-desgalhamento\/","url":"https:\/\/fex.net.br\/produto\/rolo-de-tracao-para-desgalhamento\/","name":"Rodillo de tracci\u00f3n para desrame Fex - Fex","isPartOf":{"@id":"https:\/\/fex.net.br\/#website"},"primaryImageOfPage":{"@id":"https:\/\/fex.net.br\/produto\/rolo-de-tracao-para-desgalhamento\/#primaryimage"},"image":{"@id":"https:\/\/fex.net.br\/produto\/rolo-de-tracao-para-desgalhamento\/#primaryimage"},"thumbnailUrl":"https:\/\/fex.net.br\/wp-content\/uploads\/2025\/10\/Rolo-de-Tracao-1.png","datePublished":"2025-10-13T05:02:25+00:00","breadcrumb":{"@id":"https:\/\/fex.net.br\/produto\/rolo-de-tracao-para-desgalhamento\/#breadcrumb"},"inLanguage":"es","potentialAction":[{"@type":"ReadAction","target":["https:\/\/fex.net.br\/produto\/rolo-de-tracao-para-desgalhamento\/"]}]},{"@type":"ImageObject","inLanguage":"es","@id":"https:\/\/fex.net.br\/produto\/rolo-de-tracao-para-desgalhamento\/#primaryimage","url":"https:\/\/fex.net.br\/wp-content\/uploads\/2025\/10\/Rolo-de-Tracao-1.png","contentUrl":"https:\/\/fex.net.br\/wp-content\/uploads\/2025\/10\/Rolo-de-Tracao-1.png","width":1080,"height":1080},{"@type":"BreadcrumbList","@id":"https:\/\/fex.net.br\/produto\/rolo-de-tracao-para-desgalhamento\/#breadcrumb","itemListElement":[{"@type":"ListItem","position":1,"name":"In\u00edcio","item":"https:\/\/fex.net.br\/es\/"},{"@type":"ListItem","position":2,"name":"Tienda","item":"https:\/\/fex.net.br\/es\/tienda\/"},{"@type":"ListItem","position":3,"name":"Rodillo de tracci\u00f3n para desrame Fex"}]},{"@type":"WebSite","@id":"https:\/\/fex.net.br\/#website","url":"https:\/\/fex.net.br\/","name":"Fex","description":"Ferro e A\u00e7o","potentialAction":[{"@type":"SearchAction","target":{"@type":"EntryPoint","urlTemplate":"https:\/\/fex.net.br\/?s={search_term_string}"},"query-input":{"@type":"PropertyValueSpecification","valueRequired":true,"valueName":"search_term_string"}}],"inLanguage":"es"}]}},"_links":{"self":[{"href":"https:\/\/fex.net.br\/es\/wp-json\/wp\/v2\/product\/5857","targetHints":{"allow":["GET"]}}],"collection":[{"href":"https:\/\/fex.net.br\/es\/wp-json\/wp\/v2\/product"}],"about":[{"href":"https:\/\/fex.net.br\/es\/wp-json\/wp\/v2\/types\/product"}],"replies":[{"embeddable":true,"href":"https:\/\/fex.net.br\/es\/wp-json\/wp\/v2\/comments?post=5857"}],"wp:featuredmedia":[{"embeddable":true,"href":"https:\/\/fex.net.br\/es\/wp-json\/wp\/v2\/media\/5189"}],"wp:attachment":[{"href":"https:\/\/fex.net.br\/es\/wp-json\/wp\/v2\/media?parent=5857"}],"wp:term":[{"taxonomy":"product_brand","embeddable":true,"href":"https:\/\/fex.net.br\/es\/wp-json\/wp\/v2\/product_brand?post=5857"},{"taxonomy":"product_cat","embeddable":true,"href":"https:\/\/fex.net.br\/es\/wp-json\/wp\/v2\/product_cat?post=5857"},{"taxonomy":"product_tag","embeddable":true,"href":"https:\/\/fex.net.br\/es\/wp-json\/wp\/v2\/product_tag?post=5857"}],"curies":[{"name":"wp","href":"https:\/\/api.w.org\/{rel}","templated":true}]}}