{"id":5856,"date":"2025-10-13T04:59:16","date_gmt":"2025-10-13T04:59:16","guid":{"rendered":"https:\/\/fex.net.br\/produto\/rueda-de-medicion-fex\/"},"modified":"2025-10-13T04:59:16","modified_gmt":"2025-10-13T04:59:16","slug":"rueda-de-medicion-fex","status":"publish","type":"product","link":"https:\/\/fex.net.br\/es\/produto\/rueda-de-medicion-fex\/","title":{"rendered":"Rueda de medici\u00f3n Fex"},"content":{"rendered":"<p><b>Rendimiento y precisi\u00f3n absolutos<\/b><\/p>\n<p><span style=\"font-weight: 400;\">La precisi\u00f3n de la medici\u00f3n es esencial para optimizar el corte. Esta rueda garantiza: <\/span><\/p>\n<ul>\n<li style=\"font-weight: 400;\" aria-level=\"1\">Lectura continua y estable: los dientes mecanizados proporcionan un excelente agarre y estabilidad, lo que garantiza una lectura continua de la longitud.<\/li>\n<li style=\"font-weight: 400;\" aria-level=\"1\">Agarre superior: eficaz incluso en troncos con corteza mojada, resbaladiza o irregular y en terrenos dif\u00edciles.<\/li>\n<\/ul>\n<p><b>Construcci\u00f3n duradera y de alta resistencia<\/b><\/p>\n<p><span style=\"font-weight: 400;\">Dise\u00f1ado para soportar trabajos pesados \u200b\u200by garantizar la m\u00e1xima longevidad:<\/span><\/p>\n<ul>\n<li style=\"font-weight: 400;\" aria-level=\"1\">Material: Fabricado en acero especial de alta resistencia con tratamiento t\u00e9rmico.<\/li>\n<li style=\"font-weight: 400;\" aria-level=\"1\">Durabilidad: Ofrece una durabilidad extremadamente alta, soportando las condiciones de campo m\u00e1s severas.<\/li>\n<\/ul>\n<p><b>Compatibilidad y adaptaci\u00f3n<\/b><\/p>\n<p><span style=\"font-weight: 400;\">Esta rueda es una soluci\u00f3n vers\u00e1til para su flota:<\/span><\/p>\n<ul>\n<li style=\"font-weight: 400;\" aria-level=\"1\">Compatibilidad universal: Es adaptable y compatible con todos los modelos de cabezal Harvester.<\/li>\n<li style=\"font-weight: 400;\" aria-level=\"1\">Personalizaci\u00f3n: Se puede modificar seg\u00fan las necesidades de la operaci\u00f3n, con diferentes est\u00e1ndares de di\u00e1metro y perfil.<\/li>\n<\/ul>\n<p><i><span style=\"font-weight: 400;\">Producto con rendimiento y durabilidad incomparables.<\/span><\/i><\/p>\n","protected":false},"excerpt":{"rendered":"<p>Rueda de medici\u00f3n para cabezales de cosechadora<br \/>La rueda de medici\u00f3n est\u00e1 dise\u00f1ada para garantizar una precisi\u00f3n absoluta en la lectura de la longitud de los troncos durante la cosecha con cabezales de cosechadora.<br \/>Con un dise\u00f1o innovador y una construcci\u00f3n robusta, garantiza un rendimiento ininterrumpido y fiable, incluso en las condiciones de campo m\u00e1s severas.<\/p>\n","protected":false},"featured_media":5188,"comment_status":"closed","ping_status":"closed","template":"","meta":[],"product_brand":[],"product_cat":[313,262],"product_tag":[],"class_list":{"0":"post-5856","1":"product","2":"type-product","3":"status-publish","4":"has-post-thumbnail","6":"product_cat-rueda-de-medicion","7":"product_cat-silvi","8":"ts_product_brand-silvicultura-fex","10":"first","11":"instock","12":"shipping-taxable","13":"product-type-simple"},"yoast_head":"<!-- This site is optimized with the Yoast SEO plugin v27.3 - https:\/\/yoast.com\/product\/yoast-seo-wordpress\/ -->\n<title>Rueda de medici\u00f3n Fex - Fex<\/title>\n<meta name=\"robots\" content=\"index, follow, max-snippet:-1, max-image-preview:large, max-video-preview:-1\" \/>\n<link rel=\"canonical\" href=\"https:\/\/fex.net.br\/produto\/roda-de-medicao\/\" \/>\n<meta property=\"og:locale\" content=\"es_ES\" \/>\n<meta property=\"og:type\" content=\"article\" \/>\n<meta property=\"og:title\" content=\"Rueda de medici\u00f3n Fex - Fex\" \/>\n<meta property=\"og:description\" content=\"Rueda de medici\u00f3n para cabezales de cosechadoraLa rueda de medici\u00f3n est\u00e1 dise\u00f1ada para garantizar una precisi\u00f3n absoluta en la lectura de la longitud de los troncos durante la cosecha con cabezales de cosechadora.Con un dise\u00f1o innovador y una construcci\u00f3n robusta, garantiza un rendimiento ininterrumpido y fiable, incluso en las condiciones de campo m\u00e1s severas.\" \/>\n<meta property=\"og:url\" content=\"https:\/\/fex.net.br\/produto\/roda-de-medicao\/\" \/>\n<meta property=\"og:site_name\" content=\"Fex\" \/>\n<meta property=\"og:image\" content=\"https:\/\/fex.net.br\/wp-content\/uploads\/2025\/10\/RODA-DE-MEDICAO-1.png\" \/>\n\t<meta property=\"og:image:width\" content=\"1080\" \/>\n\t<meta property=\"og:image:height\" content=\"1080\" \/>\n\t<meta property=\"og:image:type\" content=\"image\/png\" \/>\n<meta name=\"twitter:card\" content=\"summary_large_image\" \/>\n<meta name=\"twitter:label1\" content=\"Tiempo de lectura\" \/>\n\t<meta name=\"twitter:data1\" content=\"1 minuto\" \/>\n<script type=\"application\/ld+json\" class=\"yoast-schema-graph\">{\"@context\":\"https:\\\/\\\/schema.org\",\"@graph\":[{\"@type\":\"WebPage\",\"@id\":\"https:\\\/\\\/fex.net.br\\\/produto\\\/roda-de-medicao\\\/\",\"url\":\"https:\\\/\\\/fex.net.br\\\/produto\\\/roda-de-medicao\\\/\",\"name\":\"Rueda de medici\u00f3n Fex - Fex\",\"isPartOf\":{\"@id\":\"https:\\\/\\\/fex.net.br\\\/#website\"},\"primaryImageOfPage\":{\"@id\":\"https:\\\/\\\/fex.net.br\\\/produto\\\/roda-de-medicao\\\/#primaryimage\"},\"image\":{\"@id\":\"https:\\\/\\\/fex.net.br\\\/produto\\\/roda-de-medicao\\\/#primaryimage\"},\"thumbnailUrl\":\"https:\\\/\\\/fex.net.br\\\/wp-content\\\/uploads\\\/2025\\\/10\\\/RODA-DE-MEDICAO-1.png\",\"datePublished\":\"2025-10-13T04:59:16+00:00\",\"breadcrumb\":{\"@id\":\"https:\\\/\\\/fex.net.br\\\/produto\\\/roda-de-medicao\\\/#breadcrumb\"},\"inLanguage\":\"es\",\"potentialAction\":[{\"@type\":\"ReadAction\",\"target\":[\"https:\\\/\\\/fex.net.br\\\/produto\\\/roda-de-medicao\\\/\"]}]},{\"@type\":\"ImageObject\",\"inLanguage\":\"es\",\"@id\":\"https:\\\/\\\/fex.net.br\\\/produto\\\/roda-de-medicao\\\/#primaryimage\",\"url\":\"https:\\\/\\\/fex.net.br\\\/wp-content\\\/uploads\\\/2025\\\/10\\\/RODA-DE-MEDICAO-1.png\",\"contentUrl\":\"https:\\\/\\\/fex.net.br\\\/wp-content\\\/uploads\\\/2025\\\/10\\\/RODA-DE-MEDICAO-1.png\",\"width\":1080,\"height\":1080},{\"@type\":\"BreadcrumbList\",\"@id\":\"https:\\\/\\\/fex.net.br\\\/produto\\\/roda-de-medicao\\\/#breadcrumb\",\"itemListElement\":[{\"@type\":\"ListItem\",\"position\":1,\"name\":\"In\u00edcio\",\"item\":\"https:\\\/\\\/fex.net.br\\\/es\\\/\"},{\"@type\":\"ListItem\",\"position\":2,\"name\":\"Tienda\",\"item\":\"https:\\\/\\\/fex.net.br\\\/es\\\/tienda\\\/\"},{\"@type\":\"ListItem\",\"position\":3,\"name\":\"Rueda de medici\u00f3n Fex\"}]},{\"@type\":\"WebSite\",\"@id\":\"https:\\\/\\\/fex.net.br\\\/#website\",\"url\":\"https:\\\/\\\/fex.net.br\\\/\",\"name\":\"Fex\",\"description\":\"Ferro e A\u00e7o\",\"potentialAction\":[{\"@type\":\"SearchAction\",\"target\":{\"@type\":\"EntryPoint\",\"urlTemplate\":\"https:\\\/\\\/fex.net.br\\\/?s={search_term_string}\"},\"query-input\":{\"@type\":\"PropertyValueSpecification\",\"valueRequired\":true,\"valueName\":\"search_term_string\"}}],\"inLanguage\":\"es\"}]}<\/script>\n<!-- \/ Yoast SEO plugin. -->","yoast_head_json":{"title":"Rueda de medici\u00f3n Fex - Fex","robots":{"index":"index","follow":"follow","max-snippet":"max-snippet:-1","max-image-preview":"max-image-preview:large","max-video-preview":"max-video-preview:-1"},"canonical":"https:\/\/fex.net.br\/produto\/roda-de-medicao\/","og_locale":"es_ES","og_type":"article","og_title":"Rueda de medici\u00f3n Fex - Fex","og_description":"Rueda de medici\u00f3n para cabezales de cosechadoraLa rueda de medici\u00f3n est\u00e1 dise\u00f1ada para garantizar una precisi\u00f3n absoluta en la lectura de la longitud de los troncos durante la cosecha con cabezales de cosechadora.Con un dise\u00f1o innovador y una construcci\u00f3n robusta, garantiza un rendimiento ininterrumpido y fiable, incluso en las condiciones de campo m\u00e1s severas.","og_url":"https:\/\/fex.net.br\/produto\/roda-de-medicao\/","og_site_name":"Fex","og_image":[{"width":1080,"height":1080,"url":"https:\/\/fex.net.br\/wp-content\/uploads\/2025\/10\/RODA-DE-MEDICAO-1.png","type":"image\/png"}],"twitter_card":"summary_large_image","twitter_misc":{"Tiempo de lectura":"1 minuto"},"schema":{"@context":"https:\/\/schema.org","@graph":[{"@type":"WebPage","@id":"https:\/\/fex.net.br\/produto\/roda-de-medicao\/","url":"https:\/\/fex.net.br\/produto\/roda-de-medicao\/","name":"Rueda de medici\u00f3n Fex - Fex","isPartOf":{"@id":"https:\/\/fex.net.br\/#website"},"primaryImageOfPage":{"@id":"https:\/\/fex.net.br\/produto\/roda-de-medicao\/#primaryimage"},"image":{"@id":"https:\/\/fex.net.br\/produto\/roda-de-medicao\/#primaryimage"},"thumbnailUrl":"https:\/\/fex.net.br\/wp-content\/uploads\/2025\/10\/RODA-DE-MEDICAO-1.png","datePublished":"2025-10-13T04:59:16+00:00","breadcrumb":{"@id":"https:\/\/fex.net.br\/produto\/roda-de-medicao\/#breadcrumb"},"inLanguage":"es","potentialAction":[{"@type":"ReadAction","target":["https:\/\/fex.net.br\/produto\/roda-de-medicao\/"]}]},{"@type":"ImageObject","inLanguage":"es","@id":"https:\/\/fex.net.br\/produto\/roda-de-medicao\/#primaryimage","url":"https:\/\/fex.net.br\/wp-content\/uploads\/2025\/10\/RODA-DE-MEDICAO-1.png","contentUrl":"https:\/\/fex.net.br\/wp-content\/uploads\/2025\/10\/RODA-DE-MEDICAO-1.png","width":1080,"height":1080},{"@type":"BreadcrumbList","@id":"https:\/\/fex.net.br\/produto\/roda-de-medicao\/#breadcrumb","itemListElement":[{"@type":"ListItem","position":1,"name":"In\u00edcio","item":"https:\/\/fex.net.br\/es\/"},{"@type":"ListItem","position":2,"name":"Tienda","item":"https:\/\/fex.net.br\/es\/tienda\/"},{"@type":"ListItem","position":3,"name":"Rueda de medici\u00f3n Fex"}]},{"@type":"WebSite","@id":"https:\/\/fex.net.br\/#website","url":"https:\/\/fex.net.br\/","name":"Fex","description":"Ferro e A\u00e7o","potentialAction":[{"@type":"SearchAction","target":{"@type":"EntryPoint","urlTemplate":"https:\/\/fex.net.br\/?s={search_term_string}"},"query-input":{"@type":"PropertyValueSpecification","valueRequired":true,"valueName":"search_term_string"}}],"inLanguage":"es"}]}},"_links":{"self":[{"href":"https:\/\/fex.net.br\/es\/wp-json\/wp\/v2\/product\/5856","targetHints":{"allow":["GET"]}}],"collection":[{"href":"https:\/\/fex.net.br\/es\/wp-json\/wp\/v2\/product"}],"about":[{"href":"https:\/\/fex.net.br\/es\/wp-json\/wp\/v2\/types\/product"}],"replies":[{"embeddable":true,"href":"https:\/\/fex.net.br\/es\/wp-json\/wp\/v2\/comments?post=5856"}],"wp:featuredmedia":[{"embeddable":true,"href":"https:\/\/fex.net.br\/es\/wp-json\/wp\/v2\/media\/5188"}],"wp:attachment":[{"href":"https:\/\/fex.net.br\/es\/wp-json\/wp\/v2\/media?parent=5856"}],"wp:term":[{"taxonomy":"product_brand","embeddable":true,"href":"https:\/\/fex.net.br\/es\/wp-json\/wp\/v2\/product_brand?post=5856"},{"taxonomy":"product_cat","embeddable":true,"href":"https:\/\/fex.net.br\/es\/wp-json\/wp\/v2\/product_cat?post=5856"},{"taxonomy":"product_tag","embeddable":true,"href":"https:\/\/fex.net.br\/es\/wp-json\/wp\/v2\/product_tag?post=5856"}],"curies":[{"name":"wp","href":"https:\/\/api.w.org\/{rel}","templated":true}]}}