{"id":5848,"date":"2025-10-13T04:55:55","date_gmt":"2025-10-13T04:55:55","guid":{"rendered":"https:\/\/fex.net.br\/produto\/plataforma-forestal\/"},"modified":"2025-10-13T04:55:55","modified_gmt":"2025-10-13T04:55:55","slug":"plataforma-forestal","status":"publish","type":"product","link":"https:\/\/fex.net.br\/es\/produto\/plataforma-forestal\/","title":{"rendered":"Plataforma Forestal"},"content":{"rendered":"<p><b>Rendimiento, durabilidad y ligereza incomparables<\/b><\/p>\n<p>Fabricado con acero de alta resistencia, el FEX ha demostrado ser el m\u00e1s ligero del mercado, optimizando as\u00ed su capacidad de carga \u00fatil. Nuestras principales ventajas operativas incluyen:<\/p>\n<ul>\n<li style=\"font-weight: 400;\" aria-level=\"1\">Mayor durabilidad: Gracias a su construcci\u00f3n superior.<\/li>\n<li style=\"font-weight: 400;\" aria-level=\"1\">Menos tiempo de mantenimiento: reducci\u00f3n de tiempos de inactividad y costos operativos.<\/li>\n<li style=\"font-weight: 400;\" aria-level=\"1\">Mayor productividad y rentabilidad: mediante un rendimiento constante y un menor peso.<\/li>\n<li style=\"font-weight: 400;\" aria-level=\"1\">F\u00e1cil Manejo: Optimizando el tiempo de carga y descarga.<\/li>\n<\/ul>\n<p><b>Dise\u00f1o prism\u00e1tico y estructura robusta<\/b><\/p>\n<p>El secreto de la ligereza y la resistencia reside en nuestro dise\u00f1o estructural. El marco de dise\u00f1o prism\u00e1tico es la clave de la excelencia de la plataforma:<\/p>\n<ul>\n<li style=\"font-weight: 400;\" aria-level=\"1\">Ligereza y Resistencia: El dise\u00f1o prism\u00e1tico proporciona un equilibrio ideal entre bajo peso y alta capacidad de soporte.<\/li>\n<li style=\"font-weight: 400;\" aria-level=\"1\">Adaptabilidad: Con pocos puntos de soldadura, el bastidor es adaptable a cualquier modelo y marca de chasis, facilitando la integraci\u00f3n en su flota.<\/li>\n<li style=\"font-weight: 400;\" aria-level=\"1\">Material de \u00faltima generaci\u00f3n: Est\u00e1 construido 100% con materiales de alta resistencia mec\u00e1nica.<\/li>\n<\/ul>\n<p><b>Tecnolog\u00eda exclusiva y control de calidad<\/b><\/p>\n<p>La b\u00fasqueda de cero fallos nos llev\u00f3 a desarrollar un proceso de fabricaci\u00f3n de precisi\u00f3n: la Exclusiva Tecnolog\u00eda FEX.<\/p>\n<p>M\u00ednimo n\u00famero de uniones y soldaduras: Gracias a nuestro innovador proceso de creaci\u00f3n, corte y plegado, totalmente informatizado, FueiroFex dispone del m\u00ednimo n\u00famero posible de soldaduras y uniones.<\/p>\n<ul>\n<li style=\"font-weight: 400;\" aria-level=\"1\">Cero Fatiga: Esto reduce dr\u00e1sticamente cualquier posibilidad de rotura o ruptura de puntos debido a la fatiga estructural.<\/li>\n<li style=\"font-weight: 400;\" aria-level=\"1\">Seguridad calculada: El dise\u00f1o permite una flexibilidad cuidadosamente calculada para acomodar la carga con total seguridad.<\/li>\n<\/ul>\n<p>Cada etapa de desarrollo se somete a un riguroso control de calidad, que incluye pruebas peri\u00f3dicas de resistencia y durabilidad, garantizando la absoluta calidad del producto final.<\/p>\n","protected":false},"excerpt":{"rendered":"<p>Plataforma Forestal FEX: Innovaci\u00f3n a la Medida de su Negocio<br \/>La Plataforma Forestal FEX fue dise\u00f1ada a medida para satisfacer las necesidades m\u00e1s exigentes de nuestros clientes, redefiniendo los est\u00e1ndares de eficiencia y durabilidad en el transporte forestal. Al integrar ingenier\u00eda avanzada y materiales de alto rendimiento, garantizamos un producto que se traduce directamente en mayor productividad y rentabilidad para su operaci\u00f3n.<\/p>\n","protected":false},"featured_media":5187,"comment_status":"closed","ping_status":"closed","template":"","meta":[],"product_brand":[],"product_cat":[311,262],"product_tag":[],"class_list":{"0":"post-5848","1":"product","2":"type-product","3":"status-publish","4":"has-post-thumbnail","6":"product_cat-plataforma-forestal","7":"product_cat-silvi","8":"ts_product_brand-silvicultura-fex","10":"first","11":"instock","12":"shipping-taxable","13":"product-type-simple"},"yoast_head":"<!-- This site is optimized with the Yoast SEO plugin v27.3 - https:\/\/yoast.com\/product\/yoast-seo-wordpress\/ -->\n<title>Plataforma Forestal - Fex<\/title>\n<meta name=\"robots\" content=\"index, follow, max-snippet:-1, max-image-preview:large, max-video-preview:-1\" \/>\n<link rel=\"canonical\" href=\"https:\/\/fex.net.br\/produto\/plataforma-florestal\/\" \/>\n<meta property=\"og:locale\" content=\"es_ES\" \/>\n<meta property=\"og:type\" content=\"article\" \/>\n<meta property=\"og:title\" content=\"Plataforma Forestal - Fex\" \/>\n<meta property=\"og:description\" content=\"Plataforma Forestal FEX: Innovaci\u00f3n a la Medida de su NegocioLa Plataforma Forestal FEX fue dise\u00f1ada a medida para satisfacer las necesidades m\u00e1s exigentes de nuestros clientes, redefiniendo los est\u00e1ndares de eficiencia y durabilidad en el transporte forestal. Al integrar ingenier\u00eda avanzada y materiales de alto rendimiento, garantizamos un producto que se traduce directamente en mayor productividad y rentabilidad para su operaci\u00f3n.\" \/>\n<meta property=\"og:url\" content=\"https:\/\/fex.net.br\/produto\/plataforma-florestal\/\" \/>\n<meta property=\"og:site_name\" content=\"Fex\" \/>\n<meta property=\"og:image\" content=\"https:\/\/fex.net.br\/wp-content\/uploads\/2025\/10\/PLATAFORMA-FLORESTAL-1.png\" \/>\n\t<meta property=\"og:image:width\" content=\"1080\" \/>\n\t<meta property=\"og:image:height\" content=\"1080\" \/>\n\t<meta property=\"og:image:type\" content=\"image\/png\" \/>\n<meta name=\"twitter:card\" content=\"summary_large_image\" \/>\n<meta name=\"twitter:label1\" content=\"Tiempo de lectura\" \/>\n\t<meta name=\"twitter:data1\" content=\"1 minuto\" \/>\n<script type=\"application\/ld+json\" class=\"yoast-schema-graph\">{\"@context\":\"https:\\\/\\\/schema.org\",\"@graph\":[{\"@type\":\"WebPage\",\"@id\":\"https:\\\/\\\/fex.net.br\\\/produto\\\/plataforma-florestal\\\/\",\"url\":\"https:\\\/\\\/fex.net.br\\\/produto\\\/plataforma-florestal\\\/\",\"name\":\"Plataforma Forestal - Fex\",\"isPartOf\":{\"@id\":\"https:\\\/\\\/fex.net.br\\\/#website\"},\"primaryImageOfPage\":{\"@id\":\"https:\\\/\\\/fex.net.br\\\/produto\\\/plataforma-florestal\\\/#primaryimage\"},\"image\":{\"@id\":\"https:\\\/\\\/fex.net.br\\\/produto\\\/plataforma-florestal\\\/#primaryimage\"},\"thumbnailUrl\":\"https:\\\/\\\/fex.net.br\\\/wp-content\\\/uploads\\\/2025\\\/10\\\/PLATAFORMA-FLORESTAL-1.png\",\"datePublished\":\"2025-10-13T04:55:55+00:00\",\"breadcrumb\":{\"@id\":\"https:\\\/\\\/fex.net.br\\\/produto\\\/plataforma-florestal\\\/#breadcrumb\"},\"inLanguage\":\"es\",\"potentialAction\":[{\"@type\":\"ReadAction\",\"target\":[\"https:\\\/\\\/fex.net.br\\\/produto\\\/plataforma-florestal\\\/\"]}]},{\"@type\":\"ImageObject\",\"inLanguage\":\"es\",\"@id\":\"https:\\\/\\\/fex.net.br\\\/produto\\\/plataforma-florestal\\\/#primaryimage\",\"url\":\"https:\\\/\\\/fex.net.br\\\/wp-content\\\/uploads\\\/2025\\\/10\\\/PLATAFORMA-FLORESTAL-1.png\",\"contentUrl\":\"https:\\\/\\\/fex.net.br\\\/wp-content\\\/uploads\\\/2025\\\/10\\\/PLATAFORMA-FLORESTAL-1.png\",\"width\":1080,\"height\":1080},{\"@type\":\"BreadcrumbList\",\"@id\":\"https:\\\/\\\/fex.net.br\\\/produto\\\/plataforma-florestal\\\/#breadcrumb\",\"itemListElement\":[{\"@type\":\"ListItem\",\"position\":1,\"name\":\"In\u00edcio\",\"item\":\"https:\\\/\\\/fex.net.br\\\/es\\\/\"},{\"@type\":\"ListItem\",\"position\":2,\"name\":\"Tienda\",\"item\":\"https:\\\/\\\/fex.net.br\\\/es\\\/tienda\\\/\"},{\"@type\":\"ListItem\",\"position\":3,\"name\":\"Plataforma Forestal\"}]},{\"@type\":\"WebSite\",\"@id\":\"https:\\\/\\\/fex.net.br\\\/#website\",\"url\":\"https:\\\/\\\/fex.net.br\\\/\",\"name\":\"Fex\",\"description\":\"Ferro e A\u00e7o\",\"potentialAction\":[{\"@type\":\"SearchAction\",\"target\":{\"@type\":\"EntryPoint\",\"urlTemplate\":\"https:\\\/\\\/fex.net.br\\\/?s={search_term_string}\"},\"query-input\":{\"@type\":\"PropertyValueSpecification\",\"valueRequired\":true,\"valueName\":\"search_term_string\"}}],\"inLanguage\":\"es\"}]}<\/script>\n<!-- \/ Yoast SEO plugin. -->","yoast_head_json":{"title":"Plataforma Forestal - Fex","robots":{"index":"index","follow":"follow","max-snippet":"max-snippet:-1","max-image-preview":"max-image-preview:large","max-video-preview":"max-video-preview:-1"},"canonical":"https:\/\/fex.net.br\/produto\/plataforma-florestal\/","og_locale":"es_ES","og_type":"article","og_title":"Plataforma Forestal - Fex","og_description":"Plataforma Forestal FEX: Innovaci\u00f3n a la Medida de su NegocioLa Plataforma Forestal FEX fue dise\u00f1ada a medida para satisfacer las necesidades m\u00e1s exigentes de nuestros clientes, redefiniendo los est\u00e1ndares de eficiencia y durabilidad en el transporte forestal. Al integrar ingenier\u00eda avanzada y materiales de alto rendimiento, garantizamos un producto que se traduce directamente en mayor productividad y rentabilidad para su operaci\u00f3n.","og_url":"https:\/\/fex.net.br\/produto\/plataforma-florestal\/","og_site_name":"Fex","og_image":[{"width":1080,"height":1080,"url":"https:\/\/fex.net.br\/wp-content\/uploads\/2025\/10\/PLATAFORMA-FLORESTAL-1.png","type":"image\/png"}],"twitter_card":"summary_large_image","twitter_misc":{"Tiempo de lectura":"1 minuto"},"schema":{"@context":"https:\/\/schema.org","@graph":[{"@type":"WebPage","@id":"https:\/\/fex.net.br\/produto\/plataforma-florestal\/","url":"https:\/\/fex.net.br\/produto\/plataforma-florestal\/","name":"Plataforma Forestal - Fex","isPartOf":{"@id":"https:\/\/fex.net.br\/#website"},"primaryImageOfPage":{"@id":"https:\/\/fex.net.br\/produto\/plataforma-florestal\/#primaryimage"},"image":{"@id":"https:\/\/fex.net.br\/produto\/plataforma-florestal\/#primaryimage"},"thumbnailUrl":"https:\/\/fex.net.br\/wp-content\/uploads\/2025\/10\/PLATAFORMA-FLORESTAL-1.png","datePublished":"2025-10-13T04:55:55+00:00","breadcrumb":{"@id":"https:\/\/fex.net.br\/produto\/plataforma-florestal\/#breadcrumb"},"inLanguage":"es","potentialAction":[{"@type":"ReadAction","target":["https:\/\/fex.net.br\/produto\/plataforma-florestal\/"]}]},{"@type":"ImageObject","inLanguage":"es","@id":"https:\/\/fex.net.br\/produto\/plataforma-florestal\/#primaryimage","url":"https:\/\/fex.net.br\/wp-content\/uploads\/2025\/10\/PLATAFORMA-FLORESTAL-1.png","contentUrl":"https:\/\/fex.net.br\/wp-content\/uploads\/2025\/10\/PLATAFORMA-FLORESTAL-1.png","width":1080,"height":1080},{"@type":"BreadcrumbList","@id":"https:\/\/fex.net.br\/produto\/plataforma-florestal\/#breadcrumb","itemListElement":[{"@type":"ListItem","position":1,"name":"In\u00edcio","item":"https:\/\/fex.net.br\/es\/"},{"@type":"ListItem","position":2,"name":"Tienda","item":"https:\/\/fex.net.br\/es\/tienda\/"},{"@type":"ListItem","position":3,"name":"Plataforma Forestal"}]},{"@type":"WebSite","@id":"https:\/\/fex.net.br\/#website","url":"https:\/\/fex.net.br\/","name":"Fex","description":"Ferro e A\u00e7o","potentialAction":[{"@type":"SearchAction","target":{"@type":"EntryPoint","urlTemplate":"https:\/\/fex.net.br\/?s={search_term_string}"},"query-input":{"@type":"PropertyValueSpecification","valueRequired":true,"valueName":"search_term_string"}}],"inLanguage":"es"}]}},"_links":{"self":[{"href":"https:\/\/fex.net.br\/es\/wp-json\/wp\/v2\/product\/5848","targetHints":{"allow":["GET"]}}],"collection":[{"href":"https:\/\/fex.net.br\/es\/wp-json\/wp\/v2\/product"}],"about":[{"href":"https:\/\/fex.net.br\/es\/wp-json\/wp\/v2\/types\/product"}],"replies":[{"embeddable":true,"href":"https:\/\/fex.net.br\/es\/wp-json\/wp\/v2\/comments?post=5848"}],"wp:featuredmedia":[{"embeddable":true,"href":"https:\/\/fex.net.br\/es\/wp-json\/wp\/v2\/media\/5187"}],"wp:attachment":[{"href":"https:\/\/fex.net.br\/es\/wp-json\/wp\/v2\/media?parent=5848"}],"wp:term":[{"taxonomy":"product_brand","embeddable":true,"href":"https:\/\/fex.net.br\/es\/wp-json\/wp\/v2\/product_brand?post=5848"},{"taxonomy":"product_cat","embeddable":true,"href":"https:\/\/fex.net.br\/es\/wp-json\/wp\/v2\/product_cat?post=5848"},{"taxonomy":"product_tag","embeddable":true,"href":"https:\/\/fex.net.br\/es\/wp-json\/wp\/v2\/product_tag?post=5848"}],"curies":[{"name":"wp","href":"https:\/\/api.w.org\/{rel}","templated":true}]}}