{"id":5837,"date":"2025-10-13T04:41:39","date_gmt":"2025-10-13T04:41:39","guid":{"rendered":"https:\/\/fex.net.br\/produto\/transportista-malhal\/"},"modified":"2025-10-13T04:41:39","modified_gmt":"2025-10-13T04:41:39","slug":"transportista-malhal","status":"publish","type":"product","link":"https:\/\/fex.net.br\/es\/produto\/transportista-malhal\/","title":{"rendered":"Transportista Malhal"},"content":{"rendered":"<p><iframe src=\"https:\/\/unntech.com.br\/factory\/fex\/MALHAL_FOWARDER.html\" width=\"600px\" height=\"600px\"><span data-mce-type=\"bookmark\" style=\"display: inline-block; width: 0px; overflow: hidden; line-height: 0;\" class=\"mce_SELRES_start\"><\/span><\/iframe><\/p>\n<p>&nbsp;<\/p>\n<p><b>Principales caracter\u00edsticas y beneficios:<\/b><\/p>\n<ul>\n<li style=\"font-weight: 400;\" aria-level=\"1\"><b>Reten\u00e7\u00e3o de Carga:<\/b><span style=\"font-weight: 400;\"> O papel prim\u00e1rio \u00e9 garantir que a pilha de madeira permane\u00e7a est\u00e1vel e segura, mesmo em terrenos inclinados ou irregulares.<\/span><\/li>\n<li style=\"font-weight: 400;\" aria-level=\"1\">Ajustabilidad: Los trineos suelen ser ajustables en anchura y altura. Esta flexibilidad permite al operador optimizar la capacidad de carga en funci\u00f3n del di\u00e1metro y la longitud de los troncos transportados, maximizando as\u00ed el volumen por viaje.<\/li>\n<li style=\"font-weight: 400;\" aria-level=\"1\">Distribuci\u00f3n del peso: El dise\u00f1o de malla ayuda a distribuir el peso de la carga de manera uniforme sobre el chasis, lo que es vital para la estabilidad de la m\u00e1quina y para minimizar el impacto en el suelo (reduciendo la compactaci\u00f3n).<\/li>\n<li style=\"font-weight: 400;\" aria-level=\"1\">Punto de referencia de carga: La cuadr\u00edcula proporciona referencias claras para el operador de la gr\u00faa durante la carga, garantizando que se logre el volumen m\u00e1ximo sin exceder las dimensiones seguras de la m\u00e1quina.<\/li>\n<\/ul>\n<ol start=\"3\">\n<li><b> La importancia de la log\u00edstica forestal<\/b><\/li>\n<\/ol>\n<p>El autocargador, asistido por la trilladora, es indispensable durante la fase de extracci\u00f3n (o transporte) de la madera. Permite:<\/p>\n<ul>\n<li style=\"font-weight: 400;\" aria-level=\"1\">Bajo impacto ambiental: En lugar de arrastrar los troncos (como se har\u00eda con el arrastre), el autocargador transporta la madera a una altura superior al suelo. Esto reduce significativamente la alteraci\u00f3n y compactaci\u00f3n de la capa superficial del suelo, esencial para la sostenibilidad.<\/li>\n<li style=\"font-weight: 400;\" aria-level=\"1\">Eficiencia y Productividad: Gracias a su capacidad de autocarga y a la seguridad que proporciona la malla, realiza ciclos de transporte r\u00e1pidos con alta capacidad volum\u00e9trica.<\/li>\n<li style=\"font-weight: 400;\" aria-level=\"1\">Seguridad Operacional: La carga bien contenida por la malla reduce dr\u00e1sticamente el riesgo de accidentes causados \u200b\u200bpor troncos sueltos.<\/li>\n<\/ul>\n<p>En resumen, el forwarder es la m\u00e1quina de transporte, y la malla es el sistema de retenci\u00f3n y optimizaci\u00f3n de volumen que hace que este transporte sea seguro y eficiente, especialmente en operaciones \u201cstump-to-yard\u201d.<\/p>\n","protected":false},"excerpt":{"rendered":"<p>La funci\u00f3n de las literas (estacas de carga)<br \/>Las literas (o estacas\/jaulas de carga) son el conjunto de pilares laterales y travesa\u00f1os que forman el compartimento de carga del autocargador. Son la columna vertebral que sujeta la madera durante el transporte.<\/p>\n","protected":false},"featured_media":5174,"comment_status":"closed","ping_status":"closed","template":"","meta":[],"product_brand":[],"product_cat":[306,262],"product_tag":[],"class_list":{"0":"post-5837","1":"product","2":"type-product","3":"status-publish","4":"has-post-thumbnail","6":"product_cat-malhal","7":"product_cat-silvi","9":"first","10":"instock","11":"shipping-taxable","12":"product-type-simple"},"yoast_head":"<!-- This site is optimized with the Yoast SEO plugin v27.3 - https:\/\/yoast.com\/product\/yoast-seo-wordpress\/ -->\n<title>Transportista Malhal - Fex<\/title>\n<meta name=\"robots\" content=\"index, follow, max-snippet:-1, max-image-preview:large, max-video-preview:-1\" \/>\n<link rel=\"canonical\" href=\"https:\/\/fex.net.br\/produto\/malhal-fowarder\/\" \/>\n<meta property=\"og:locale\" content=\"es_ES\" \/>\n<meta property=\"og:type\" content=\"article\" \/>\n<meta property=\"og:title\" content=\"Transportista Malhal - Fex\" \/>\n<meta property=\"og:description\" content=\"La funci\u00f3n de las literas (estacas de carga)Las literas (o estacas\/jaulas de carga) son el conjunto de pilares laterales y travesa\u00f1os que forman el compartimento de carga del autocargador. Son la columna vertebral que sujeta la madera durante el transporte.\" \/>\n<meta property=\"og:url\" content=\"https:\/\/fex.net.br\/produto\/malhal-fowarder\/\" \/>\n<meta property=\"og:site_name\" content=\"Fex\" \/>\n<meta property=\"og:image\" content=\"https:\/\/fex.net.br\/wp-content\/uploads\/2025\/10\/MALHAL-FORWARDER-1.png\" \/>\n\t<meta property=\"og:image:width\" content=\"1080\" \/>\n\t<meta property=\"og:image:height\" content=\"1080\" \/>\n\t<meta property=\"og:image:type\" content=\"image\/png\" \/>\n<meta name=\"twitter:card\" content=\"summary_large_image\" \/>\n<meta name=\"twitter:label1\" content=\"Tiempo de lectura\" \/>\n\t<meta name=\"twitter:data1\" content=\"2 minutos\" \/>\n<script type=\"application\/ld+json\" class=\"yoast-schema-graph\">{\"@context\":\"https:\\\/\\\/schema.org\",\"@graph\":[{\"@type\":\"WebPage\",\"@id\":\"https:\\\/\\\/fex.net.br\\\/produto\\\/malhal-fowarder\\\/\",\"url\":\"https:\\\/\\\/fex.net.br\\\/produto\\\/malhal-fowarder\\\/\",\"name\":\"Transportista Malhal - Fex\",\"isPartOf\":{\"@id\":\"https:\\\/\\\/fex.net.br\\\/#website\"},\"primaryImageOfPage\":{\"@id\":\"https:\\\/\\\/fex.net.br\\\/produto\\\/malhal-fowarder\\\/#primaryimage\"},\"image\":{\"@id\":\"https:\\\/\\\/fex.net.br\\\/produto\\\/malhal-fowarder\\\/#primaryimage\"},\"thumbnailUrl\":\"https:\\\/\\\/fex.net.br\\\/wp-content\\\/uploads\\\/2025\\\/10\\\/MALHAL-FORWARDER-1.png\",\"datePublished\":\"2025-10-13T04:41:39+00:00\",\"breadcrumb\":{\"@id\":\"https:\\\/\\\/fex.net.br\\\/produto\\\/malhal-fowarder\\\/#breadcrumb\"},\"inLanguage\":\"es\",\"potentialAction\":[{\"@type\":\"ReadAction\",\"target\":[\"https:\\\/\\\/fex.net.br\\\/produto\\\/malhal-fowarder\\\/\"]}]},{\"@type\":\"ImageObject\",\"inLanguage\":\"es\",\"@id\":\"https:\\\/\\\/fex.net.br\\\/produto\\\/malhal-fowarder\\\/#primaryimage\",\"url\":\"https:\\\/\\\/fex.net.br\\\/wp-content\\\/uploads\\\/2025\\\/10\\\/MALHAL-FORWARDER-1.png\",\"contentUrl\":\"https:\\\/\\\/fex.net.br\\\/wp-content\\\/uploads\\\/2025\\\/10\\\/MALHAL-FORWARDER-1.png\",\"width\":1080,\"height\":1080},{\"@type\":\"BreadcrumbList\",\"@id\":\"https:\\\/\\\/fex.net.br\\\/produto\\\/malhal-fowarder\\\/#breadcrumb\",\"itemListElement\":[{\"@type\":\"ListItem\",\"position\":1,\"name\":\"In\u00edcio\",\"item\":\"https:\\\/\\\/fex.net.br\\\/es\\\/\"},{\"@type\":\"ListItem\",\"position\":2,\"name\":\"Tienda\",\"item\":\"https:\\\/\\\/fex.net.br\\\/es\\\/tienda\\\/\"},{\"@type\":\"ListItem\",\"position\":3,\"name\":\"Transportista Malhal\"}]},{\"@type\":\"WebSite\",\"@id\":\"https:\\\/\\\/fex.net.br\\\/#website\",\"url\":\"https:\\\/\\\/fex.net.br\\\/\",\"name\":\"Fex\",\"description\":\"Ferro e A\u00e7o\",\"potentialAction\":[{\"@type\":\"SearchAction\",\"target\":{\"@type\":\"EntryPoint\",\"urlTemplate\":\"https:\\\/\\\/fex.net.br\\\/?s={search_term_string}\"},\"query-input\":{\"@type\":\"PropertyValueSpecification\",\"valueRequired\":true,\"valueName\":\"search_term_string\"}}],\"inLanguage\":\"es\"}]}<\/script>\n<!-- \/ Yoast SEO plugin. -->","yoast_head_json":{"title":"Transportista Malhal - Fex","robots":{"index":"index","follow":"follow","max-snippet":"max-snippet:-1","max-image-preview":"max-image-preview:large","max-video-preview":"max-video-preview:-1"},"canonical":"https:\/\/fex.net.br\/produto\/malhal-fowarder\/","og_locale":"es_ES","og_type":"article","og_title":"Transportista Malhal - Fex","og_description":"La funci\u00f3n de las literas (estacas de carga)Las literas (o estacas\/jaulas de carga) son el conjunto de pilares laterales y travesa\u00f1os que forman el compartimento de carga del autocargador. Son la columna vertebral que sujeta la madera durante el transporte.","og_url":"https:\/\/fex.net.br\/produto\/malhal-fowarder\/","og_site_name":"Fex","og_image":[{"width":1080,"height":1080,"url":"https:\/\/fex.net.br\/wp-content\/uploads\/2025\/10\/MALHAL-FORWARDER-1.png","type":"image\/png"}],"twitter_card":"summary_large_image","twitter_misc":{"Tiempo de lectura":"2 minutos"},"schema":{"@context":"https:\/\/schema.org","@graph":[{"@type":"WebPage","@id":"https:\/\/fex.net.br\/produto\/malhal-fowarder\/","url":"https:\/\/fex.net.br\/produto\/malhal-fowarder\/","name":"Transportista Malhal - Fex","isPartOf":{"@id":"https:\/\/fex.net.br\/#website"},"primaryImageOfPage":{"@id":"https:\/\/fex.net.br\/produto\/malhal-fowarder\/#primaryimage"},"image":{"@id":"https:\/\/fex.net.br\/produto\/malhal-fowarder\/#primaryimage"},"thumbnailUrl":"https:\/\/fex.net.br\/wp-content\/uploads\/2025\/10\/MALHAL-FORWARDER-1.png","datePublished":"2025-10-13T04:41:39+00:00","breadcrumb":{"@id":"https:\/\/fex.net.br\/produto\/malhal-fowarder\/#breadcrumb"},"inLanguage":"es","potentialAction":[{"@type":"ReadAction","target":["https:\/\/fex.net.br\/produto\/malhal-fowarder\/"]}]},{"@type":"ImageObject","inLanguage":"es","@id":"https:\/\/fex.net.br\/produto\/malhal-fowarder\/#primaryimage","url":"https:\/\/fex.net.br\/wp-content\/uploads\/2025\/10\/MALHAL-FORWARDER-1.png","contentUrl":"https:\/\/fex.net.br\/wp-content\/uploads\/2025\/10\/MALHAL-FORWARDER-1.png","width":1080,"height":1080},{"@type":"BreadcrumbList","@id":"https:\/\/fex.net.br\/produto\/malhal-fowarder\/#breadcrumb","itemListElement":[{"@type":"ListItem","position":1,"name":"In\u00edcio","item":"https:\/\/fex.net.br\/es\/"},{"@type":"ListItem","position":2,"name":"Tienda","item":"https:\/\/fex.net.br\/es\/tienda\/"},{"@type":"ListItem","position":3,"name":"Transportista Malhal"}]},{"@type":"WebSite","@id":"https:\/\/fex.net.br\/#website","url":"https:\/\/fex.net.br\/","name":"Fex","description":"Ferro e A\u00e7o","potentialAction":[{"@type":"SearchAction","target":{"@type":"EntryPoint","urlTemplate":"https:\/\/fex.net.br\/?s={search_term_string}"},"query-input":{"@type":"PropertyValueSpecification","valueRequired":true,"valueName":"search_term_string"}}],"inLanguage":"es"}]}},"_links":{"self":[{"href":"https:\/\/fex.net.br\/es\/wp-json\/wp\/v2\/product\/5837","targetHints":{"allow":["GET"]}}],"collection":[{"href":"https:\/\/fex.net.br\/es\/wp-json\/wp\/v2\/product"}],"about":[{"href":"https:\/\/fex.net.br\/es\/wp-json\/wp\/v2\/types\/product"}],"replies":[{"embeddable":true,"href":"https:\/\/fex.net.br\/es\/wp-json\/wp\/v2\/comments?post=5837"}],"wp:featuredmedia":[{"embeddable":true,"href":"https:\/\/fex.net.br\/es\/wp-json\/wp\/v2\/media\/5174"}],"wp:attachment":[{"href":"https:\/\/fex.net.br\/es\/wp-json\/wp\/v2\/media?parent=5837"}],"wp:term":[{"taxonomy":"product_brand","embeddable":true,"href":"https:\/\/fex.net.br\/es\/wp-json\/wp\/v2\/product_brand?post=5837"},{"taxonomy":"product_cat","embeddable":true,"href":"https:\/\/fex.net.br\/es\/wp-json\/wp\/v2\/product_cat?post=5837"},{"taxonomy":"product_tag","embeddable":true,"href":"https:\/\/fex.net.br\/es\/wp-json\/wp\/v2\/product_tag?post=5837"}],"curies":[{"name":"wp","href":"https:\/\/api.w.org\/{rel}","templated":true}]}}