{"id":5815,"date":"2025-10-13T03:04:46","date_gmt":"2025-10-13T03:04:46","guid":{"rendered":"https:\/\/fex.net.br\/produto\/fueiro-fex-forwarder\/"},"modified":"2025-10-13T03:04:46","modified_gmt":"2025-10-13T03:04:46","slug":"fueiro-fex-forwarder","status":"publish","type":"product","link":"https:\/\/fex.net.br\/es\/produto\/fueiro-fex-forwarder\/","title":{"rendered":"Fueiro Fex Forwarder"},"content":{"rendered":"<p><iframe src=\"https:\/\/unntech.com.br\/factory\/fex\/FUEIRO_FORWARDER.html\" width=\"1080px\" height=\"1080px\"><\/iframe><\/p>\n<h3>Diferenciales que aumentan tu agilidad<\/h3>\n<p><strong>1. Seguridad y estabilidad inquebrantables<\/strong><\/p>\n<p>La varilla extra\u00edble con fijaci\u00f3n por tornillos garantiza que su carga permanezca estable y segura, incluso en los terrenos m\u00e1s dif\u00edciles y en las condiciones de trabajo m\u00e1s exigentes. Su robusta fijaci\u00f3n garantiza la tranquilidad operativa. <\/p>\n<p><strong>2. Flexibilidad log\u00edstica total<\/strong><\/p>\n<p>Gracias a su dise\u00f1o inteligente, las barras ocultables extra\u00edbles ofrecen una ventaja log\u00edstica crucial:<\/p>\n<p>Agilidad en Carga\/Descarga: La extracci\u00f3n r\u00e1pida y sencilla de la varilla optimiza el acceso y facilita las operaciones en diferentes \u00e1ngulos.<\/p>\n<p>Transporte por Carretera Simplificado: Pliegue y retire el montante instant\u00e1neamente para reducir la altura del conjunto, garantizando cumplimiento y agilidad en el transporte por carretera.<\/p>\n<h3>Construido para durar<\/h3>\n<p>Olv\u00eddese de las piezas que ceden bajo presi\u00f3n. El autocargador Fueiro est\u00e1 fabricado con materiales de alta resistencia, lo que garantiza una larga vida \u00fatil y un rendimiento fiable d\u00eda tras d\u00eda. Es una inversi\u00f3n en la longevidad y la eficiencia de su cosecha forestal.  <\/p>\n<p>\u00bfQuieres elevar el est\u00e1ndar de tu operaci\u00f3n?<\/p>\n<p>No se conforme con menos que lo \u00faltimo en seguridad, flexibilidad y durabilidad.<\/p>\n<p>Cont\u00e1ctenos hoy y descubra c\u00f3mo Fueiro Forwarder puede transformar su productividad.<\/p>\n","protected":false},"excerpt":{"rendered":"<h3>MAXIMICE SU PRODUCTIVIDAD FORESTAL CON FUEIRO<br \/>\nFORWARDER<\/h3>\n<p>En la log\u00edstica forestal, la eficiencia y la seguridad no son opcionales: son esenciales. Presentamos el Transportador Fueiro, el accesorio definitivo dise\u00f1ado para satisfacer las m\u00e1s exigentes demandas de transporte de madera, transformando la forma de transportar su carga. <\/p>\n<h3>Optimizaci\u00f3n y versatilidad en el campo<\/h3>\n<p>El autocargador Fueiro fue desarrollado para ser el compa\u00f1ero ideal de su flota. Su versatilidad inigualable garantiza una compatibilidad total con autocargadores de alto rendimiento y semirremolques forestales, lo que permite la estandarizaci\u00f3n y simplificaci\u00f3n de sus equipos. <\/p>\n","protected":false},"featured_media":6344,"comment_status":"open","ping_status":"closed","template":"","meta":[],"product_brand":[],"product_cat":[303,260,262],"product_tag":[],"class_list":{"0":"post-5815","1":"product","2":"type-product","3":"status-publish","4":"has-post-thumbnail","6":"product_cat-forwarder","7":"product_cat-fueiro","8":"product_cat-silvi","9":"ts_product_brand-estaca-fex","11":"first","12":"instock","13":"shipping-taxable","14":"product-type-simple"},"yoast_head":"<!-- This site is optimized with the Yoast SEO plugin v27.3 - https:\/\/yoast.com\/product\/yoast-seo-wordpress\/ -->\n<title>Fueiro Fex Forwarder - Fex<\/title>\n<meta name=\"robots\" content=\"index, follow, max-snippet:-1, max-image-preview:large, max-video-preview:-1\" \/>\n<link rel=\"canonical\" href=\"https:\/\/fex.net.br\/es\/produto\/fueiro-fex-forwarder\/\" \/>\n<meta property=\"og:locale\" content=\"es_ES\" \/>\n<meta property=\"og:type\" content=\"article\" \/>\n<meta property=\"og:title\" content=\"Fueiro Fex Forwarder - Fex\" \/>\n<meta property=\"og:description\" content=\"MAXIMICE SU PRODUCTIVIDAD FORESTAL CON FUEIRO FORWARDER En la log\u00edstica forestal, la eficiencia y la seguridad no son opcionales: son esenciales. Presentamos el Transportador Fueiro, el accesorio definitivo dise\u00f1ado para satisfacer las m\u00e1s exigentes demandas de transporte de madera, transformando la forma de transportar su carga. Optimizaci\u00f3n y versatilidad en el campo El autocargador Fueiro fue desarrollado para ser el compa\u00f1ero ideal de su flota. Su versatilidad inigualable garantiza una compatibilidad total con autocargadores de alto rendimiento y semirremolques forestales, lo que permite la estandarizaci\u00f3n y simplificaci\u00f3n de sus equipos.\" \/>\n<meta property=\"og:url\" content=\"https:\/\/fex.net.br\/es\/produto\/fueiro-fex-forwarder\/\" \/>\n<meta property=\"og:site_name\" content=\"Fex\" \/>\n<meta property=\"og:image\" content=\"https:\/\/fex.net.br\/wp-content\/uploads\/2025\/10\/fueiro-forwarder-1-1024x1024.png\" \/>\n\t<meta property=\"og:image:width\" content=\"1024\" \/>\n\t<meta property=\"og:image:height\" content=\"1024\" \/>\n\t<meta property=\"og:image:type\" content=\"image\/png\" \/>\n<meta name=\"twitter:card\" content=\"summary_large_image\" \/>\n<meta name=\"twitter:label1\" content=\"Tiempo de lectura\" \/>\n\t<meta name=\"twitter:data1\" content=\"1 minuto\" \/>\n<script type=\"application\/ld+json\" class=\"yoast-schema-graph\">{\"@context\":\"https:\\\/\\\/schema.org\",\"@graph\":[{\"@type\":\"WebPage\",\"@id\":\"https:\\\/\\\/fex.net.br\\\/es\\\/produto\\\/fueiro-fex-forwarder\\\/\",\"url\":\"https:\\\/\\\/fex.net.br\\\/es\\\/produto\\\/fueiro-fex-forwarder\\\/\",\"name\":\"Fueiro Fex Forwarder - Fex\",\"isPartOf\":{\"@id\":\"https:\\\/\\\/fex.net.br\\\/#website\"},\"primaryImageOfPage\":{\"@id\":\"https:\\\/\\\/fex.net.br\\\/es\\\/produto\\\/fueiro-fex-forwarder\\\/#primaryimage\"},\"image\":{\"@id\":\"https:\\\/\\\/fex.net.br\\\/es\\\/produto\\\/fueiro-fex-forwarder\\\/#primaryimage\"},\"thumbnailUrl\":\"https:\\\/\\\/fex.net.br\\\/wp-content\\\/uploads\\\/2025\\\/10\\\/fueiro-forwarder-1.png\",\"datePublished\":\"2025-10-13T03:04:46+00:00\",\"breadcrumb\":{\"@id\":\"https:\\\/\\\/fex.net.br\\\/es\\\/produto\\\/fueiro-fex-forwarder\\\/#breadcrumb\"},\"inLanguage\":\"es\",\"potentialAction\":[{\"@type\":\"ReadAction\",\"target\":[\"https:\\\/\\\/fex.net.br\\\/es\\\/produto\\\/fueiro-fex-forwarder\\\/\"]}]},{\"@type\":\"ImageObject\",\"inLanguage\":\"es\",\"@id\":\"https:\\\/\\\/fex.net.br\\\/es\\\/produto\\\/fueiro-fex-forwarder\\\/#primaryimage\",\"url\":\"https:\\\/\\\/fex.net.br\\\/wp-content\\\/uploads\\\/2025\\\/10\\\/fueiro-forwarder-1.png\",\"contentUrl\":\"https:\\\/\\\/fex.net.br\\\/wp-content\\\/uploads\\\/2025\\\/10\\\/fueiro-forwarder-1.png\",\"width\":2048,\"height\":2048},{\"@type\":\"BreadcrumbList\",\"@id\":\"https:\\\/\\\/fex.net.br\\\/es\\\/produto\\\/fueiro-fex-forwarder\\\/#breadcrumb\",\"itemListElement\":[{\"@type\":\"ListItem\",\"position\":1,\"name\":\"In\u00edcio\",\"item\":\"https:\\\/\\\/fex.net.br\\\/es\\\/\"},{\"@type\":\"ListItem\",\"position\":2,\"name\":\"Tienda\",\"item\":\"https:\\\/\\\/fex.net.br\\\/es\\\/tienda\\\/\"},{\"@type\":\"ListItem\",\"position\":3,\"name\":\"Fueiro Fex Forwarder\"}]},{\"@type\":\"WebSite\",\"@id\":\"https:\\\/\\\/fex.net.br\\\/#website\",\"url\":\"https:\\\/\\\/fex.net.br\\\/\",\"name\":\"Fex\",\"description\":\"Ferro e A\u00e7o\",\"potentialAction\":[{\"@type\":\"SearchAction\",\"target\":{\"@type\":\"EntryPoint\",\"urlTemplate\":\"https:\\\/\\\/fex.net.br\\\/?s={search_term_string}\"},\"query-input\":{\"@type\":\"PropertyValueSpecification\",\"valueRequired\":true,\"valueName\":\"search_term_string\"}}],\"inLanguage\":\"es\"}]}<\/script>\n<!-- \/ Yoast SEO plugin. -->","yoast_head_json":{"title":"Fueiro Fex Forwarder - Fex","robots":{"index":"index","follow":"follow","max-snippet":"max-snippet:-1","max-image-preview":"max-image-preview:large","max-video-preview":"max-video-preview:-1"},"canonical":"https:\/\/fex.net.br\/es\/produto\/fueiro-fex-forwarder\/","og_locale":"es_ES","og_type":"article","og_title":"Fueiro Fex Forwarder - Fex","og_description":"MAXIMICE SU PRODUCTIVIDAD FORESTAL CON FUEIRO FORWARDER En la log\u00edstica forestal, la eficiencia y la seguridad no son opcionales: son esenciales. Presentamos el Transportador Fueiro, el accesorio definitivo dise\u00f1ado para satisfacer las m\u00e1s exigentes demandas de transporte de madera, transformando la forma de transportar su carga. Optimizaci\u00f3n y versatilidad en el campo El autocargador Fueiro fue desarrollado para ser el compa\u00f1ero ideal de su flota. Su versatilidad inigualable garantiza una compatibilidad total con autocargadores de alto rendimiento y semirremolques forestales, lo que permite la estandarizaci\u00f3n y simplificaci\u00f3n de sus equipos.","og_url":"https:\/\/fex.net.br\/es\/produto\/fueiro-fex-forwarder\/","og_site_name":"Fex","og_image":[{"width":1024,"height":1024,"url":"https:\/\/fex.net.br\/wp-content\/uploads\/2025\/10\/fueiro-forwarder-1-1024x1024.png","type":"image\/png"}],"twitter_card":"summary_large_image","twitter_misc":{"Tiempo de lectura":"1 minuto"},"schema":{"@context":"https:\/\/schema.org","@graph":[{"@type":"WebPage","@id":"https:\/\/fex.net.br\/es\/produto\/fueiro-fex-forwarder\/","url":"https:\/\/fex.net.br\/es\/produto\/fueiro-fex-forwarder\/","name":"Fueiro Fex Forwarder - Fex","isPartOf":{"@id":"https:\/\/fex.net.br\/#website"},"primaryImageOfPage":{"@id":"https:\/\/fex.net.br\/es\/produto\/fueiro-fex-forwarder\/#primaryimage"},"image":{"@id":"https:\/\/fex.net.br\/es\/produto\/fueiro-fex-forwarder\/#primaryimage"},"thumbnailUrl":"https:\/\/fex.net.br\/wp-content\/uploads\/2025\/10\/fueiro-forwarder-1.png","datePublished":"2025-10-13T03:04:46+00:00","breadcrumb":{"@id":"https:\/\/fex.net.br\/es\/produto\/fueiro-fex-forwarder\/#breadcrumb"},"inLanguage":"es","potentialAction":[{"@type":"ReadAction","target":["https:\/\/fex.net.br\/es\/produto\/fueiro-fex-forwarder\/"]}]},{"@type":"ImageObject","inLanguage":"es","@id":"https:\/\/fex.net.br\/es\/produto\/fueiro-fex-forwarder\/#primaryimage","url":"https:\/\/fex.net.br\/wp-content\/uploads\/2025\/10\/fueiro-forwarder-1.png","contentUrl":"https:\/\/fex.net.br\/wp-content\/uploads\/2025\/10\/fueiro-forwarder-1.png","width":2048,"height":2048},{"@type":"BreadcrumbList","@id":"https:\/\/fex.net.br\/es\/produto\/fueiro-fex-forwarder\/#breadcrumb","itemListElement":[{"@type":"ListItem","position":1,"name":"In\u00edcio","item":"https:\/\/fex.net.br\/es\/"},{"@type":"ListItem","position":2,"name":"Tienda","item":"https:\/\/fex.net.br\/es\/tienda\/"},{"@type":"ListItem","position":3,"name":"Fueiro Fex Forwarder"}]},{"@type":"WebSite","@id":"https:\/\/fex.net.br\/#website","url":"https:\/\/fex.net.br\/","name":"Fex","description":"Ferro e A\u00e7o","potentialAction":[{"@type":"SearchAction","target":{"@type":"EntryPoint","urlTemplate":"https:\/\/fex.net.br\/?s={search_term_string}"},"query-input":{"@type":"PropertyValueSpecification","valueRequired":true,"valueName":"search_term_string"}}],"inLanguage":"es"}]}},"_links":{"self":[{"href":"https:\/\/fex.net.br\/es\/wp-json\/wp\/v2\/product\/5815","targetHints":{"allow":["GET"]}}],"collection":[{"href":"https:\/\/fex.net.br\/es\/wp-json\/wp\/v2\/product"}],"about":[{"href":"https:\/\/fex.net.br\/es\/wp-json\/wp\/v2\/types\/product"}],"replies":[{"embeddable":true,"href":"https:\/\/fex.net.br\/es\/wp-json\/wp\/v2\/comments?post=5815"}],"wp:featuredmedia":[{"embeddable":true,"href":"https:\/\/fex.net.br\/es\/wp-json\/wp\/v2\/media\/6344"}],"wp:attachment":[{"href":"https:\/\/fex.net.br\/es\/wp-json\/wp\/v2\/media?parent=5815"}],"wp:term":[{"taxonomy":"product_brand","embeddable":true,"href":"https:\/\/fex.net.br\/es\/wp-json\/wp\/v2\/product_brand?post=5815"},{"taxonomy":"product_cat","embeddable":true,"href":"https:\/\/fex.net.br\/es\/wp-json\/wp\/v2\/product_cat?post=5815"},{"taxonomy":"product_tag","embeddable":true,"href":"https:\/\/fex.net.br\/es\/wp-json\/wp\/v2\/product_tag?post=5815"}],"curies":[{"name":"wp","href":"https:\/\/api.w.org\/{rel}","templated":true}]}}