{"id":5813,"date":"2025-10-13T02:59:56","date_gmt":"2025-10-13T02:59:56","guid":{"rendered":"https:\/\/fex.net.br\/produto\/fueiro-fex-r\/"},"modified":"2025-10-13T02:59:56","modified_gmt":"2025-10-13T02:59:56","slug":"fueiro-fex-r","status":"publish","type":"product","link":"https:\/\/fex.net.br\/es\/produto\/fueiro-fex-r\/","title":{"rendered":"Fueiro Fex R"},"content":{"rendered":"<p><iframe src=\"https:\/\/unntech.com.br\/factory\/fex\/FUEIRO_R_SOLDA.html\" width=\"600px\" height=\"600px\"><\/iframe><\/p>\n<h3>DOBLE FIJACI\u00d3N, M\u00c1XIMA VERSATILIDAD<\/h3>\n<p>Tu negocio cambia. Tu puntal debe adaptarse al ritmo. El FUEIRO-R te ofrece la libertad de elegir la mejor manera de integrarse con tu cuerpo:  <\/p>\n<p>Fijaci\u00f3n mediante soldadura: Para instalaci\u00f3n permanente, ofreciendo m\u00e1xima rigidez e integraci\u00f3n estructural.<\/p>\n<p>Fijaci\u00f3n con abrazadera: La soluci\u00f3n perfecta para mayor versatilidad. Permite retirar o ajustar f\u00e1cilmente la posici\u00f3n del montante, adapt\u00e1ndose a diferentes tipos de carga sin complicaciones.<\/p>\n<h3>DESMONTABLE: OPTIMIZACI\u00d3N Y AGILIDAD<\/h3>\n<p>La pluma del FUEIRO-R es desmontable. Esta caracter\u00edstica clave no solo facilita la carga y descarga lateral de materiales largos, sino que tambi\u00e9n permite optimizar el espacio en la caja del cami\u00f3n cuando no se necesita el fueiro, transformando el cami\u00f3n en una plataforma multiusos en minutos. <\/p>\n<p>FUEIRO-R. Es robustez, es flexibilidad, es la tranquilidad que su log\u00edstica de transporte necesita. <\/p>\n<p>\u00a1CONT\u00c1CTENOS HOY Y MEJORE EL NIVEL DE SEGURIDAD Y VERSATILIDAD DE SU FLOTA!<\/p>\n","protected":false},"excerpt":{"rendered":"<h3>FUEIRO-R: La Fuerza y \u200b\u200bFlexibilidad que tu Carga Exige.<\/h3>\n<p>El transporte de carga pesada y voluminosa requiere m\u00e1s que solo asegurarla; requiere una contenci\u00f3n lateral absoluta y fiable. El FUEIRO-R fue dise\u00f1ado para ser la soluci\u00f3n definitiva, combinando capacidad industrial con una versatilidad inigualable para su flota. <\/p>\n<h3>16 TONELADAS DE CONFIANZA TOTAL<\/h3>\n<p>Olv\u00eddese de las preocupaciones por el movimiento de cargas. Con una impresionante capacidad de 16 toneladas, el FUEIRO-R garantiza que troncos, tuber\u00edas, perfiles y cualquier otro material que requiera un soporte elevado permanezcan bien sujetos, lo que aumenta la seguridad de su operaci\u00f3n y previene accidentes y multas por irregularidades. <\/p>\n<p>No se conforme con menos que lo mejor. FueiroFex es la combinaci\u00f3n perfecta de ingenier\u00eda de vanguardia y materias primas de primera calidad, dise\u00f1ada para ofrecer m\u00e1xima resistencia, seguridad y confiabilidad para el transporte de su carga. <\/p>\n<p>Con un innovador proceso de producci\u00f3n, que incluye corte y plegado completamente automatizados, garantizamos una estructura con un m\u00ednimo de soldaduras y uniones. Esto se traduce en una integridad estructural superior y la eliminaci\u00f3n de puntos d\u00e9biles. <\/p>\n","protected":false},"featured_media":5807,"comment_status":"open","ping_status":"closed","template":"","meta":[],"product_brand":[],"product_cat":[260,302,262],"product_tag":[],"class_list":{"0":"post-5813","1":"product","2":"type-product","3":"status-publish","4":"has-post-thumbnail","6":"product_cat-fueiro","7":"product_cat-r","8":"product_cat-silvi","9":"ts_product_brand-estaca-fex","11":"first","12":"instock","13":"shipping-taxable","14":"product-type-simple"},"yoast_head":"<!-- This site is optimized with the Yoast SEO plugin v27.3 - https:\/\/yoast.com\/product\/yoast-seo-wordpress\/ -->\n<title>Fueiro Fex R - Fex<\/title>\n<meta name=\"robots\" content=\"index, follow, max-snippet:-1, max-image-preview:large, max-video-preview:-1\" \/>\n<link rel=\"canonical\" href=\"https:\/\/fex.net.br\/es\/produto\/fueiro-fex-r\/\" \/>\n<meta property=\"og:locale\" content=\"es_ES\" \/>\n<meta property=\"og:type\" content=\"article\" \/>\n<meta property=\"og:title\" content=\"Fueiro Fex R - Fex\" \/>\n<meta property=\"og:description\" content=\"FUEIRO-R: La Fuerza y \u200b\u200bFlexibilidad que tu Carga Exige. El transporte de carga pesada y voluminosa requiere m\u00e1s que solo asegurarla; requiere una contenci\u00f3n lateral absoluta y fiable. El FUEIRO-R fue dise\u00f1ado para ser la soluci\u00f3n definitiva, combinando capacidad industrial con una versatilidad inigualable para su flota. 16 TONELADAS DE CONFIANZA TOTAL Olv\u00eddese de las preocupaciones por el movimiento de cargas. Con una impresionante capacidad de 16 toneladas, el FUEIRO-R garantiza que troncos, tuber\u00edas, perfiles y cualquier otro material que requiera un soporte elevado permanezcan bien sujetos, lo que aumenta la seguridad de su operaci\u00f3n y previene accidentes y multas por irregularidades.  No se conforme con menos que lo mejor. FueiroFex es la combinaci\u00f3n perfecta de ingenier\u00eda de vanguardia y materias primas de primera calidad, dise\u00f1ada para ofrecer m\u00e1xima resistencia, seguridad y confiabilidad para el transporte de su carga.  Con un innovador proceso de producci\u00f3n, que incluye corte y plegado completamente automatizados, garantizamos una estructura con un m\u00ednimo de soldaduras y uniones. Esto se traduce en una integridad estructural superior y la eliminaci\u00f3n de puntos d\u00e9biles.\" \/>\n<meta property=\"og:url\" content=\"https:\/\/fex.net.br\/es\/produto\/fueiro-fex-r\/\" \/>\n<meta property=\"og:site_name\" content=\"Fex\" \/>\n<meta property=\"og:image\" content=\"https:\/\/fex.net.br\/wp-content\/uploads\/2025\/10\/FUEIRO-R-2.png\" \/>\n\t<meta property=\"og:image:width\" content=\"1080\" \/>\n\t<meta property=\"og:image:height\" content=\"1080\" \/>\n\t<meta property=\"og:image:type\" content=\"image\/png\" \/>\n<meta name=\"twitter:card\" content=\"summary_large_image\" \/>\n<meta name=\"twitter:label1\" content=\"Tiempo de lectura\" \/>\n\t<meta name=\"twitter:data1\" content=\"1 minuto\" \/>\n<script type=\"application\/ld+json\" class=\"yoast-schema-graph\">{\"@context\":\"https:\\\/\\\/schema.org\",\"@graph\":[{\"@type\":\"WebPage\",\"@id\":\"https:\\\/\\\/fex.net.br\\\/es\\\/produto\\\/fueiro-fex-r\\\/\",\"url\":\"https:\\\/\\\/fex.net.br\\\/es\\\/produto\\\/fueiro-fex-r\\\/\",\"name\":\"Fueiro Fex R - Fex\",\"isPartOf\":{\"@id\":\"https:\\\/\\\/fex.net.br\\\/#website\"},\"primaryImageOfPage\":{\"@id\":\"https:\\\/\\\/fex.net.br\\\/es\\\/produto\\\/fueiro-fex-r\\\/#primaryimage\"},\"image\":{\"@id\":\"https:\\\/\\\/fex.net.br\\\/es\\\/produto\\\/fueiro-fex-r\\\/#primaryimage\"},\"thumbnailUrl\":\"https:\\\/\\\/fex.net.br\\\/wp-content\\\/uploads\\\/2025\\\/10\\\/FUEIRO-R-2.png\",\"datePublished\":\"2025-10-13T02:59:56+00:00\",\"breadcrumb\":{\"@id\":\"https:\\\/\\\/fex.net.br\\\/es\\\/produto\\\/fueiro-fex-r\\\/#breadcrumb\"},\"inLanguage\":\"es\",\"potentialAction\":[{\"@type\":\"ReadAction\",\"target\":[\"https:\\\/\\\/fex.net.br\\\/es\\\/produto\\\/fueiro-fex-r\\\/\"]}]},{\"@type\":\"ImageObject\",\"inLanguage\":\"es\",\"@id\":\"https:\\\/\\\/fex.net.br\\\/es\\\/produto\\\/fueiro-fex-r\\\/#primaryimage\",\"url\":\"https:\\\/\\\/fex.net.br\\\/wp-content\\\/uploads\\\/2025\\\/10\\\/FUEIRO-R-2.png\",\"contentUrl\":\"https:\\\/\\\/fex.net.br\\\/wp-content\\\/uploads\\\/2025\\\/10\\\/FUEIRO-R-2.png\",\"width\":1080,\"height\":1080},{\"@type\":\"BreadcrumbList\",\"@id\":\"https:\\\/\\\/fex.net.br\\\/es\\\/produto\\\/fueiro-fex-r\\\/#breadcrumb\",\"itemListElement\":[{\"@type\":\"ListItem\",\"position\":1,\"name\":\"In\u00edcio\",\"item\":\"https:\\\/\\\/fex.net.br\\\/es\\\/\"},{\"@type\":\"ListItem\",\"position\":2,\"name\":\"Tienda\",\"item\":\"https:\\\/\\\/fex.net.br\\\/es\\\/tienda\\\/\"},{\"@type\":\"ListItem\",\"position\":3,\"name\":\"Fueiro Fex R\"}]},{\"@type\":\"WebSite\",\"@id\":\"https:\\\/\\\/fex.net.br\\\/#website\",\"url\":\"https:\\\/\\\/fex.net.br\\\/\",\"name\":\"Fex\",\"description\":\"Ferro e A\u00e7o\",\"potentialAction\":[{\"@type\":\"SearchAction\",\"target\":{\"@type\":\"EntryPoint\",\"urlTemplate\":\"https:\\\/\\\/fex.net.br\\\/?s={search_term_string}\"},\"query-input\":{\"@type\":\"PropertyValueSpecification\",\"valueRequired\":true,\"valueName\":\"search_term_string\"}}],\"inLanguage\":\"es\"}]}<\/script>\n<!-- \/ Yoast SEO plugin. -->","yoast_head_json":{"title":"Fueiro Fex R - Fex","robots":{"index":"index","follow":"follow","max-snippet":"max-snippet:-1","max-image-preview":"max-image-preview:large","max-video-preview":"max-video-preview:-1"},"canonical":"https:\/\/fex.net.br\/es\/produto\/fueiro-fex-r\/","og_locale":"es_ES","og_type":"article","og_title":"Fueiro Fex R - Fex","og_description":"FUEIRO-R: La Fuerza y \u200b\u200bFlexibilidad que tu Carga Exige. El transporte de carga pesada y voluminosa requiere m\u00e1s que solo asegurarla; requiere una contenci\u00f3n lateral absoluta y fiable. El FUEIRO-R fue dise\u00f1ado para ser la soluci\u00f3n definitiva, combinando capacidad industrial con una versatilidad inigualable para su flota. 16 TONELADAS DE CONFIANZA TOTAL Olv\u00eddese de las preocupaciones por el movimiento de cargas. Con una impresionante capacidad de 16 toneladas, el FUEIRO-R garantiza que troncos, tuber\u00edas, perfiles y cualquier otro material que requiera un soporte elevado permanezcan bien sujetos, lo que aumenta la seguridad de su operaci\u00f3n y previene accidentes y multas por irregularidades.  No se conforme con menos que lo mejor. FueiroFex es la combinaci\u00f3n perfecta de ingenier\u00eda de vanguardia y materias primas de primera calidad, dise\u00f1ada para ofrecer m\u00e1xima resistencia, seguridad y confiabilidad para el transporte de su carga.  Con un innovador proceso de producci\u00f3n, que incluye corte y plegado completamente automatizados, garantizamos una estructura con un m\u00ednimo de soldaduras y uniones. Esto se traduce en una integridad estructural superior y la eliminaci\u00f3n de puntos d\u00e9biles.","og_url":"https:\/\/fex.net.br\/es\/produto\/fueiro-fex-r\/","og_site_name":"Fex","og_image":[{"width":1080,"height":1080,"url":"https:\/\/fex.net.br\/wp-content\/uploads\/2025\/10\/FUEIRO-R-2.png","type":"image\/png"}],"twitter_card":"summary_large_image","twitter_misc":{"Tiempo de lectura":"1 minuto"},"schema":{"@context":"https:\/\/schema.org","@graph":[{"@type":"WebPage","@id":"https:\/\/fex.net.br\/es\/produto\/fueiro-fex-r\/","url":"https:\/\/fex.net.br\/es\/produto\/fueiro-fex-r\/","name":"Fueiro Fex R - Fex","isPartOf":{"@id":"https:\/\/fex.net.br\/#website"},"primaryImageOfPage":{"@id":"https:\/\/fex.net.br\/es\/produto\/fueiro-fex-r\/#primaryimage"},"image":{"@id":"https:\/\/fex.net.br\/es\/produto\/fueiro-fex-r\/#primaryimage"},"thumbnailUrl":"https:\/\/fex.net.br\/wp-content\/uploads\/2025\/10\/FUEIRO-R-2.png","datePublished":"2025-10-13T02:59:56+00:00","breadcrumb":{"@id":"https:\/\/fex.net.br\/es\/produto\/fueiro-fex-r\/#breadcrumb"},"inLanguage":"es","potentialAction":[{"@type":"ReadAction","target":["https:\/\/fex.net.br\/es\/produto\/fueiro-fex-r\/"]}]},{"@type":"ImageObject","inLanguage":"es","@id":"https:\/\/fex.net.br\/es\/produto\/fueiro-fex-r\/#primaryimage","url":"https:\/\/fex.net.br\/wp-content\/uploads\/2025\/10\/FUEIRO-R-2.png","contentUrl":"https:\/\/fex.net.br\/wp-content\/uploads\/2025\/10\/FUEIRO-R-2.png","width":1080,"height":1080},{"@type":"BreadcrumbList","@id":"https:\/\/fex.net.br\/es\/produto\/fueiro-fex-r\/#breadcrumb","itemListElement":[{"@type":"ListItem","position":1,"name":"In\u00edcio","item":"https:\/\/fex.net.br\/es\/"},{"@type":"ListItem","position":2,"name":"Tienda","item":"https:\/\/fex.net.br\/es\/tienda\/"},{"@type":"ListItem","position":3,"name":"Fueiro Fex R"}]},{"@type":"WebSite","@id":"https:\/\/fex.net.br\/#website","url":"https:\/\/fex.net.br\/","name":"Fex","description":"Ferro e A\u00e7o","potentialAction":[{"@type":"SearchAction","target":{"@type":"EntryPoint","urlTemplate":"https:\/\/fex.net.br\/?s={search_term_string}"},"query-input":{"@type":"PropertyValueSpecification","valueRequired":true,"valueName":"search_term_string"}}],"inLanguage":"es"}]}},"_links":{"self":[{"href":"https:\/\/fex.net.br\/es\/wp-json\/wp\/v2\/product\/5813","targetHints":{"allow":["GET"]}}],"collection":[{"href":"https:\/\/fex.net.br\/es\/wp-json\/wp\/v2\/product"}],"about":[{"href":"https:\/\/fex.net.br\/es\/wp-json\/wp\/v2\/types\/product"}],"replies":[{"embeddable":true,"href":"https:\/\/fex.net.br\/es\/wp-json\/wp\/v2\/comments?post=5813"}],"wp:featuredmedia":[{"embeddable":true,"href":"https:\/\/fex.net.br\/es\/wp-json\/wp\/v2\/media\/5807"}],"wp:attachment":[{"href":"https:\/\/fex.net.br\/es\/wp-json\/wp\/v2\/media?parent=5813"}],"wp:term":[{"taxonomy":"product_brand","embeddable":true,"href":"https:\/\/fex.net.br\/es\/wp-json\/wp\/v2\/product_brand?post=5813"},{"taxonomy":"product_cat","embeddable":true,"href":"https:\/\/fex.net.br\/es\/wp-json\/wp\/v2\/product_cat?post=5813"},{"taxonomy":"product_tag","embeddable":true,"href":"https:\/\/fex.net.br\/es\/wp-json\/wp\/v2\/product_tag?post=5813"}],"curies":[{"name":"wp","href":"https:\/\/api.w.org\/{rel}","templated":true}]}}