{"id":5689,"date":"2025-10-13T03:24:12","date_gmt":"2025-10-13T03:24:12","guid":{"rendered":"https:\/\/fex.net.br\/produto\/disco-para-feller-fex\/"},"modified":"2025-10-13T03:24:12","modified_gmt":"2025-10-13T03:24:12","slug":"disco-para-feller-fex","status":"publish","type":"product","link":"https:\/\/fex.net.br\/es\/produto\/disco-para-feller-fex\/","title":{"rendered":"Disco para Feller Fex"},"content":{"rendered":"","protected":false},"excerpt":{"rendered":"<p>Disco equilibrado con un dise\u00f1o robusto para una mayor vida \u00fatil y un funcionamiento continuo. Con el nuevo equipo de mecanizado que hemos adquirido, este producto es nuestra apuesta para 2025. <\/p>\n<h3>Disco para Feller<\/h3>\n<p>El disco Feller cuenta con un balanceo optimizado y un dise\u00f1o robusto que garantiza una m\u00e1xima vida \u00fatil y operaciones de campo ininterrumpidas. Gracias a la reciente adquisici\u00f3n de nuevos equipos de mecanizado, hemos elevado el est\u00e1ndar de calidad de este componente, convirti\u00e9ndolo en nuestro principal enfoque estrat\u00e9gico para 2025. <\/p>\n","protected":false},"featured_media":5686,"comment_status":"closed","ping_status":"closed","template":"","meta":[],"product_brand":[],"product_cat":[272],"product_tag":[],"class_list":{"0":"post-5689","1":"product","2":"type-product","3":"status-publish","4":"has-post-thumbnail","6":"product_cat-disco-para-talador","7":"ts_product_brand-fex","9":"first","10":"instock","11":"shipping-taxable","12":"product-type-simple"},"yoast_head":"<!-- This site is optimized with the Yoast SEO plugin v27.3 - https:\/\/yoast.com\/product\/yoast-seo-wordpress\/ -->\n<title>Disco para Feller Fex - Fex<\/title>\n<meta name=\"robots\" content=\"index, follow, max-snippet:-1, max-image-preview:large, max-video-preview:-1\" \/>\n<link rel=\"canonical\" href=\"https:\/\/fex.net.br\/produto\/disco-para-feller-fex\/\" \/>\n<meta property=\"og:locale\" content=\"es_ES\" \/>\n<meta property=\"og:type\" content=\"article\" \/>\n<meta property=\"og:title\" content=\"Disco para Feller Fex - Fex\" \/>\n<meta property=\"og:description\" content=\"Disco equilibrado con un dise\u00f1o robusto para una mayor vida \u00fatil y un funcionamiento continuo. Con el nuevo equipo de mecanizado que hemos adquirido, este producto es nuestra apuesta para 2025. Disco para Feller El disco Feller cuenta con un balanceo optimizado y un dise\u00f1o robusto que garantiza una m\u00e1xima vida \u00fatil y operaciones de campo ininterrumpidas. Gracias a la reciente adquisici\u00f3n de nuevos equipos de mecanizado, hemos elevado el est\u00e1ndar de calidad de este componente, convirti\u00e9ndolo en nuestro principal enfoque estrat\u00e9gico para 2025.\" \/>\n<meta property=\"og:url\" content=\"https:\/\/fex.net.br\/produto\/disco-para-feller-fex\/\" \/>\n<meta property=\"og:site_name\" content=\"Fex\" \/>\n<meta property=\"og:image\" content=\"https:\/\/fex.net.br\/wp-content\/uploads\/2025\/10\/DISCO-FELLER.png\" \/>\n\t<meta property=\"og:image:width\" content=\"1080\" \/>\n\t<meta property=\"og:image:height\" content=\"1080\" \/>\n\t<meta property=\"og:image:type\" content=\"image\/png\" \/>\n<meta name=\"twitter:card\" content=\"summary_large_image\" \/>\n<script type=\"application\/ld+json\" class=\"yoast-schema-graph\">{\"@context\":\"https:\\\/\\\/schema.org\",\"@graph\":[{\"@type\":\"WebPage\",\"@id\":\"https:\\\/\\\/fex.net.br\\\/produto\\\/disco-para-feller-fex\\\/\",\"url\":\"https:\\\/\\\/fex.net.br\\\/produto\\\/disco-para-feller-fex\\\/\",\"name\":\"Disco para Feller Fex - Fex\",\"isPartOf\":{\"@id\":\"https:\\\/\\\/fex.net.br\\\/#website\"},\"primaryImageOfPage\":{\"@id\":\"https:\\\/\\\/fex.net.br\\\/produto\\\/disco-para-feller-fex\\\/#primaryimage\"},\"image\":{\"@id\":\"https:\\\/\\\/fex.net.br\\\/produto\\\/disco-para-feller-fex\\\/#primaryimage\"},\"thumbnailUrl\":\"https:\\\/\\\/fex.net.br\\\/wp-content\\\/uploads\\\/2025\\\/10\\\/DISCO-FELLER.png\",\"datePublished\":\"2025-10-13T03:24:12+00:00\",\"breadcrumb\":{\"@id\":\"https:\\\/\\\/fex.net.br\\\/produto\\\/disco-para-feller-fex\\\/#breadcrumb\"},\"inLanguage\":\"es\",\"potentialAction\":[{\"@type\":\"ReadAction\",\"target\":[\"https:\\\/\\\/fex.net.br\\\/produto\\\/disco-para-feller-fex\\\/\"]}]},{\"@type\":\"ImageObject\",\"inLanguage\":\"es\",\"@id\":\"https:\\\/\\\/fex.net.br\\\/produto\\\/disco-para-feller-fex\\\/#primaryimage\",\"url\":\"https:\\\/\\\/fex.net.br\\\/wp-content\\\/uploads\\\/2025\\\/10\\\/DISCO-FELLER.png\",\"contentUrl\":\"https:\\\/\\\/fex.net.br\\\/wp-content\\\/uploads\\\/2025\\\/10\\\/DISCO-FELLER.png\",\"width\":1080,\"height\":1080},{\"@type\":\"BreadcrumbList\",\"@id\":\"https:\\\/\\\/fex.net.br\\\/produto\\\/disco-para-feller-fex\\\/#breadcrumb\",\"itemListElement\":[{\"@type\":\"ListItem\",\"position\":1,\"name\":\"In\u00edcio\",\"item\":\"https:\\\/\\\/fex.net.br\\\/es\\\/\"},{\"@type\":\"ListItem\",\"position\":2,\"name\":\"Tienda\",\"item\":\"https:\\\/\\\/fex.net.br\\\/es\\\/tienda\\\/\"},{\"@type\":\"ListItem\",\"position\":3,\"name\":\"Disco para Feller Fex\"}]},{\"@type\":\"WebSite\",\"@id\":\"https:\\\/\\\/fex.net.br\\\/#website\",\"url\":\"https:\\\/\\\/fex.net.br\\\/\",\"name\":\"Fex\",\"description\":\"Ferro e A\u00e7o\",\"potentialAction\":[{\"@type\":\"SearchAction\",\"target\":{\"@type\":\"EntryPoint\",\"urlTemplate\":\"https:\\\/\\\/fex.net.br\\\/?s={search_term_string}\"},\"query-input\":{\"@type\":\"PropertyValueSpecification\",\"valueRequired\":true,\"valueName\":\"search_term_string\"}}],\"inLanguage\":\"es\"}]}<\/script>\n<!-- \/ Yoast SEO plugin. -->","yoast_head_json":{"title":"Disco para Feller Fex - Fex","robots":{"index":"index","follow":"follow","max-snippet":"max-snippet:-1","max-image-preview":"max-image-preview:large","max-video-preview":"max-video-preview:-1"},"canonical":"https:\/\/fex.net.br\/produto\/disco-para-feller-fex\/","og_locale":"es_ES","og_type":"article","og_title":"Disco para Feller Fex - Fex","og_description":"Disco equilibrado con un dise\u00f1o robusto para una mayor vida \u00fatil y un funcionamiento continuo. Con el nuevo equipo de mecanizado que hemos adquirido, este producto es nuestra apuesta para 2025. Disco para Feller El disco Feller cuenta con un balanceo optimizado y un dise\u00f1o robusto que garantiza una m\u00e1xima vida \u00fatil y operaciones de campo ininterrumpidas. Gracias a la reciente adquisici\u00f3n de nuevos equipos de mecanizado, hemos elevado el est\u00e1ndar de calidad de este componente, convirti\u00e9ndolo en nuestro principal enfoque estrat\u00e9gico para 2025.","og_url":"https:\/\/fex.net.br\/produto\/disco-para-feller-fex\/","og_site_name":"Fex","og_image":[{"width":1080,"height":1080,"url":"https:\/\/fex.net.br\/wp-content\/uploads\/2025\/10\/DISCO-FELLER.png","type":"image\/png"}],"twitter_card":"summary_large_image","schema":{"@context":"https:\/\/schema.org","@graph":[{"@type":"WebPage","@id":"https:\/\/fex.net.br\/produto\/disco-para-feller-fex\/","url":"https:\/\/fex.net.br\/produto\/disco-para-feller-fex\/","name":"Disco para Feller Fex - Fex","isPartOf":{"@id":"https:\/\/fex.net.br\/#website"},"primaryImageOfPage":{"@id":"https:\/\/fex.net.br\/produto\/disco-para-feller-fex\/#primaryimage"},"image":{"@id":"https:\/\/fex.net.br\/produto\/disco-para-feller-fex\/#primaryimage"},"thumbnailUrl":"https:\/\/fex.net.br\/wp-content\/uploads\/2025\/10\/DISCO-FELLER.png","datePublished":"2025-10-13T03:24:12+00:00","breadcrumb":{"@id":"https:\/\/fex.net.br\/produto\/disco-para-feller-fex\/#breadcrumb"},"inLanguage":"es","potentialAction":[{"@type":"ReadAction","target":["https:\/\/fex.net.br\/produto\/disco-para-feller-fex\/"]}]},{"@type":"ImageObject","inLanguage":"es","@id":"https:\/\/fex.net.br\/produto\/disco-para-feller-fex\/#primaryimage","url":"https:\/\/fex.net.br\/wp-content\/uploads\/2025\/10\/DISCO-FELLER.png","contentUrl":"https:\/\/fex.net.br\/wp-content\/uploads\/2025\/10\/DISCO-FELLER.png","width":1080,"height":1080},{"@type":"BreadcrumbList","@id":"https:\/\/fex.net.br\/produto\/disco-para-feller-fex\/#breadcrumb","itemListElement":[{"@type":"ListItem","position":1,"name":"In\u00edcio","item":"https:\/\/fex.net.br\/es\/"},{"@type":"ListItem","position":2,"name":"Tienda","item":"https:\/\/fex.net.br\/es\/tienda\/"},{"@type":"ListItem","position":3,"name":"Disco para Feller Fex"}]},{"@type":"WebSite","@id":"https:\/\/fex.net.br\/#website","url":"https:\/\/fex.net.br\/","name":"Fex","description":"Ferro e A\u00e7o","potentialAction":[{"@type":"SearchAction","target":{"@type":"EntryPoint","urlTemplate":"https:\/\/fex.net.br\/?s={search_term_string}"},"query-input":{"@type":"PropertyValueSpecification","valueRequired":true,"valueName":"search_term_string"}}],"inLanguage":"es"}]}},"_links":{"self":[{"href":"https:\/\/fex.net.br\/es\/wp-json\/wp\/v2\/product\/5689","targetHints":{"allow":["GET"]}}],"collection":[{"href":"https:\/\/fex.net.br\/es\/wp-json\/wp\/v2\/product"}],"about":[{"href":"https:\/\/fex.net.br\/es\/wp-json\/wp\/v2\/types\/product"}],"replies":[{"embeddable":true,"href":"https:\/\/fex.net.br\/es\/wp-json\/wp\/v2\/comments?post=5689"}],"wp:featuredmedia":[{"embeddable":true,"href":"https:\/\/fex.net.br\/es\/wp-json\/wp\/v2\/media\/5686"}],"wp:attachment":[{"href":"https:\/\/fex.net.br\/es\/wp-json\/wp\/v2\/media?parent=5689"}],"wp:term":[{"taxonomy":"product_brand","embeddable":true,"href":"https:\/\/fex.net.br\/es\/wp-json\/wp\/v2\/product_brand?post=5689"},{"taxonomy":"product_cat","embeddable":true,"href":"https:\/\/fex.net.br\/es\/wp-json\/wp\/v2\/product_cat?post=5689"},{"taxonomy":"product_tag","embeddable":true,"href":"https:\/\/fex.net.br\/es\/wp-json\/wp\/v2\/product_tag?post=5689"}],"curies":[{"name":"wp","href":"https:\/\/api.w.org\/{rel}","templated":true}]}}