{"id":5274,"date":"2021-01-17T05:07:15","date_gmt":"2021-01-17T05:07:15","guid":{"rendered":"http:\/\/207.244.250.20\/~fexnetbr\/carrito\/"},"modified":"2025-10-13T14:37:51","modified_gmt":"2025-10-13T14:37:51","slug":"carrito","status":"publish","type":"page","link":"https:\/\/fex.net.br\/es\/carrito\/","title":{"rendered":"Carrito"},"content":{"rendered":"\n<div data-block-name=\"woocommerce\/cart\" class=\"wp-block-woocommerce-cart alignwide is-loading\">\n<div data-block-name=\"woocommerce\/filled-cart-block\" class=\"wp-block-woocommerce-filled-cart-block\">\n<div data-block-name=\"woocommerce\/cart-items-block\" class=\"wp-block-woocommerce-cart-items-block\">\n<div data-block-name=\"woocommerce\/cart-line-items-block\" class=\"wp-block-woocommerce-cart-line-items-block\"><\/div>\n\n\n<\/div>\n\n\n\n\n<div data-block-name=\"woocommerce\/cart-totals-block\" class=\"wp-block-woocommerce-cart-totals-block\">\n<div data-block-name=\"woocommerce\/cart-order-summary-block\" class=\"wp-block-woocommerce-cart-order-summary-block\">\n<div data-block-name=\"woocommerce\/cart-order-summary-heading-block\" class=\"wp-block-woocommerce-cart-order-summary-heading-block\"><\/div><div data-block-name=\"woocommerce\/cart-order-summary-coupon-form-block\" class=\"wp-block-woocommerce-cart-order-summary-coupon-form-block\"><\/div><div data-block-name=\"woocommerce\/cart-order-summary-totals-block\" class=\"wp-block-woocommerce-cart-order-summary-totals-block\">\n<div data-block-name=\"woocommerce\/cart-order-summary-subtotal-block\" class=\"wp-block-woocommerce-cart-order-summary-subtotal-block\"><\/div>\n<div data-block-name=\"woocommerce\/cart-order-summary-discount-block\" class=\"wp-block-woocommerce-cart-order-summary-discount-block\"><\/div>\n<div data-block-name=\"woocommerce\/cart-order-summary-fee-block\" class=\"wp-block-woocommerce-cart-order-summary-fee-block\"><\/div>\n<div data-block-name=\"woocommerce\/cart-order-summary-shipping-block\" class=\"wp-block-woocommerce-cart-order-summary-shipping-block\"><\/div>\n<div data-block-name=\"woocommerce\/cart-order-summary-taxes-block\" class=\"wp-block-woocommerce-cart-order-summary-taxes-block\"><\/div><\/div>\n<\/div>\n\n\n\n<div data-block-name=\"woocommerce\/cart-express-payment-block\" class=\"wp-block-woocommerce-cart-express-payment-block\"><\/div>\n\n\n\n<div data-block-name=\"woocommerce\/proceed-to-checkout-block\" class=\"wp-block-woocommerce-proceed-to-checkout-block\"><\/div>\n\n\n\n<div data-block-name=\"woocommerce\/cart-accepted-payment-methods-block\" class=\"wp-block-woocommerce-cart-accepted-payment-methods-block\"><\/div>\n<\/div>\n<\/div>\n\n\n\n<div data-block-name=\"woocommerce\/empty-cart-block\" class=\"wp-block-woocommerce-empty-cart-block\">\n<h2 class=\"wp-block-heading has-text-align-center with-empty-cart-icon wc-block-cart__empty-cart__title\">\u00a1Tu carrito est\u00e1 actualmente vac\u00edo!<\/h2>\n\n\n\n<hr class=\"wp-block-separator has-alpha-channel-opacity is-style-dots\"\/>\n\n\n\n<h2 class=\"wp-block-heading has-text-align-center\">Nuevo en la tienda<\/h2>\n\n\n<div data-block-name=\"woocommerce\/product-new\" data-columns=\"4\" data-rows=\"1\" class=\"wc-block-grid wp-block-product-new wp-block-woocommerce-product-new wc-block-product-new has-4-columns\"><ul class=\"wc-block-grid__products\"><li class=\"wc-block-grid__product\">\n\t\t\t\t<a href=\"https:\/\/fex.net.br\/es\/produto\/tubos-mecanicos-para-mecanizado-y-fabricacion-de-piezas\/\" class=\"wc-block-grid__product-link\">\n\t\t\t\t\t\n\t\t\t\t\t<div class=\"wc-block-grid__product-image\"><img fetchpriority=\"high\" decoding=\"async\" width=\"480\" height=\"480\" src=\"https:\/\/fex.net.br\/wp-content\/uploads\/2025\/10\/tubo-fex-480x480.jpg\" class=\"attachment-woocommerce_thumbnail size-woocommerce_thumbnail\" alt=\"Tubos mec\u00e1nicos para mecanizado y fabricaci\u00f3n de piezas\" srcset=\"https:\/\/fex.net.br\/wp-content\/uploads\/2025\/10\/tubo-fex-480x480.jpg 480w, https:\/\/fex.net.br\/wp-content\/uploads\/2025\/10\/tubo-fex-100x100.jpg 100w, https:\/\/fex.net.br\/wp-content\/uploads\/2025\/10\/tubo-fex-630x630.jpg 630w, https:\/\/fex.net.br\/wp-content\/uploads\/2025\/10\/tubo-fex-300x300.jpg 300w, https:\/\/fex.net.br\/wp-content\/uploads\/2025\/10\/tubo-fex-1024x1024.jpg 1024w, https:\/\/fex.net.br\/wp-content\/uploads\/2025\/10\/tubo-fex-150x150.jpg 150w, https:\/\/fex.net.br\/wp-content\/uploads\/2025\/10\/tubo-fex-768x768.jpg 768w, https:\/\/fex.net.br\/wp-content\/uploads\/2025\/10\/tubo-fex-120x120.jpg 120w, https:\/\/fex.net.br\/wp-content\/uploads\/2025\/10\/tubo-fex-46x46.jpg 46w, https:\/\/fex.net.br\/wp-content\/uploads\/2025\/10\/tubo-fex-54x54.jpg 54w, https:\/\/fex.net.br\/wp-content\/uploads\/2025\/10\/tubo-fex-310x310.jpg 310w, https:\/\/fex.net.br\/wp-content\/uploads\/2025\/10\/tubo-fex-80x80.jpg 80w, https:\/\/fex.net.br\/wp-content\/uploads\/2025\/10\/tubo-fex.jpg 1080w\" sizes=\"(max-width: 480px) 100vw, 480px\" \/><\/div>\n\t\t\t\t\t<div class=\"wc-block-grid__product-title\">Tubos mec\u00e1nicos para mecanizado y fabricaci\u00f3n de piezas<\/div>\n\t\t\t\t<\/a>\n\t\t\t\t<div class=\"wc-block-grid__product-price price\"><\/div>\n\t\t\t\t\n\t\t\t\t<div class=\"wp-block-button wc-block-grid__product-add-to-cart\"><a href=\"https:\/\/fex.net.br\/es\/produto\/tubos-mecanicos-para-mecanizado-y-fabricacion-de-piezas\/\" aria-label=\"Lee m\u00e1s sobre &ldquo;Tubos mec\u00e1nicos para mecanizado y fabricaci\u00f3n de piezas&rdquo;\" data-quantity=\"1\" data-product_id=\"5897\" data-product_sku=\"\" data-price=\"0\" rel=\"nofollow\" class=\"wp-block-button__link  add_to_cart_button\">Leer m\u00e1s<\/a><\/div>\n\t\t\t<\/li><li class=\"wc-block-grid__product\">\n\t\t\t\t<a href=\"https:\/\/fex.net.br\/es\/produto\/ferro-fundido-nodular-redondo\/\" class=\"wc-block-grid__product-link\">\n\t\t\t\t\t\n\t\t\t\t\t<div class=\"wc-block-grid__product-image\"><img decoding=\"async\" width=\"480\" height=\"480\" src=\"https:\/\/fex.net.br\/wp-content\/uploads\/2025\/10\/ferro-fundido-fex-480x480.jpg\" class=\"attachment-woocommerce_thumbnail size-woocommerce_thumbnail\" alt=\"Ferro Fundido Nodular Redondo\" srcset=\"https:\/\/fex.net.br\/wp-content\/uploads\/2025\/10\/ferro-fundido-fex-480x480.jpg 480w, https:\/\/fex.net.br\/wp-content\/uploads\/2025\/10\/ferro-fundido-fex-100x100.jpg 100w, https:\/\/fex.net.br\/wp-content\/uploads\/2025\/10\/ferro-fundido-fex-630x630.jpg 630w, https:\/\/fex.net.br\/wp-content\/uploads\/2025\/10\/ferro-fundido-fex-300x300.jpg 300w, https:\/\/fex.net.br\/wp-content\/uploads\/2025\/10\/ferro-fundido-fex-1024x1024.jpg 1024w, https:\/\/fex.net.br\/wp-content\/uploads\/2025\/10\/ferro-fundido-fex-150x150.jpg 150w, https:\/\/fex.net.br\/wp-content\/uploads\/2025\/10\/ferro-fundido-fex-768x768.jpg 768w, https:\/\/fex.net.br\/wp-content\/uploads\/2025\/10\/ferro-fundido-fex-120x120.jpg 120w, https:\/\/fex.net.br\/wp-content\/uploads\/2025\/10\/ferro-fundido-fex-46x46.jpg 46w, https:\/\/fex.net.br\/wp-content\/uploads\/2025\/10\/ferro-fundido-fex-54x54.jpg 54w, https:\/\/fex.net.br\/wp-content\/uploads\/2025\/10\/ferro-fundido-fex-310x310.jpg 310w, https:\/\/fex.net.br\/wp-content\/uploads\/2025\/10\/ferro-fundido-fex-80x80.jpg 80w, https:\/\/fex.net.br\/wp-content\/uploads\/2025\/10\/ferro-fundido-fex.jpg 1080w\" sizes=\"(max-width: 480px) 100vw, 480px\" \/><\/div>\n\t\t\t\t\t<div class=\"wc-block-grid__product-title\">Ferro Fundido Nodular Redondo<\/div>\n\t\t\t\t<\/a>\n\t\t\t\t<div class=\"wc-block-grid__product-price price\"><\/div>\n\t\t\t\t\n\t\t\t\t<div class=\"wp-block-button wc-block-grid__product-add-to-cart\"><a href=\"https:\/\/fex.net.br\/es\/produto\/ferro-fundido-nodular-redondo\/\" aria-label=\"Lee m\u00e1s sobre &ldquo;Ferro Fundido Nodular Redondo&rdquo;\" data-quantity=\"1\" data-product_id=\"5896\" data-product_sku=\"\" data-price=\"0\" rel=\"nofollow\" class=\"wp-block-button__link  add_to_cart_button\">Leer m\u00e1s<\/a><\/div>\n\t\t\t<\/li><li class=\"wc-block-grid__product\">\n\t\t\t\t<a href=\"https:\/\/fex.net.br\/es\/produto\/plancha-de-perfil-rectangular\/\" class=\"wc-block-grid__product-link\">\n\t\t\t\t\t\n\t\t\t\t\t<div class=\"wc-block-grid__product-image\"><img decoding=\"async\" width=\"480\" height=\"480\" src=\"https:\/\/fex.net.br\/wp-content\/uploads\/2025\/10\/ferro-chato-fex-480x480.jpg\" class=\"attachment-woocommerce_thumbnail size-woocommerce_thumbnail\" alt=\"Plancha de perfil rectangular\" srcset=\"https:\/\/fex.net.br\/wp-content\/uploads\/2025\/10\/ferro-chato-fex-480x480.jpg 480w, https:\/\/fex.net.br\/wp-content\/uploads\/2025\/10\/ferro-chato-fex-100x100.jpg 100w, https:\/\/fex.net.br\/wp-content\/uploads\/2025\/10\/ferro-chato-fex-630x630.jpg 630w, https:\/\/fex.net.br\/wp-content\/uploads\/2025\/10\/ferro-chato-fex-300x300.jpg 300w, https:\/\/fex.net.br\/wp-content\/uploads\/2025\/10\/ferro-chato-fex-1024x1024.jpg 1024w, https:\/\/fex.net.br\/wp-content\/uploads\/2025\/10\/ferro-chato-fex-150x150.jpg 150w, https:\/\/fex.net.br\/wp-content\/uploads\/2025\/10\/ferro-chato-fex-768x768.jpg 768w, https:\/\/fex.net.br\/wp-content\/uploads\/2025\/10\/ferro-chato-fex-120x120.jpg 120w, https:\/\/fex.net.br\/wp-content\/uploads\/2025\/10\/ferro-chato-fex-46x46.jpg 46w, https:\/\/fex.net.br\/wp-content\/uploads\/2025\/10\/ferro-chato-fex-54x54.jpg 54w, https:\/\/fex.net.br\/wp-content\/uploads\/2025\/10\/ferro-chato-fex-310x310.jpg 310w, https:\/\/fex.net.br\/wp-content\/uploads\/2025\/10\/ferro-chato-fex-80x80.jpg 80w, https:\/\/fex.net.br\/wp-content\/uploads\/2025\/10\/ferro-chato-fex.jpg 1080w\" sizes=\"(max-width: 480px) 100vw, 480px\" \/><\/div>\n\t\t\t\t\t<div class=\"wc-block-grid__product-title\">Plancha de perfil rectangular<\/div>\n\t\t\t\t<\/a>\n\t\t\t\t<div class=\"wc-block-grid__product-price price\"><\/div>\n\t\t\t\t\n\t\t\t\t<div class=\"wp-block-button wc-block-grid__product-add-to-cart\"><a href=\"https:\/\/fex.net.br\/es\/produto\/plancha-de-perfil-rectangular\/\" aria-label=\"Lee m\u00e1s sobre &ldquo;Plancha de perfil rectangular&rdquo;\" data-quantity=\"1\" data-product_id=\"5895\" data-product_sku=\"\" data-price=\"0\" rel=\"nofollow\" class=\"wp-block-button__link  add_to_cart_button\">Leer m\u00e1s<\/a><\/div>\n\t\t\t<\/li><li class=\"wc-block-grid__product\">\n\t\t\t\t<a href=\"https:\/\/fex.net.br\/es\/produto\/soportes-de-esquina-perfil-l\/\" class=\"wc-block-grid__product-link\">\n\t\t\t\t\t\n\t\t\t\t\t<div class=\"wc-block-grid__product-image\"><img loading=\"lazy\" decoding=\"async\" width=\"480\" height=\"480\" src=\"https:\/\/fex.net.br\/wp-content\/uploads\/2025\/10\/cantoneira-fex-480x480.jpg\" class=\"attachment-woocommerce_thumbnail size-woocommerce_thumbnail\" alt=\"Soportes de esquina - Perfil L\" srcset=\"https:\/\/fex.net.br\/wp-content\/uploads\/2025\/10\/cantoneira-fex-480x480.jpg 480w, https:\/\/fex.net.br\/wp-content\/uploads\/2025\/10\/cantoneira-fex-100x100.jpg 100w, https:\/\/fex.net.br\/wp-content\/uploads\/2025\/10\/cantoneira-fex-630x630.jpg 630w, https:\/\/fex.net.br\/wp-content\/uploads\/2025\/10\/cantoneira-fex-300x300.jpg 300w, https:\/\/fex.net.br\/wp-content\/uploads\/2025\/10\/cantoneira-fex-1024x1024.jpg 1024w, https:\/\/fex.net.br\/wp-content\/uploads\/2025\/10\/cantoneira-fex-150x150.jpg 150w, https:\/\/fex.net.br\/wp-content\/uploads\/2025\/10\/cantoneira-fex-768x768.jpg 768w, https:\/\/fex.net.br\/wp-content\/uploads\/2025\/10\/cantoneira-fex-120x120.jpg 120w, https:\/\/fex.net.br\/wp-content\/uploads\/2025\/10\/cantoneira-fex-46x46.jpg 46w, https:\/\/fex.net.br\/wp-content\/uploads\/2025\/10\/cantoneira-fex-54x54.jpg 54w, https:\/\/fex.net.br\/wp-content\/uploads\/2025\/10\/cantoneira-fex-310x310.jpg 310w, https:\/\/fex.net.br\/wp-content\/uploads\/2025\/10\/cantoneira-fex-80x80.jpg 80w, https:\/\/fex.net.br\/wp-content\/uploads\/2025\/10\/cantoneira-fex.jpg 1080w\" sizes=\"(max-width: 480px) 100vw, 480px\" \/><\/div>\n\t\t\t\t\t<div class=\"wc-block-grid__product-title\">Soportes de esquina &#8211; Perfil L<\/div>\n\t\t\t\t<\/a>\n\t\t\t\t<div class=\"wc-block-grid__product-price price\"><\/div>\n\t\t\t\t\n\t\t\t\t<div class=\"wp-block-button wc-block-grid__product-add-to-cart\"><a href=\"https:\/\/fex.net.br\/es\/produto\/soportes-de-esquina-perfil-l\/\" aria-label=\"Lee m\u00e1s sobre &ldquo;Soportes de esquina - Perfil L&rdquo;\" data-quantity=\"1\" data-product_id=\"5894\" data-product_sku=\"\" data-price=\"0\" rel=\"nofollow\" class=\"wp-block-button__link  add_to_cart_button\">Leer m\u00e1s<\/a><\/div>\n\t\t\t<\/li><\/ul><\/div><\/div>\n<\/div>\n","protected":false},"excerpt":{"rendered":"","protected":false},"author":1,"featured_media":0,"parent":0,"menu_order":0,"comment_status":"closed","ping_status":"closed","template":"","meta":{"footnotes":""},"class_list":["post-5274","page","type-page","status-publish","hentry"],"yoast_head":"<!-- This site is optimized with the Yoast SEO plugin v27.3 - https:\/\/yoast.com\/product\/yoast-seo-wordpress\/ -->\n<title>Carrito - Fex<\/title>\n<meta name=\"robots\" content=\"index, follow, max-snippet:-1, max-image-preview:large, max-video-preview:-1\" \/>\n<link rel=\"canonical\" href=\"https:\/\/fex.net.br\/cart\/\" \/>\n<meta property=\"og:locale\" content=\"es_ES\" \/>\n<meta property=\"og:type\" content=\"article\" \/>\n<meta property=\"og:title\" content=\"Carrito - Fex\" \/>\n<meta property=\"og:url\" content=\"https:\/\/fex.net.br\/cart\/\" \/>\n<meta property=\"og:site_name\" content=\"Fex\" \/>\n<meta property=\"article:modified_time\" content=\"2025-10-13T14:37:51+00:00\" \/>\n<meta name=\"twitter:card\" content=\"summary_large_image\" \/>\n<script type=\"application\/ld+json\" class=\"yoast-schema-graph\">{\"@context\":\"https:\\\/\\\/schema.org\",\"@graph\":[{\"@type\":\"WebPage\",\"@id\":\"https:\\\/\\\/fex.net.br\\\/cart\\\/\",\"url\":\"https:\\\/\\\/fex.net.br\\\/cart\\\/\",\"name\":\"Carrito - Fex\",\"isPartOf\":{\"@id\":\"https:\\\/\\\/fex.net.br\\\/#website\"},\"datePublished\":\"2021-01-17T05:07:15+00:00\",\"dateModified\":\"2025-10-13T14:37:51+00:00\",\"breadcrumb\":{\"@id\":\"https:\\\/\\\/fex.net.br\\\/cart\\\/#breadcrumb\"},\"inLanguage\":\"es\",\"potentialAction\":[{\"@type\":\"ReadAction\",\"target\":[\"https:\\\/\\\/fex.net.br\\\/cart\\\/\"]}]},{\"@type\":\"BreadcrumbList\",\"@id\":\"https:\\\/\\\/fex.net.br\\\/cart\\\/#breadcrumb\",\"itemListElement\":[{\"@type\":\"ListItem\",\"position\":1,\"name\":\"In\u00edcio\",\"item\":\"https:\\\/\\\/fex.net.br\\\/es\\\/\"},{\"@type\":\"ListItem\",\"position\":2,\"name\":\"Carrito\"}]},{\"@type\":\"WebSite\",\"@id\":\"https:\\\/\\\/fex.net.br\\\/#website\",\"url\":\"https:\\\/\\\/fex.net.br\\\/\",\"name\":\"Fex\",\"description\":\"Ferro e A\u00e7o\",\"potentialAction\":[{\"@type\":\"SearchAction\",\"target\":{\"@type\":\"EntryPoint\",\"urlTemplate\":\"https:\\\/\\\/fex.net.br\\\/?s={search_term_string}\"},\"query-input\":{\"@type\":\"PropertyValueSpecification\",\"valueRequired\":true,\"valueName\":\"search_term_string\"}}],\"inLanguage\":\"es\"}]}<\/script>\n<!-- \/ Yoast SEO plugin. -->","yoast_head_json":{"title":"Carrito - Fex","robots":{"index":"index","follow":"follow","max-snippet":"max-snippet:-1","max-image-preview":"max-image-preview:large","max-video-preview":"max-video-preview:-1"},"canonical":"https:\/\/fex.net.br\/cart\/","og_locale":"es_ES","og_type":"article","og_title":"Carrito - Fex","og_url":"https:\/\/fex.net.br\/cart\/","og_site_name":"Fex","article_modified_time":"2025-10-13T14:37:51+00:00","twitter_card":"summary_large_image","schema":{"@context":"https:\/\/schema.org","@graph":[{"@type":"WebPage","@id":"https:\/\/fex.net.br\/cart\/","url":"https:\/\/fex.net.br\/cart\/","name":"Carrito - Fex","isPartOf":{"@id":"https:\/\/fex.net.br\/#website"},"datePublished":"2021-01-17T05:07:15+00:00","dateModified":"2025-10-13T14:37:51+00:00","breadcrumb":{"@id":"https:\/\/fex.net.br\/cart\/#breadcrumb"},"inLanguage":"es","potentialAction":[{"@type":"ReadAction","target":["https:\/\/fex.net.br\/cart\/"]}]},{"@type":"BreadcrumbList","@id":"https:\/\/fex.net.br\/cart\/#breadcrumb","itemListElement":[{"@type":"ListItem","position":1,"name":"In\u00edcio","item":"https:\/\/fex.net.br\/es\/"},{"@type":"ListItem","position":2,"name":"Carrito"}]},{"@type":"WebSite","@id":"https:\/\/fex.net.br\/#website","url":"https:\/\/fex.net.br\/","name":"Fex","description":"Ferro e A\u00e7o","potentialAction":[{"@type":"SearchAction","target":{"@type":"EntryPoint","urlTemplate":"https:\/\/fex.net.br\/?s={search_term_string}"},"query-input":{"@type":"PropertyValueSpecification","valueRequired":true,"valueName":"search_term_string"}}],"inLanguage":"es"}]}},"_links":{"self":[{"href":"https:\/\/fex.net.br\/es\/wp-json\/wp\/v2\/pages\/5274","targetHints":{"allow":["GET"]}}],"collection":[{"href":"https:\/\/fex.net.br\/es\/wp-json\/wp\/v2\/pages"}],"about":[{"href":"https:\/\/fex.net.br\/es\/wp-json\/wp\/v2\/types\/page"}],"author":[{"embeddable":true,"href":"https:\/\/fex.net.br\/es\/wp-json\/wp\/v2\/users\/1"}],"replies":[{"embeddable":true,"href":"https:\/\/fex.net.br\/es\/wp-json\/wp\/v2\/comments?post=5274"}],"version-history":[{"count":0,"href":"https:\/\/fex.net.br\/es\/wp-json\/wp\/v2\/pages\/5274\/revisions"}],"wp:attachment":[{"href":"https:\/\/fex.net.br\/es\/wp-json\/wp\/v2\/media?parent=5274"}],"curies":[{"name":"wp","href":"https:\/\/api.w.org\/{rel}","templated":true}]}}